{"id":4078,"date":"2024-08-29T14:09:03","date_gmt":"2024-08-29T12:09:03","guid":{"rendered":"https:\/\/amazingmarket.ee\/?post_type=product&#038;p=4078"},"modified":"2026-03-14T11:15:28","modified_gmt":"2026-03-14T09:15:28","slug":"delonghi-roto-fry-f28533-w1-rotofritteuse","status":"publish","type":"product","link":"https:\/\/amazingmarket.ee\/et\/toode\/delonghi-roto-fry-f28533-w1-rotofritteuse\/","title":{"rendered":"De&#039;Longhi Roto-Fry F28533.W1 Rotofritteuse"},"content":{"rendered":"<h1 class=\"a-size-base-plus a-text-bold\">Selle \u00fcksuse kohta<\/h1>\n<ul class=\"a-unordered-list a-vertical a-spacing-mini\">\n<li class=\"a-spacing-mini\"><span class=\"a-list-item\">Eksklusiivsed Roto-Fry-System: Schr\u00e4g eingeh\u00e4ngter, rotierender Frittierkorb f\u00fcr 50% weniger \u00d6l<\/span><\/li>\n<li class=\"a-spacing-mini\"><span class=\"a-list-item\">Herausnehmbare Frittiersch\u00fcssel (sp\u00fclmaschinenfest)<\/span><\/li>\n<li class=\"a-spacing-mini\"><span class=\"a-list-item\">V\u00f5imsus: 1,800 vatti<\/span><\/li>\n<li class=\"a-spacing-mini\"><span class=\"a-list-item\">Regulierbareri termostaat (150 \u00b0C kuni 190 \u00b0C)<\/span><\/li>\n<li class=\"a-spacing-mini\"><span class=\"a-list-item\">Auswechselbare&#039;i filter (Geruchs- und Fettdunstfilter)<\/span><\/li>\n<li class=\"a-spacing-mini\"><span class=\"a-list-item\">W\u00e4rme isolierende Cool-Touch-Au\u00dfenw\u00e4nde<\/span><\/li>\n<li class=\"a-spacing-mini\"><span class=\"a-list-item\">Antihaft-Beschichtung<\/span><\/li>\n<li class=\"a-spacing-mini\"><span class=\"a-list-item\">Panoraam-Sichtfenster<\/span><\/li>\n<\/ul>","protected":false},"excerpt":{"rendered":"<div class=\"a-row\">\n<div class=\"a-column a-span6\">\n<h1 class=\"a-size-medium a-spacing-small\">Tehnilised \u00fcksikasjad<\/h1>\n<\/div>\n<\/div>\n<div class=\"a-expander-content a-expander-extend-content\" data-expanded=\"true\">\n<div class=\"a-row a-expander-container a-expander-inline-container\">\n<div class=\"a-expander-content a-expander-section-content a-section-expander-inner\" data-expanded=\"true\">\n<table id=\"productDetails_techSpec_section_1\" class=\"a-keyvalue prodDetTable\" role=\"presentation\">\n<tbody>\n<tr>\n<th class=\"a-color-secondary a-size-base prodDetSectionEntry\">Kaubam\u00e4rk<\/th>\n<td class=\"a-size-base prodDetAttrValue\">De&#039;Longhi<\/td>\n<\/tr>\n<tr>\n<th class=\"a-color-secondary a-size-base prodDetSectionEntry\">Mudeli number<\/th>\n<td class=\"a-size-base prodDetAttrValue\">\u200e125503715<\/td>\n<\/tr>\n<tr>\n<th class=\"a-color-secondary a-size-base prodDetSectionEntry\">V\u00e4rv<\/th>\n<td class=\"a-size-base prodDetAttrValue\">Wei\u00df<\/td>\n<\/tr>\n<tr>\n<th class=\"a-color-secondary a-size-base prodDetSectionEntry\">Toote m\u00f5\u00f5tmed<\/th>\n<td class=\"a-size-base prodDetAttrValue\">\u200e30,99 x 35,99 x 24 cm; 5,53 kg<\/td>\n<\/tr>\n<tr>\n<th class=\"a-color-secondary a-size-base prodDetSectionEntry\">Mahutavus<\/th>\n<td class=\"a-size-base prodDetAttrValue\">1 kilogrammi<\/td>\n<\/tr>\n<tr>\n<th class=\"a-color-secondary a-size-base prodDetSectionEntry\">Helitugevus<\/th>\n<td class=\"a-size-base prodDetAttrValue\">1,3 liitrit<\/td>\n<\/tr>\n<tr>\n<th class=\"a-color-secondary a-size-base prodDetSectionEntry\">V\u00f5imsus \/ vatt<\/th>\n<td class=\"a-size-base prodDetAttrValue\">1800 vatti<\/td>\n<\/tr>\n<tr>\n<th class=\"a-color-secondary a-size-base prodDetSectionEntry\">Pinge<\/th>\n<td class=\"a-size-base prodDetAttrValue\">230 volti<\/td>\n<\/tr>\n<tr>\n<th class=\"a-color-secondary a-size-base prodDetSectionEntry\">Materjal<\/th>\n<td class=\"a-size-base prodDetAttrValue\">Kunststoff<\/td>\n<\/tr>\n<tr>\n<th class=\"a-color-secondary a-size-base prodDetSectionEntry\">Automaatne v\u00e4ljal\u00fclitus<\/th>\n<td class=\"a-size-base prodDetAttrValue\">Ei<\/td>\n<\/tr>\n<tr>\n<th class=\"a-color-secondary a-size-base prodDetSectionEntry\">Energiat\u00f5hususe klass<\/th>\n<td class=\"a-size-base prodDetAttrValue\">A kuni G<\/td>\n<\/tr>\n<tr>\n<th class=\"a-color-secondary a-size-base prodDetSectionEntry\">Aastane energiatarbimine<\/th>\n<td class=\"a-size-base prodDetAttrValue\">5 vatti<\/td>\n<\/tr>\n<tr>\n<th class=\"a-color-secondary a-size-base prodDetSectionEntry\">M\u00fcra tase<\/th>\n<td class=\"a-size-base prodDetAttrValue\">1 dB<\/td>\n<\/tr>\n<tr>\n<th class=\"a-color-secondary a-size-base prodDetSectionEntry\">Eriomadused<\/th>\n<td class=\"a-size-base prodDetAttrValue\">\u200ew\u00e4rmeisoliert, abnehmbarer \u00d6lbeh\u00e4lter<\/td>\n<\/tr>\n<tr>\n<th class=\"a-color-secondary a-size-base prodDetSectionEntry\">Kauba kaal<\/th>\n<td class=\"a-size-base prodDetAttrValue\">5,53 kilogrammi<\/td>\n<\/tr>\n<\/tbody>\n<\/table>\n<\/div>\n<\/div>\n<\/div>","protected":false},"featured_media":4082,"comment_status":"open","ping_status":"closed","template":"","meta":{"_monsterinsights_skip_tracking":false,"_monsterinsights_sitenote_active":false,"_monsterinsights_sitenote_note":"","_monsterinsights_sitenote_category":0,"jetpack_publicize_message":"","jetpack_publicize_feature_enabled":true,"jetpack_social_post_already_shared":false,"jetpack_social_options":{"image_generator_settings":{"template":"highway","default_image_id":0,"font":"","enabled":false},"version":2}},"product_brand":[],"product_cat":[71],"product_tag":[],"class_list":{"0":"post-4078","1":"product","2":"type-product","3":"status-publish","4":"has-post-thumbnail","6":"product_cat-airfryers","8":"first","9":"instock","10":"sale","11":"shipping-taxable","12":"purchasable","13":"product-type-simple"},"aioseo_notices":[],"jetpack_publicize_connections":[],"jetpack_sharing_enabled":true,"_links":{"self":[{"href":"https:\/\/amazingmarket.ee\/et\/wp-json\/wp\/v2\/product\/4078","targetHints":{"allow":["GET"]}}],"collection":[{"href":"https:\/\/amazingmarket.ee\/et\/wp-json\/wp\/v2\/product"}],"about":[{"href":"https:\/\/amazingmarket.ee\/et\/wp-json\/wp\/v2\/types\/product"}],"replies":[{"embeddable":true,"href":"https:\/\/amazingmarket.ee\/et\/wp-json\/wp\/v2\/comments?post=4078"}],"wp:featuredmedia":[{"embeddable":true,"href":"https:\/\/amazingmarket.ee\/et\/wp-json\/wp\/v2\/media\/4082"}],"wp:attachment":[{"href":"https:\/\/amazingmarket.ee\/et\/wp-json\/wp\/v2\/media?parent=4078"}],"wp:term":[{"taxonomy":"product_brand","embeddable":true,"href":"https:\/\/amazingmarket.ee\/et\/wp-json\/wp\/v2\/product_brand?post=4078"},{"taxonomy":"product_cat","embeddable":true,"href":"https:\/\/amazingmarket.ee\/et\/wp-json\/wp\/v2\/product_cat?post=4078"},{"taxonomy":"product_tag","embeddable":true,"href":"https:\/\/amazingmarket.ee\/et\/wp-json\/wp\/v2\/product_tag?post=4078"}],"curies":[{"name":"wp","href":"https:\/\/api.w.org\/{rel}","templated":true}]}}