{"id":3913,"date":"2024-08-05T19:34:58","date_gmt":"2024-08-05T17:34:58","guid":{"rendered":"https:\/\/amazingmarket.ee\/?post_type=product&#038;p=3913"},"modified":"2026-03-14T11:15:29","modified_gmt":"2026-03-14T09:15:29","slug":"ninja-foodi-four-multifonction-8-in-1-10l","status":"publish","type":"product","link":"https:\/\/amazingmarket.ee\/et\/toode\/ninja-foodi-four-multifonction-8-in-1-10l\/","title":{"rendered":"Ninja Foodi nelja multifunktsionaalse 8-\u00fches 10L"},"content":{"rendered":"<p><strong><span style=\"font-size: 150%;\">V\u00c4HE KASUTATUD, HEAS KORRAS<\/span><\/strong><\/p>\n<ul class=\"a-unordered-list a-vertical a-spacing-mini\">\n<li class=\"a-spacing-mini\"><span class=\"a-list-item\">PERETOIT 20 MINUTIGA: k\u00fcpsetab kuni 50% kiiremini kui ventilaatorahjud*. M\u00f5eldud k\u00fcpsetiste jaoks. Mahutab 12-tollise pitsa, 1 kg friikartuleid v\u00f5i 6 viilu r\u00f6stsaia. (*Testitud vorstide ja kalas\u00f5rmede vastu.)<\/span><\/li>\n<li class=\"a-spacing-mini\"><span class=\"a-list-item\">ROHKEM KUI MINIAHJU; Nautige piiramatuid toiduvalikuid 8 kohandatava toiduvalmistamisfunktsiooniga \u2013 \u00f5hu k\u00e4es praadimine, r\u00f6stimine, grillimine, k\u00fcpsetamine, deh\u00fcdratsioon, soojendamine, r\u00f6stimine ja kotlet.<\/span><\/li>\n<li class=\"a-spacing-mini\"><span class=\"a-list-item\">AIR FRY: Kuni 75% v\u00e4hem rasva kui traditsioonilised praadimismeetodid (testitud k\u00e4sitsi l\u00f5igatud, friteeritud friikartulite suhtes).<\/span><\/li>\n<li class=\"a-spacing-mini\"><span class=\"a-list-item\">V\u00d5TKE V\u00c4LJA T\u00d6\u00d6LEHT: Kompaktseks hoiustamiseks ja lihtsaks puhastamiseks keeratakse \u00fcles ja \u00e4ra. Hoidke k\u00fclili, et v\u00f5tta 50% v\u00e4hem ruumi.<\/span><\/li>\n<li class=\"a-spacing-mini\"><span class=\"a-list-item\">KAASA Ninja Foodi 8-\u00fches multifunktsionaalne ahi (UK pistik), traatrest, k\u00fcpsetusplaat, \u00f5hupraadimiskorv ja retseptijuhend. V\u00e4rvus: h\u00f5be\/must.<\/span><\/li>\n<li class=\"a-spacing-mini\"><span class=\"a-list-item\">M\u00d5\u00d5DUD: K19,5 x L51 x D37 cm. Sobib kuni 5 cm k\u00f5rgusele toidule ja n\u00f5udele. Kaal: 8,5 kg. Ninjas registreerimisel kehtib 2-aastane garantii (ainult \u00dchendkuningriik ja ROI).<\/span><\/li>\n<\/ul>","protected":false},"excerpt":{"rendered":"<div class=\"a-row\">\n<div class=\"a-column a-span6\">\n<h1 class=\"a-size-medium a-spacing-small\">Tehnilised \u00fcksikasjad<\/h1>\n<\/div>\n<\/div>\n<div class=\"a-expander-content a-expander-extend-content\" data-expanded=\"true\">\n<div class=\"a-row a-expander-container a-expander-inline-container\">\n<div class=\"a-expander-content a-expander-section-content a-section-expander-inner\" data-expanded=\"true\">\n<table id=\"productDetails_techSpec_section_1\" class=\"a-keyvalue prodDetTable\" role=\"presentation\">\n<tbody>\n<tr>\n<th class=\"a-color-secondary a-size-base prodDetSectionEntry\">Kaubam\u00e4rk<\/th>\n<td class=\"a-size-base prodDetAttrValue\">Ninja<\/td>\n<\/tr>\n<tr>\n<th class=\"a-color-secondary a-size-base prodDetSectionEntry\">Mudeli number<\/th>\n<td class=\"a-size-base prodDetAttrValue\">SP101UK<\/td>\n<\/tr>\n<tr>\n<th class=\"a-color-secondary a-size-base prodDetSectionEntry\">V\u00e4rv<\/th>\n<td class=\"a-size-base prodDetAttrValue\">H\u00f5bedane<\/td>\n<\/tr>\n<tr>\n<th class=\"a-color-secondary a-size-base prodDetSectionEntry\">Toote m\u00f5\u00f5tmed<\/th>\n<td class=\"a-size-base prodDetAttrValue\">50,1 x 38 x 19,2 cm; 8,5 kg<\/td>\n<\/tr>\n<tr>\n<th class=\"a-color-secondary a-size-base prodDetSectionEntry\">Eriomadused<\/th>\n<td class=\"a-size-base prodDetAttrValue\">8 k\u00fcpsetusfunktsiooni, \u00f5hu k\u00e4es praadimine, r\u00f6st, terve praad, grill, k\u00fcpsetamine, pitsa, ruumis\u00e4\u00e4stlik, suur v\u00f5imsus<\/td>\n<\/tr>\n<tr>\n<th class=\"a-color-secondary a-size-base prodDetSectionEntry\">Kauba kaal<\/th>\n<td class=\"a-size-base prodDetAttrValue\">8,5 kg<\/td>\n<\/tr>\n<\/tbody>\n<\/table>\n<\/div>\n<\/div>\n<\/div>","protected":false},"featured_media":3919,"comment_status":"open","ping_status":"closed","template":"","meta":{"_monsterinsights_skip_tracking":false,"_monsterinsights_sitenote_active":false,"_monsterinsights_sitenote_note":"","_monsterinsights_sitenote_category":0,"jetpack_publicize_message":"","jetpack_publicize_feature_enabled":true,"jetpack_social_post_already_shared":false,"jetpack_social_options":{"image_generator_settings":{"template":"highway","default_image_id":0,"font":"","enabled":false},"version":2}},"product_brand":[],"product_cat":[156],"product_tag":[],"class_list":{"0":"post-3913","1":"product","2":"type-product","3":"status-publish","4":"has-post-thumbnail","6":"product_cat-electric-ovens","8":"first","9":"instock","10":"sale","11":"shipping-taxable","12":"purchasable","13":"product-type-simple"},"aioseo_notices":[],"jetpack_publicize_connections":[],"jetpack_sharing_enabled":true,"_links":{"self":[{"href":"https:\/\/amazingmarket.ee\/et\/wp-json\/wp\/v2\/product\/3913","targetHints":{"allow":["GET"]}}],"collection":[{"href":"https:\/\/amazingmarket.ee\/et\/wp-json\/wp\/v2\/product"}],"about":[{"href":"https:\/\/amazingmarket.ee\/et\/wp-json\/wp\/v2\/types\/product"}],"replies":[{"embeddable":true,"href":"https:\/\/amazingmarket.ee\/et\/wp-json\/wp\/v2\/comments?post=3913"}],"wp:featuredmedia":[{"embeddable":true,"href":"https:\/\/amazingmarket.ee\/et\/wp-json\/wp\/v2\/media\/3919"}],"wp:attachment":[{"href":"https:\/\/amazingmarket.ee\/et\/wp-json\/wp\/v2\/media?parent=3913"}],"wp:term":[{"taxonomy":"product_brand","embeddable":true,"href":"https:\/\/amazingmarket.ee\/et\/wp-json\/wp\/v2\/product_brand?post=3913"},{"taxonomy":"product_cat","embeddable":true,"href":"https:\/\/amazingmarket.ee\/et\/wp-json\/wp\/v2\/product_cat?post=3913"},{"taxonomy":"product_tag","embeddable":true,"href":"https:\/\/amazingmarket.ee\/et\/wp-json\/wp\/v2\/product_tag?post=3913"}],"curies":[{"name":"wp","href":"https:\/\/api.w.org\/{rel}","templated":true}]}}