{"id":3753,"date":"2024-08-02T14:27:29","date_gmt":"2024-08-02T12:27:29","guid":{"rendered":"https:\/\/amazingmarket.ee\/?post_type=product&#038;p=3753"},"modified":"2026-03-14T11:15:29","modified_gmt":"2026-03-14T09:15:29","slug":"vactidy-nimble-t6-robot-vacuum-cleaner","status":"publish","type":"product","link":"https:\/\/amazingmarket.ee\/et\/toode\/vactidy-nimble-t6-robot-vacuum-cleaner\/","title":{"rendered":"Vactidy Nimble T6 robottolmuimeja"},"content":{"rendered":"<p><span style=\"font-size: 180%;\">UUS<\/span><\/p>\n<p><span class=\"a-list-item\">\u00a0 \u00a0 \u00a0 \u00a0 \u00a0 V\u00f5imas imemine: tugeva imemisv\u00f5imsusega 2800Pa robottolmuimeja T6 imab pingutuseta k\u00f5vadelt p\u00f5randatelt ja madala hunnikuga vaipadelt tolmu, mustuse ja lemmikloomade karvad ning tagab t\u00f5husa puhastamise.<\/span><\/p>\n<ul class=\"a-unordered-list a-vertical a-spacing-mini\">\n<li class=\"a-spacing-mini\"><span class=\"a-list-item\">Pikk t\u00f6\u00f6aeg ja automaatne laadimine: T6 robottolmuimeja on varustatud 2500 mAh akuga, mis tagab kuni 120 minuti pikkuse t\u00f6\u00f6aja kuni 1300 ruutmeetri siseruumi puhastamiseks. Kui aku langeb alla 15% v\u00f5i puhastamine on l\u00f5ppenud, naaseb see automaatselt laadimisjaama laadimiseks, s\u00e4\u00e4stes teie aega.<\/span><\/li>\n<li class=\"a-spacing-mini\"><span class=\"a-list-item\">Mitu puhastusre\u017eiimi: T6 robottolmuimejal on neli re\u017eiimi, sealhulgas auto, t\u00fchja ruumi, servade ja punktide puhastamine, mille vahel saab h\u00f5lpsasti kaugjuhtimispuldi ja mobiilirakenduste kaudu \u00fcmber l\u00fclitada, et t\u00e4ita erinevaid igap\u00e4evaseid koristusn\u00f5udeid.<\/span><\/li>\n<li class=\"a-spacing-mini\"><span class=\"a-list-item\">Lihtne k\u00e4ivitada: T6 tolmuimejarobotit saab juhtida kaugjuhtimisega v\u00f5i kohapeal Vactidy rakenduse v\u00f5i h\u00e4\u00e4ljuhtimise kaudu, nagu Alexa, Siri v\u00f5i Google Assistant. Alustage puhastamist \u00fche kl\u00f5psuga. Laadige alla rakendus Vactidy, et kasutada veelgi rohkem funktsioone, nagu puhastusplaanide koostamine, puhastusre\u017eiimide muutmine ja puhastussuuna juhtimine.<\/span><\/li>\n<li class=\"a-spacing-mini\"><span class=\"a-list-item\">\u00d5huke korpus ja vaikne puhastamine: T6 robottolmuimeja lemmikloomakarvad on kompaktsed, vaid 2,89-tollise k\u00f5rgusega ja varustatud 360-kraadiste kardaanratastega, mis muudavad raskesti ligip\u00e4\u00e4setavate nurkade, n\u00e4iteks voodite, diivanite jms puhastamise. 60 dB vaikne re\u017eiim on piisavalt vaikne, et hoida m\u00fcrataset madalal, nii et see ei sega teie t\u00f6\u00f6d.<\/span><\/li>\n<li class=\"a-spacing-mini\"><span class=\"a-list-item\">3 punkti puhastuss\u00fcsteem Robottolmuimeja T6 on varustatud 2 automaatse k\u00fclgpuhastusharjaga, mis laiendavad tolmuimeja puhastusala ja p\u00f6\u00f6rlevad, et koguda tolmu ja mustust siseruumides, plaaditud v\u00f5i lehtpuidust p\u00f5randatelt. Rullharjad eemaldavad t\u00f5husalt mustuse, imavad seda ja tagavad seel\u00e4bi suurep\u00e4rased puhastustulemused.<\/span><\/li>\n<\/ul>","protected":false},"excerpt":{"rendered":"<div class=\"a-row\">\n<div class=\"a-column a-span6\">\n<h1 class=\"a-size-medium a-spacing-small\">Tehnilised \u00fcksikasjad<\/h1>\n<\/div>\n<\/div>\n<div class=\"a-expander-content a-expander-extend-content\" data-expanded=\"true\">\n<div class=\"a-row a-expander-container a-expander-inline-container\">\n<div class=\"a-expander-content a-expander-section-content a-section-expander-inner\" data-expanded=\"true\">\n<table id=\"productDetails_techSpec_section_1\" class=\"a-keyvalue prodDetTable\" role=\"presentation\">\n<tbody>\n<tr>\n<th class=\"a-color-secondary a-size-base prodDetSectionEntry\">Kaubam\u00e4rk<\/th>\n<td class=\"a-size-base prodDetAttrValue\">Vaktika<\/td>\n<\/tr>\n<tr>\n<th class=\"a-color-secondary a-size-base prodDetSectionEntry\">Mudeli number<\/th>\n<td class=\"a-size-base prodDetAttrValue\">T6<\/td>\n<\/tr>\n<tr>\n<th class=\"a-color-secondary a-size-base prodDetSectionEntry\">V\u00e4rv<\/th>\n<td class=\"a-size-base prodDetAttrValue\">Must<\/td>\n<\/tr>\n<tr>\n<th class=\"a-color-secondary a-size-base prodDetSectionEntry\">Toote m\u00f5\u00f5tmed<\/th>\n<td class=\"a-size-base prodDetAttrValue\">\u200e30,6 x 30,6 x 7,35 cm; 2,45 kg<\/td>\n<\/tr>\n<tr>\n<th class=\"a-color-secondary a-size-base prodDetSectionEntry\">Mahutavus<\/th>\n<td class=\"a-size-base prodDetAttrValue\">500 milliliitrit<\/td>\n<\/tr>\n<tr>\n<th class=\"a-color-secondary a-size-base prodDetSectionEntry\">M\u00fcra tase<\/th>\n<td class=\"a-size-base prodDetAttrValue\">60 dB<\/td>\n<\/tr>\n<tr>\n<th class=\"a-color-secondary a-size-base prodDetSectionEntry\">Eriomadused<\/th>\n<td class=\"a-size-base prodDetAttrValue\">Juhtmeta<\/td>\n<\/tr>\n<tr>\n<th class=\"a-color-secondary a-size-base prodDetSectionEntry\">Kauba kaal<\/th>\n<td class=\"a-size-base prodDetAttrValue\">2,45 kilogrammi<\/td>\n<\/tr>\n<\/tbody>\n<\/table>\n<\/div>\n<\/div>\n<\/div>","protected":false},"featured_media":3754,"comment_status":"open","ping_status":"closed","template":"","meta":{"_monsterinsights_skip_tracking":false,"_monsterinsights_sitenote_active":false,"_monsterinsights_sitenote_note":"","_monsterinsights_sitenote_category":0,"jetpack_publicize_message":"","jetpack_publicize_feature_enabled":true,"jetpack_social_post_already_shared":false,"jetpack_social_options":{"image_generator_settings":{"template":"highway","default_image_id":0,"font":"","enabled":false},"version":2}},"product_brand":[],"product_cat":[80],"product_tag":[],"class_list":{"0":"post-3753","1":"product","2":"type-product","3":"status-publish","4":"has-post-thumbnail","6":"product_cat-robot-vacuum-cleaners","8":"first","9":"instock","10":"sale","11":"shipping-taxable","12":"purchasable","13":"product-type-simple"},"aioseo_notices":[],"jetpack_publicize_connections":[],"jetpack_sharing_enabled":true,"_links":{"self":[{"href":"https:\/\/amazingmarket.ee\/et\/wp-json\/wp\/v2\/product\/3753","targetHints":{"allow":["GET"]}}],"collection":[{"href":"https:\/\/amazingmarket.ee\/et\/wp-json\/wp\/v2\/product"}],"about":[{"href":"https:\/\/amazingmarket.ee\/et\/wp-json\/wp\/v2\/types\/product"}],"replies":[{"embeddable":true,"href":"https:\/\/amazingmarket.ee\/et\/wp-json\/wp\/v2\/comments?post=3753"}],"wp:featuredmedia":[{"embeddable":true,"href":"https:\/\/amazingmarket.ee\/et\/wp-json\/wp\/v2\/media\/3754"}],"wp:attachment":[{"href":"https:\/\/amazingmarket.ee\/et\/wp-json\/wp\/v2\/media?parent=3753"}],"wp:term":[{"taxonomy":"product_brand","embeddable":true,"href":"https:\/\/amazingmarket.ee\/et\/wp-json\/wp\/v2\/product_brand?post=3753"},{"taxonomy":"product_cat","embeddable":true,"href":"https:\/\/amazingmarket.ee\/et\/wp-json\/wp\/v2\/product_cat?post=3753"},{"taxonomy":"product_tag","embeddable":true,"href":"https:\/\/amazingmarket.ee\/et\/wp-json\/wp\/v2\/product_tag?post=3753"}],"curies":[{"name":"wp","href":"https:\/\/api.w.org\/{rel}","templated":true}]}}