{"id":341,"date":"2024-01-17T11:24:16","date_gmt":"2024-01-17T11:24:16","guid":{"rendered":"https:\/\/amazingmarket.ee\/?post_type=product&#038;p=341"},"modified":"2026-03-14T11:15:32","modified_gmt":"2026-03-14T09:15:32","slug":"philips-juicer-hr1856-70","status":"publish","type":"product","link":"https:\/\/amazingmarket.ee\/et\/toode\/philips-juicer-hr1856-70\/","title":{"rendered":"Philipsi mahlapress HR1856\/70"},"content":{"rendered":"<p><span style=\"color: #000000;\"><strong>V\u00c4HE KASUTATUD, PAKEND KAHJUSTATUD<\/strong><\/span><\/p>\n<p><strong>Philipsi mahlapress: nautige lihtsalt v\u00e4rskeid jooke!<\/strong><\/p>\n<p>Philipsi mahlapress HR1856\/70 on ideaalne lahendus neile, kes hindavad v\u00e4rskelt pressitud mahla. Siin on p\u00f5hjus, miks see silma paistab:<\/p>\n<ol>\n<li><strong>V\u00f5imsus ja t\u00f5husus:<\/strong> Suure v\u00f5imsusega mahlapress tagab t\u00f5husa mahla ekstraheerimise erinevatest puu- ja k\u00f6\u00f6giviljadest l\u00fchikese ajaga.<\/li>\n<li><strong>Unikaalne tehnoloogia:<\/strong> Uuendusliku purustamistehnoloogia abil s\u00e4ilitab Philipsi mahlapress rohkem toitaineid, pakkudes tervislikumaid jooke.<\/li>\n<li><strong>Suur s\u00f6\u00f6tmisrenn:<\/strong> Suur s\u00f6\u00f6tmisrenn v\u00f5imaldab t\u00f6\u00f6delda terveid puu- ja k\u00f6\u00f6givilju, minimeerides eelvalmistamise.<\/li>\n<li><strong>Kasutamise ja puhastamise lihtsus:<\/strong> Intuitiivne disain ja eemaldatavad osad muudavad mahlapressi kasutamise lihtsaks ja puhastamise p\u00e4rast iga kasutuskorda lihtsaks.<\/li>\n<li><strong>Reguleeritav mahlapressimine:<\/strong> Viljaliha taseme reguleerimise v\u00f5imalus v\u00f5imaldab teil mahla vastavalt oma eelistustele kohandada.<\/li>\n<li><strong>Kompaktne disain:<\/strong> Mahlapressi kompaktne disain muudab selle ideaalseks tarvikuks igasse k\u00f6\u00f6ki, s\u00e4\u00e4stes ruumi.<\/li>\n<\/ol>","protected":false},"excerpt":{"rendered":"<p><strong>Philipsi mahlapress HR1856\/70: V\u00e4rsked joogid minimaalse pingutusega!<\/strong><\/p>\n<p>Philipsi mahlapress on v\u00f5imas ja mugav seade v\u00e4rskete mahlade saamiseks. K\u00f5rge efektiivsuse ja uuendusliku purustamistehnoloogiaga tagab see toitainete maksimaalse v\u00e4ljat\u00f5mbamise puu- ja juurviljadest. Suur s\u00f6\u00f6tmisrenn ja lihtne puhastamine muudavad selle ideaalseks valikuks h\u00f5ivatud kasutajatele. Nautige maitsvaid jooke minimaalse pingutusega t\u00e4nu Philipsi mahlapressile.<\/p>","protected":false},"featured_media":1322,"comment_status":"open","ping_status":"closed","template":"","meta":{"_monsterinsights_skip_tracking":false,"_monsterinsights_sitenote_active":false,"_monsterinsights_sitenote_note":"","_monsterinsights_sitenote_category":0,"jetpack_publicize_message":"","jetpack_publicize_feature_enabled":true,"jetpack_social_post_already_shared":false,"jetpack_social_options":{"image_generator_settings":{"template":"highway","default_image_id":0,"font":"","enabled":false},"version":2}},"product_brand":[],"product_cat":[81],"product_tag":[],"class_list":{"0":"post-341","1":"product","2":"type-product","3":"status-publish","4":"has-post-thumbnail","6":"product_cat-juice-extractors","8":"first","9":"instock","10":"sale","11":"shipping-taxable","12":"purchasable","13":"product-type-simple"},"aioseo_notices":[],"jetpack_publicize_connections":[],"jetpack_sharing_enabled":true,"_links":{"self":[{"href":"https:\/\/amazingmarket.ee\/et\/wp-json\/wp\/v2\/product\/341","targetHints":{"allow":["GET"]}}],"collection":[{"href":"https:\/\/amazingmarket.ee\/et\/wp-json\/wp\/v2\/product"}],"about":[{"href":"https:\/\/amazingmarket.ee\/et\/wp-json\/wp\/v2\/types\/product"}],"replies":[{"embeddable":true,"href":"https:\/\/amazingmarket.ee\/et\/wp-json\/wp\/v2\/comments?post=341"}],"wp:featuredmedia":[{"embeddable":true,"href":"https:\/\/amazingmarket.ee\/et\/wp-json\/wp\/v2\/media\/1322"}],"wp:attachment":[{"href":"https:\/\/amazingmarket.ee\/et\/wp-json\/wp\/v2\/media?parent=341"}],"wp:term":[{"taxonomy":"product_brand","embeddable":true,"href":"https:\/\/amazingmarket.ee\/et\/wp-json\/wp\/v2\/product_brand?post=341"},{"taxonomy":"product_cat","embeddable":true,"href":"https:\/\/amazingmarket.ee\/et\/wp-json\/wp\/v2\/product_cat?post=341"},{"taxonomy":"product_tag","embeddable":true,"href":"https:\/\/amazingmarket.ee\/et\/wp-json\/wp\/v2\/product_tag?post=341"}],"curies":[{"name":"wp","href":"https:\/\/api.w.org\/{rel}","templated":true}]}}