{"id":3303,"date":"2024-04-18T13:07:37","date_gmt":"2024-04-18T11:07:37","guid":{"rendered":"https:\/\/amazingmarket.ee\/?post_type=product&#038;p=3303"},"modified":"2026-03-14T11:15:29","modified_gmt":"2026-03-14T09:15:29","slug":"philips-55pft5500-12","status":"publish","type":"product","link":"https:\/\/amazingmarket.ee\/et\/toode\/philips-55pft5500-12\/","title":{"rendered":"Philips 55PFT5500\/12"},"content":{"rendered":"<p>Tutvustame Philipsi 55PFT5500\/12, 55-tollist LED-telerit, mis toob meelelahutuse ellu. T\u00e4nu t\u00e4is-HD eraldusv\u00f5imele ja Philipsi Pixel Plus HD-tehnoloogiale saate nautida teravaid, selgeid pilte koos erksate v\u00e4rvide ja t\u00e4iustatud kontrastiga. See teler on varustatud paljude funktsioonidega, mis parandavad teie vaatamiskogemust, sealhulgas nutiteleri v\u00f5imalused, mis v\u00f5imaldavad teil p\u00e4\u00e4seda otse telerist juurde erinevatele voogedastusteenustele, rakendustele ja sisule. Kahe HDMI-pordi ja USB-\u00fchenduse abil saate h\u00f5lpsasti \u00fchendada oma lemmikseadmed, nagu m\u00e4ngukonsoolid, Blu-ray-m\u00e4ngijad ja USB-draivid. Lisaks t\u00e4iustab Philips 55PFT5500\/12 oma elegantse disaini ja \u00f5hukeste raamidega iga eluruumi. T\u00e4iustage oma koduse meelelahutuse kogemust Philipsi 55PFT5500\/12 LED-teleriga.<\/p>","protected":false},"excerpt":{"rendered":"<p>Philips 55PFT5500\/12 \u2013 Full HD eraldusv\u00f5imega 55-tolline LED-teler ja nutiteleri v\u00f5imalus. Nautige teravaid pilte, erksaid v\u00e4rve ja juurdep\u00e4\u00e4su mitmesugusele sisule.<\/p>","protected":false},"featured_media":3309,"comment_status":"open","ping_status":"closed","template":"","meta":{"_monsterinsights_skip_tracking":false,"_monsterinsights_sitenote_active":false,"_monsterinsights_sitenote_note":"","_monsterinsights_sitenote_category":0,"jetpack_publicize_message":"","jetpack_publicize_feature_enabled":true,"jetpack_social_post_already_shared":false,"jetpack_social_options":{"image_generator_settings":{"template":"highway","default_image_id":0,"font":"","enabled":false},"version":2}},"product_brand":[],"product_cat":[144],"product_tag":[],"class_list":{"0":"post-3303","1":"product","2":"type-product","3":"status-publish","4":"has-post-thumbnail","6":"product_cat-tvs","8":"first","9":"instock","10":"sale","11":"shipping-taxable","12":"purchasable","13":"product-type-simple"},"aioseo_notices":[],"jetpack_publicize_connections":[],"jetpack_sharing_enabled":true,"_links":{"self":[{"href":"https:\/\/amazingmarket.ee\/et\/wp-json\/wp\/v2\/product\/3303","targetHints":{"allow":["GET"]}}],"collection":[{"href":"https:\/\/amazingmarket.ee\/et\/wp-json\/wp\/v2\/product"}],"about":[{"href":"https:\/\/amazingmarket.ee\/et\/wp-json\/wp\/v2\/types\/product"}],"replies":[{"embeddable":true,"href":"https:\/\/amazingmarket.ee\/et\/wp-json\/wp\/v2\/comments?post=3303"}],"wp:featuredmedia":[{"embeddable":true,"href":"https:\/\/amazingmarket.ee\/et\/wp-json\/wp\/v2\/media\/3309"}],"wp:attachment":[{"href":"https:\/\/amazingmarket.ee\/et\/wp-json\/wp\/v2\/media?parent=3303"}],"wp:term":[{"taxonomy":"product_brand","embeddable":true,"href":"https:\/\/amazingmarket.ee\/et\/wp-json\/wp\/v2\/product_brand?post=3303"},{"taxonomy":"product_cat","embeddable":true,"href":"https:\/\/amazingmarket.ee\/et\/wp-json\/wp\/v2\/product_cat?post=3303"},{"taxonomy":"product_tag","embeddable":true,"href":"https:\/\/amazingmarket.ee\/et\/wp-json\/wp\/v2\/product_tag?post=3303"}],"curies":[{"name":"wp","href":"https:\/\/api.w.org\/{rel}","templated":true}]}}