{"id":3259,"date":"2024-04-13T17:41:22","date_gmt":"2024-04-13T15:41:22","guid":{"rendered":"https:\/\/amazingmarket.ee\/?post_type=product&#038;p=3259"},"modified":"2026-03-14T11:15:29","modified_gmt":"2026-03-14T09:15:29","slug":"pepe-bath-chair-for-the-elderly-360o-swivel-bath-chair-for-the-elderly-bath-seat-bath-seat-bath-chair-for-the-elderly-swivel-bath-chair","status":"publish","type":"product","link":"https:\/\/amazingmarket.ee\/et\/toode\/pepe-bath-chair-for-the-elderly-360o-swivel-bath-chair-for-the-elderly-bath-seat-bath-seat-bath-chair-for-the-elderly-swivel-bath-chair\/","title":{"rendered":"PEPE \u2013 vannitool 360\u00ba, p\u00f6\u00f6rlev vannitool eakatele, vanniiste, vannitool, vannitool eakatele, p\u00f6\u00f6rlev vannitool"},"content":{"rendered":"<p>\u2665 MUGAV: See p\u00f6\u00f6rlev vannitool aitab eakatel v\u00f5i liikumispuudega inimestel vanniaega turvaliselt ja mugavalt nautida, v\u00f5imaldades neil vanni siseneda ja sealt v\u00e4ljuda minimaalse pingutusega.<\/p>\n<p>\u2665 STABIILNE JA KINDEL: See vannitool on loodud toe ja mugavuse pakkumiseks ning sellel on neli kinnituspunkti, samuti tugev seljatugi ja k\u00e4etoed, mis tagavad kasutaja ohutuse ja stabiilsuse.<\/p>\n<p>\u2665 LIHTNE KASUTADA: Seenioridele m\u00f5eldud vannitool on lihtsalt ja kiiresti kokkupandav, sellel on 4 erinevat lukustusasendit ja see p\u00f6\u00f6rleb 360\u00ba, v\u00e4hendades seel\u00e4bi vannitoas kasutajatele ligip\u00e4\u00e4su ja v\u00e4ljumise raskusi. (M\u00f5\u00f5tmed: 75,5 x 55 x 50 cm \/ Istme m\u00f5\u00f5tmed: 40 x 40 cm)<\/p>\n<p>\u2665 LIHTNE PUHASTADA: P\u00f6\u00f6rdtooli raam on valmistatud valgest epoks\u00fc\u00fcdkattega terasest ja pol\u00fcet\u00fcleenist istmel on mitu auku hea vee \u00e4ravoolu tagamiseks. Seda saab pesta ja desinfitseerida \u00f5rna pesuvahendi ja lapiga.<\/p>\n<p>\u2714 SOOVITATAV: Eakatele, rasedatele ja\/v\u00f5i vigastusest taastusravi, paranemise v\u00f5i operatsioonij\u00e4rgse taastumise t\u00f5ttu liikumisprobleemidega inimestele. Kasutaja maksimaalne kaal: 100 kg.<\/p>","protected":false},"excerpt":{"rendered":"<p>\u2665 COMFORTABLE: This swivel bath chair helps seniors or individuals with mobility issues enjoy bath time safely and comfortably, enabling them to enter and exit the bathtub with minimal effort. \u2665 STABLE AND SECURE: Designed to provide support and comfort, this bath seat has four anchor points as well as sturdy backrest and armrests, ensuring [&#8230;]\n","protected":false},"featured_media":3264,"comment_status":"open","ping_status":"closed","template":"","meta":{"_monsterinsights_skip_tracking":false,"_monsterinsights_sitenote_active":false,"_monsterinsights_sitenote_note":"","_monsterinsights_sitenote_category":0,"jetpack_publicize_message":"","jetpack_publicize_feature_enabled":true,"jetpack_social_post_already_shared":false,"jetpack_social_options":{"image_generator_settings":{"template":"highway","default_image_id":0,"font":"","enabled":false},"version":2}},"product_brand":[],"product_cat":[84],"product_tag":[],"class_list":{"0":"post-3259","1":"product","2":"type-product","3":"status-publish","4":"has-post-thumbnail","6":"product_cat-furniture","8":"first","9":"instock","10":"sale","11":"shipping-taxable","12":"purchasable","13":"product-type-simple"},"aioseo_notices":[],"jetpack_publicize_connections":[],"jetpack_sharing_enabled":true,"_links":{"self":[{"href":"https:\/\/amazingmarket.ee\/et\/wp-json\/wp\/v2\/product\/3259","targetHints":{"allow":["GET"]}}],"collection":[{"href":"https:\/\/amazingmarket.ee\/et\/wp-json\/wp\/v2\/product"}],"about":[{"href":"https:\/\/amazingmarket.ee\/et\/wp-json\/wp\/v2\/types\/product"}],"replies":[{"embeddable":true,"href":"https:\/\/amazingmarket.ee\/et\/wp-json\/wp\/v2\/comments?post=3259"}],"wp:featuredmedia":[{"embeddable":true,"href":"https:\/\/amazingmarket.ee\/et\/wp-json\/wp\/v2\/media\/3264"}],"wp:attachment":[{"href":"https:\/\/amazingmarket.ee\/et\/wp-json\/wp\/v2\/media?parent=3259"}],"wp:term":[{"taxonomy":"product_brand","embeddable":true,"href":"https:\/\/amazingmarket.ee\/et\/wp-json\/wp\/v2\/product_brand?post=3259"},{"taxonomy":"product_cat","embeddable":true,"href":"https:\/\/amazingmarket.ee\/et\/wp-json\/wp\/v2\/product_cat?post=3259"},{"taxonomy":"product_tag","embeddable":true,"href":"https:\/\/amazingmarket.ee\/et\/wp-json\/wp\/v2\/product_tag?post=3259"}],"curies":[{"name":"wp","href":"https:\/\/api.w.org\/{rel}","templated":true}]}}