{"id":3207,"date":"2024-04-12T16:45:05","date_gmt":"2024-04-12T14:45:05","guid":{"rendered":"https:\/\/amazingmarket.ee\/?post_type=product&#038;p=3207"},"modified":"2026-03-14T11:15:29","modified_gmt":"2026-03-14T09:15:29","slug":"vounot-hanging-chair-with-2-cushions-and-book-compartment-xxl-hammock-swing-for-indoor-outdoor-garden-grey","status":"publish","type":"product","link":"https:\/\/amazingmarket.ee\/et\/toode\/vounot-hanging-chair-with-2-cushions-and-book-compartment-xxl-hammock-swing-for-indoor-outdoor-garden-grey\/","title":{"rendered":"VOUNOT ripptool 2 padja ja raamatukambriga, XXL v\u00f5rkkiik siseaeda, hall"},"content":{"rendered":"<p><span style=\"font-size: 160%;\"><strong>UUS<\/strong><\/span><\/p>\n<ul class=\"a-unordered-list a-vertical a-spacing-mini\">\n<li class=\"a-spacing-mini\"><span class=\"a-list-item\">See ripptool on kujundatud narmasmustriga; segatud B\u00f6\u00f6mi stiilis, n\u00e4itab see suurep\u00e4raselt retro- ja stiilistiili ning muudab selle elegantseks sisekujunduseks teie kodus.<\/span><\/li>\n<li class=\"a-spacing-mini\"><span class=\"a-list-item\">See kiiktool on valmistatud kvaliteetsest puuvillasest materjalist, mis on mugav, pehme ja kerge ning ei j\u00e4\u00e4 nahale kare.<\/span><\/li>\n<li class=\"a-spacing-mini\"><span class=\"a-list-item\">V\u00f5rkkiigetoolil on eriti suur iste ja 2 pehmet patja. Samuti on raamatusahtel lemmikraamatu, tahvelarvuti v\u00f5i pisiasja jaoks.<\/span><\/li>\n<li class=\"a-spacing-mini\"><span class=\"a-list-item\">Tugev puidust puistevarras pakub palju ruumi seljale, peale ja \u00f5lgadele. V\u00f5rkkiik kiik mahutab kuni 120 kg. Kaasasoleva rippkotiga saad rippkiige k\u00f5ikjale kaasa v\u00f5tta.<\/span><\/li>\n<li class=\"a-spacing-mini\"><span class=\"a-list-item\">See makramee ripptool sobib magamistuppa, elutuppa, terrassile, r\u00f5dule, \u00f5ue, aeda jne. See on ideaalne sisustus v\u00f5i koht l\u00f5\u00f5gastumiseks.<\/span><\/li>\n<\/ul>","protected":false},"excerpt":{"rendered":"<p>NEW This hanging chair is designed with a fringe pattern; mixed in Bohemian style, it will perfectly show off the retro and style style and make it an elegant decor in your home. This rocking chair is made of high-quality cotton material, which is comfortable, soft and lightweight and is not rough on the skin. [&#8230;]\n","protected":false},"featured_media":3209,"comment_status":"open","ping_status":"closed","template":"","meta":{"_monsterinsights_skip_tracking":false,"_monsterinsights_sitenote_active":false,"_monsterinsights_sitenote_note":"","_monsterinsights_sitenote_category":0,"jetpack_publicize_message":"","jetpack_publicize_feature_enabled":true,"jetpack_social_post_already_shared":false,"jetpack_social_options":{"image_generator_settings":{"template":"highway","default_image_id":0,"font":"","enabled":false},"version":2}},"product_brand":[],"product_cat":[145],"product_tag":[],"class_list":{"0":"post-3207","1":"product","2":"type-product","3":"status-publish","4":"has-post-thumbnail","6":"product_cat-garden","8":"first","9":"instock","10":"shipping-taxable","11":"purchasable","12":"product-type-simple"},"aioseo_notices":[],"jetpack_publicize_connections":[],"jetpack_sharing_enabled":true,"_links":{"self":[{"href":"https:\/\/amazingmarket.ee\/et\/wp-json\/wp\/v2\/product\/3207","targetHints":{"allow":["GET"]}}],"collection":[{"href":"https:\/\/amazingmarket.ee\/et\/wp-json\/wp\/v2\/product"}],"about":[{"href":"https:\/\/amazingmarket.ee\/et\/wp-json\/wp\/v2\/types\/product"}],"replies":[{"embeddable":true,"href":"https:\/\/amazingmarket.ee\/et\/wp-json\/wp\/v2\/comments?post=3207"}],"wp:featuredmedia":[{"embeddable":true,"href":"https:\/\/amazingmarket.ee\/et\/wp-json\/wp\/v2\/media\/3209"}],"wp:attachment":[{"href":"https:\/\/amazingmarket.ee\/et\/wp-json\/wp\/v2\/media?parent=3207"}],"wp:term":[{"taxonomy":"product_brand","embeddable":true,"href":"https:\/\/amazingmarket.ee\/et\/wp-json\/wp\/v2\/product_brand?post=3207"},{"taxonomy":"product_cat","embeddable":true,"href":"https:\/\/amazingmarket.ee\/et\/wp-json\/wp\/v2\/product_cat?post=3207"},{"taxonomy":"product_tag","embeddable":true,"href":"https:\/\/amazingmarket.ee\/et\/wp-json\/wp\/v2\/product_tag?post=3207"}],"curies":[{"name":"wp","href":"https:\/\/api.w.org\/{rel}","templated":true}]}}