{"id":3189,"date":"2024-04-12T14:15:35","date_gmt":"2024-04-12T12:15:35","guid":{"rendered":"https:\/\/amazingmarket.ee\/?post_type=product&#038;p=3189"},"modified":"2026-03-14T11:15:29","modified_gmt":"2026-03-14T09:15:29","slug":"hp-universal-bond-paper-80-g-m2-a1","status":"publish","type":"product","link":"https:\/\/amazingmarket.ee\/et\/toode\/hp-universal-bond-paper-80-g-m2-a1\/","title":{"rendered":"HP universaalne sidepaber 80 g\/m2 A1"},"content":{"rendered":"<p>HP Q8004A on plotteritele m\u00f5eldud matt, katmata paberirull, mille m\u00f5\u00f5tmed on A1 24\u2033 x 594 mm x 90 m ja kaal 80 g\/m\u00b2. Seda tuntakse universaalse paberina (Universal Bond Paper) ja sellel on 2\u2033 (50,8 mm) s\u00fcdamik, mis sobib kasutamiseks veep\u00f5histe ja pigmenditintidega. See paber \u00fchildub k\u00f5igi HP DesignJet seeria plotterite ja ka teiste tootjate tindiprinteritega. See sobib ideaalselt igap\u00e4evasteks printimist\u00f6\u00f6deks, pakkudes kvaliteetset joonistust ja tekstiv\u00e4ljundit.<\/p>\n<p>HP Q8004A tehnilised andmed:<\/p>\n<ul>\n<li>Meedia t\u00fc\u00fcp: Universaalne v\u00f5lakiri<\/li>\n<li>Meediumivorming: matt katmata paber<\/li>\n<li>Laius: 594 mm (24\u2033 \u2013 A1)<\/li>\n<li>Kaal: 80 g\/m\u00b2<\/li>\n<li>Kate: matt<\/li>\n<li>Rulli formaat<\/li>\n<li>S\u00fcdamiku l\u00e4bim\u00f5\u00f5t: 2 tolli (50,8 mm)<\/li>\n<li>Pikkus: 90 meetrit<\/li>\n<li>V\u00e4rvaine: Jah<\/li>\n<li>Pigment: Jah<\/li>\n<\/ul>\n<p>\u00dcksikasjalik kirjeldus:<\/p>\n<p>HP InkJet Bond Paper sobib nii mustvalgeks kui ka v\u00e4rviliseks igap\u00e4evaseks printimiseks ning on spetsiaalselt loodud kvaliteetsete jooniste ja teksti v\u00e4ljundiks. Rulli pikkus on 90 meetrit.<\/p>","protected":false},"excerpt":{"rendered":"<p>HP Q8004A is a matte, uncoated bond paper roll designed for plotters, measuring A1 24&#8243; x 594 mm x 90 m, with a weight of 80 gsm. It is known as Universal Bond Paper and features a 2&#8243; (50.8 mm) core, suitable for use with water-based and pigment inks. This paper is compatible with all [&#8230;]\n","protected":false},"featured_media":3190,"comment_status":"open","ping_status":"closed","template":"","meta":{"_monsterinsights_skip_tracking":false,"_monsterinsights_sitenote_active":false,"_monsterinsights_sitenote_note":"","_monsterinsights_sitenote_category":0,"jetpack_publicize_message":"","jetpack_publicize_feature_enabled":true,"jetpack_social_post_already_shared":false,"jetpack_social_options":{"image_generator_settings":{"template":"highway","default_image_id":0,"font":"","enabled":false},"version":2}},"product_brand":[],"product_cat":[205,198],"product_tag":[],"class_list":{"0":"post-3189","1":"product","2":"type-product","3":"status-publish","4":"has-post-thumbnail","6":"product_cat-stationery","7":"product_cat-it","9":"first","10":"instock","11":"sale","12":"shipping-taxable","13":"purchasable","14":"product-type-simple"},"aioseo_notices":[],"jetpack_publicize_connections":[],"jetpack_sharing_enabled":true,"_links":{"self":[{"href":"https:\/\/amazingmarket.ee\/et\/wp-json\/wp\/v2\/product\/3189","targetHints":{"allow":["GET"]}}],"collection":[{"href":"https:\/\/amazingmarket.ee\/et\/wp-json\/wp\/v2\/product"}],"about":[{"href":"https:\/\/amazingmarket.ee\/et\/wp-json\/wp\/v2\/types\/product"}],"replies":[{"embeddable":true,"href":"https:\/\/amazingmarket.ee\/et\/wp-json\/wp\/v2\/comments?post=3189"}],"wp:featuredmedia":[{"embeddable":true,"href":"https:\/\/amazingmarket.ee\/et\/wp-json\/wp\/v2\/media\/3190"}],"wp:attachment":[{"href":"https:\/\/amazingmarket.ee\/et\/wp-json\/wp\/v2\/media?parent=3189"}],"wp:term":[{"taxonomy":"product_brand","embeddable":true,"href":"https:\/\/amazingmarket.ee\/et\/wp-json\/wp\/v2\/product_brand?post=3189"},{"taxonomy":"product_cat","embeddable":true,"href":"https:\/\/amazingmarket.ee\/et\/wp-json\/wp\/v2\/product_cat?post=3189"},{"taxonomy":"product_tag","embeddable":true,"href":"https:\/\/amazingmarket.ee\/et\/wp-json\/wp\/v2\/product_tag?post=3189"}],"curies":[{"name":"wp","href":"https:\/\/api.w.org\/{rel}","templated":true}]}}