{"id":2833,"date":"2024-03-15T13:51:13","date_gmt":"2024-03-15T13:51:13","guid":{"rendered":"https:\/\/amazingmarket.ee\/?post_type=product&#038;p=2833"},"modified":"2026-03-14T11:15:29","modified_gmt":"2026-03-14T09:15:29","slug":"bissell-revolution-pro-heat-011120231977","status":"publish","type":"product","link":"https:\/\/amazingmarket.ee\/et\/toode\/bissell-revolution-pro-heat-011120231977\/","title":{"rendered":"Bissell Revolution Pro Heat (011120231977)"},"content":{"rendered":"<pre id=\"tw-target-text\" class=\"tw-data-text tw-text-large tw-ta\" dir=\"ltr\" data-placeholder=\"\u041f\u0435\u0440\u0435\u0432\u043e\u0434\" data-ved=\"2ahUKEwipvKvSh5CJAxX1ExAIHSZQMWgQ3ewLegQIBxAU\" aria-label=\"\u041f\u0435\u0440\u0435\u0432\u0435\u0434\u0435\u043d\u043d\u044b\u0439 \u0442\u0435\u043a\u0441\u0442: Demo, k\u00f5ik on suurep\u00e4rane\"><span class=\"Y2IQFc\" lang=\"en\" style=\"font-size: 150%;\">Demo, k\u00f5ik on suurep\u00e4rane<\/span><\/pre>\n<p>Bissell Revolution Pro Heat (011120231977) on professionaalse kvaliteediga vaibapuhastusvahend, mis on loodud s\u00fcgavpuhastustulemuste saavutamiseks ning vaipade, polstri ja muude pehmete pindade tugevate plekkide eemaldamiseks. Siin on \u00fcksikasjalik \u00fclevaade selle funktsioonidest:<\/p>\n<ol>\n<li><strong>Pro soojustehnoloogia:<\/strong> Revolution Pro Heat kasutab Bisselli Pro Heat tehnoloogiat, mis \u00fchendab v\u00f5imsa imemise sisseehitatud k\u00fcttekehaga, et t\u00f5husalt kobestada ja eemaldada vaipadelt ja polstrilt s\u00fcgavale sattunud mustus, mustus ja plekid.<\/li>\n<li><strong>Topelt DirtLifteri j\u00f5uharjad:<\/strong> Kahe DirtLifter Power Harjaga varustatud vaibapuhastusvahend segab ja t\u00f5stab mustuse ja prahi s\u00fcgavalt vaibakiududest p\u00f5hjalikuks puhastamiseks. Harjad p\u00f6\u00f6rlevad ja k\u00fc\u00fcrivad vaipa mitme nurga alt, et tagada maksimaalne mustuse eemaldamine.<\/li>\n<li><strong>CleanShot eelt\u00f6\u00f6tlusseade:<\/strong> CleanShot Pretreater funktsioon sihib ja eemaldab tugevad, kinnitunud plekid kontsentreeritud puhastuslahuse joaga. Lihtsalt vajutage nuppu CleanShot, et kanda eelt\u00f6\u00f6tluslahus otse plekile enne puhastamist, et plekid paremini eemaldada.<\/li>\n<li><strong>Express Clean Mode:<\/strong> Revolution Pro Heat pakub re\u017eiimi Express Clean kiireks ja t\u00f5husaks puhastamiseks l\u00fchema kuivamisajaga. See re\u017eiim sobib ideaalselt rutiinseks hoolduspuhastuseks ja vaipade v\u00e4rskendamiseks, ilma et oleks vaja t\u00e4ielikku s\u00fcgavpuhastust.<\/li>\n<li><strong>Reguleeritavad puhastusre\u017eiimid:<\/strong> Mitme puhastusre\u017eiimiga, sealhulgas Deep Clean ja Express Clean, saate kohandada puhastamise intensiivsust vastavalt mustuse tasemele ja puhastatava pinna t\u00fc\u00fcbile, tagades iga puhastustoimingu jaoks optimaalsed tulemused.<\/li>\n<li><strong>Suure veepaagi maht:<\/strong> Vaibapuhastusvahendil on suur veepaagi maht, mis v\u00f5imaldab pikemaid puhastusseansse ilma sagedase t\u00e4itmise vajaduseta. Paaki on lihtne t\u00e4ita ja t\u00fchjendada, muutes puhastusprotsessi mugavamaks.<\/li>\n<li><strong>EdgeSweepi pintslid:<\/strong> EdgeSweep harjad puhastavad t\u00f5husalt m\u00f6\u00f6da p\u00f5randaliistu ja m\u00f6\u00f6blijalgade \u00fcmbrust, tagades p\u00f5hjaliku puhastamise seinast seinani.<\/li>\n<li><strong>Eemaldatav otsik ja harja rulli kate:<\/strong> Eemaldatav otsik ja harjarulli kate v\u00f5imaldavad hoolduseks ja puhastamiseks h\u00f5lpsat juurdep\u00e4\u00e4su harjadele ja otsikule. See tagab, et vaibapuhastaja p\u00fcsib pikaajaliseks kasutamiseks optimaalses t\u00f6\u00f6korras.<\/li>\n<li><strong>Professionaalse taseme j\u00f5udlus:<\/strong> Nii elu- kui ka \u00e4rikasutuseks m\u00f5eldud Bissell Revolution Pro Heat tagab professionaalse kvaliteediga puhastustulemuse, et eemaldada t\u00f5husalt mustus, plekid ja l\u00f5hnad vaipadelt, polsterdustelt ja muudelt pehmetelt pindadelt.<\/li>\n<\/ol>","protected":false},"excerpt":{"rendered":"<p>Bissell Revolution Pro Heat (011120231977) on professionaalse kvaliteediga vaibapuhastusvahend, millel on Pro Heat tehnoloogia, kaks DirtLifter Power Harja ja CleanShot Pretreater s\u00fcgavpuhastuseks ja plekkide eemaldamiseks. Reguleeritavate puhastusre\u017eiimide ja suure veepaagi mahuga pakub see t\u00f5husaid ja mugavaid puhastuslahendusi vaipade, polstri ja muu jaoks.<\/p>","protected":false},"featured_media":10330,"comment_status":"open","ping_status":"closed","template":"","meta":{"_monsterinsights_skip_tracking":false,"_monsterinsights_sitenote_active":false,"_monsterinsights_sitenote_note":"","_monsterinsights_sitenote_category":0,"jetpack_publicize_message":"","jetpack_publicize_feature_enabled":true,"jetpack_social_post_already_shared":false,"jetpack_social_options":{"image_generator_settings":{"template":"highway","default_image_id":0,"font":"","enabled":false},"version":2}},"product_brand":[],"product_cat":[101],"product_tag":[],"class_list":{"0":"post-2833","1":"product","2":"type-product","3":"status-publish","4":"has-post-thumbnail","6":"product_cat-cordless-vacuum-cleaners","8":"first","9":"instock","10":"sale","11":"shipping-taxable","12":"purchasable","13":"product-type-simple"},"aioseo_notices":[],"jetpack_publicize_connections":[],"jetpack_sharing_enabled":true,"_links":{"self":[{"href":"https:\/\/amazingmarket.ee\/et\/wp-json\/wp\/v2\/product\/2833","targetHints":{"allow":["GET"]}}],"collection":[{"href":"https:\/\/amazingmarket.ee\/et\/wp-json\/wp\/v2\/product"}],"about":[{"href":"https:\/\/amazingmarket.ee\/et\/wp-json\/wp\/v2\/types\/product"}],"replies":[{"embeddable":true,"href":"https:\/\/amazingmarket.ee\/et\/wp-json\/wp\/v2\/comments?post=2833"}],"wp:featuredmedia":[{"embeddable":true,"href":"https:\/\/amazingmarket.ee\/et\/wp-json\/wp\/v2\/media\/10330"}],"wp:attachment":[{"href":"https:\/\/amazingmarket.ee\/et\/wp-json\/wp\/v2\/media?parent=2833"}],"wp:term":[{"taxonomy":"product_brand","embeddable":true,"href":"https:\/\/amazingmarket.ee\/et\/wp-json\/wp\/v2\/product_brand?post=2833"},{"taxonomy":"product_cat","embeddable":true,"href":"https:\/\/amazingmarket.ee\/et\/wp-json\/wp\/v2\/product_cat?post=2833"},{"taxonomy":"product_tag","embeddable":true,"href":"https:\/\/amazingmarket.ee\/et\/wp-json\/wp\/v2\/product_tag?post=2833"}],"curies":[{"name":"wp","href":"https:\/\/api.w.org\/{rel}","templated":true}]}}