{"id":2805,"date":"2024-03-15T13:31:09","date_gmt":"2024-03-15T13:31:09","guid":{"rendered":"https:\/\/amazingmarket.ee\/?post_type=product&#038;p=2805"},"modified":"2026-03-14T11:15:29","modified_gmt":"2026-03-14T09:15:29","slug":"princess-t05754","status":"publish","type":"product","link":"https:\/\/amazingmarket.ee\/et\/toode\/princess-t05754\/","title":{"rendered":"Printsess T05754"},"content":{"rendered":"<p><span style=\"color: #000000;\"><strong>KASUTATUD ASEE, PAKENDATUD POLE ORIGINAALKASTI <\/strong><\/span><\/p>\n<p>Princess T05754 on v\u00f5imas ja mitmek\u00fclgne lauagrill, mis on loodud teie siseruumides grillimise kogemuse t\u00e4iustamiseks. Siin on selle omaduste \u00fcksikasjalik \u00fclevaade:<\/p>\n<ol>\n<li><strong>Suur k\u00fcpsetuspind<\/strong>Princess T05754-l on avar k\u00fcpsetuspind, mis v\u00f5imaldab teil korraga grillida mitu portsjonit liha, k\u00f6\u00f6givilju ja muid maitsvaid toite, mist\u00f5ttu on see ideaalne pere\u00fcritusteks ja pidudeks.<\/li>\n<li><strong>Reguleeritav termostaat<\/strong>Reguleeritava termostaadi abil saate grilli temperatuuri h\u00f5lpsalt reguleerida, et saavutada erinevat t\u00fc\u00fcpi toitude puhul soovitud k\u00fcpsusaste. See tagab, et teie toidud valmivad iga kord ideaalselt.<\/li>\n<li><strong>\u00dchtlane soojusjaotus<\/strong>Grillplaat on loodud nii, et see jaotab kuumust \u00fchtlaselt \u00fcle k\u00fcpsetuspinna, tagades \u00fchtlase k\u00fcpsetamise ja j\u00e4rjepidevad tulemused kogu grillimisseansi v\u00e4ltel.<\/li>\n<li><strong>Eemaldatav tilkumisalus<\/strong>Princess T05754 pliidil on eemaldatav tilgaalus, mis kogub toiduvalmistamise ajal liigset rasva ja rasva, muutes puhastamise kiireks ja vaevatuks. Lihtsalt eemaldage alus ja visake kogunenud tilgad minema, et hooldus oleks vaevatu.<\/li>\n<li><strong>Mittenakkuv kate<\/strong>Grillplaat on kaetud mittenakkuva kihiga, mis hoiab \u00e4ra toidu pinnale kleepumise ning v\u00f5imaldab h\u00f5lpsat eemaldamist ja puhastamist. See omadus soodustab ka tervislikumat toiduvalmistamist, kuna grillimiseks on vaja v\u00e4hem \u00f5li v\u00f5i rasva.<\/li>\n<li><strong>Cool-Touch k\u00e4epidemed<\/strong>Grillil on jahedad k\u00e4epidemed, mis j\u00e4\u00e4vad t\u00f6\u00f6tamise ajal jahedaks, pakkudes ohutut ja mugavat k\u00e4sitsemist isegi siis, kui grill on kuum.<\/li>\n<li><strong>Mitmek\u00fclgsed toiduvalmistamise v\u00f5imalused<\/strong>Olenemata sellest, kas grillite liha, kala, k\u00f6\u00f6givilju v\u00f5i isegi v\u00f5ileibu, pakub Princess T05754 mitmek\u00fclgseid toiduvalmistamisv\u00f5imalusi, mis vastavad teie eelistustele. Katsetage erinevaid retsepte ja koostisosi, et luua maitsvaid grillroogasid aastaringselt.<\/li>\n<li><strong>Stiilne disain<\/strong>Oma elegantse ja moodsa disainiga lisab Princess T05754 igale k\u00f6\u00f6gile v\u00f5i s\u00f6\u00f6gilauale elegantsi. Selle kompaktne suurus muudab selle mittekasutamise ajal h\u00f5lpsaks hoiustamiseks, v\u00f5imaldades teil oma k\u00f6\u00f6giruumi maksimeerida.<\/li>\n<\/ol>","protected":false},"excerpt":{"rendered":"<p>Princess T05754 on v\u00f5imas ja mitmek\u00fclgne lauagrill, millel on suur k\u00fcpsetuspind, reguleeritav termostaat ja \u00fchtlane soojusjaotus j\u00e4rjepidevate tulemuste saavutamiseks. Selle mittenakkuv kate ja eemaldatav tilgaalus muudavad puhastamise imelihtsaks, samas kui jahedad k\u00e4epidemed tagavad ohutu ja mugava k\u00e4sitsemise. Nautige maitsvaid grillroogasid h\u00f5lpsalt selle stiilse ja funktsionaalse seadme abil.<\/p>","protected":false},"featured_media":2806,"comment_status":"open","ping_status":"closed","template":"","meta":{"_monsterinsights_skip_tracking":false,"_monsterinsights_sitenote_active":false,"_monsterinsights_sitenote_note":"","_monsterinsights_sitenote_category":0,"jetpack_publicize_message":"","jetpack_publicize_feature_enabled":true,"jetpack_social_post_already_shared":false,"jetpack_social_options":{"image_generator_settings":{"template":"highway","default_image_id":0,"font":"","enabled":false},"version":2}},"product_brand":[],"product_cat":[71],"product_tag":[],"class_list":{"0":"post-2805","1":"product","2":"type-product","3":"status-publish","4":"has-post-thumbnail","6":"product_cat-airfryers","8":"first","9":"instock","10":"sale","11":"shipping-taxable","12":"purchasable","13":"product-type-simple"},"aioseo_notices":[],"jetpack_publicize_connections":[],"jetpack_sharing_enabled":true,"_links":{"self":[{"href":"https:\/\/amazingmarket.ee\/et\/wp-json\/wp\/v2\/product\/2805","targetHints":{"allow":["GET"]}}],"collection":[{"href":"https:\/\/amazingmarket.ee\/et\/wp-json\/wp\/v2\/product"}],"about":[{"href":"https:\/\/amazingmarket.ee\/et\/wp-json\/wp\/v2\/types\/product"}],"replies":[{"embeddable":true,"href":"https:\/\/amazingmarket.ee\/et\/wp-json\/wp\/v2\/comments?post=2805"}],"wp:featuredmedia":[{"embeddable":true,"href":"https:\/\/amazingmarket.ee\/et\/wp-json\/wp\/v2\/media\/2806"}],"wp:attachment":[{"href":"https:\/\/amazingmarket.ee\/et\/wp-json\/wp\/v2\/media?parent=2805"}],"wp:term":[{"taxonomy":"product_brand","embeddable":true,"href":"https:\/\/amazingmarket.ee\/et\/wp-json\/wp\/v2\/product_brand?post=2805"},{"taxonomy":"product_cat","embeddable":true,"href":"https:\/\/amazingmarket.ee\/et\/wp-json\/wp\/v2\/product_cat?post=2805"},{"taxonomy":"product_tag","embeddable":true,"href":"https:\/\/amazingmarket.ee\/et\/wp-json\/wp\/v2\/product_tag?post=2805"}],"curies":[{"name":"wp","href":"https:\/\/api.w.org\/{rel}","templated":true}]}}