{"id":2793,"date":"2024-03-15T12:02:05","date_gmt":"2024-03-15T12:02:05","guid":{"rendered":"https:\/\/amazingmarket.ee\/?post_type=product&#038;p=2793"},"modified":"2026-03-14T11:15:29","modified_gmt":"2026-03-14T09:15:29","slug":"samsung-ms2bf303tas","status":"publish","type":"product","link":"https:\/\/amazingmarket.ee\/et\/toode\/samsung-ms2bf303tas\/","title":{"rendered":"Samsung MS2BF303TAS"},"content":{"rendered":"<p><span style=\"color: #000000;\"><strong>DEMO, HEAS KORRAS<\/strong><\/span><\/p>\n<p>Samsung MS2BF303TAS on elegantne ja mitmek\u00fclgne mikrolaineahi, mis on loodud pakkuma teie k\u00f6\u00f6ki mugavaid toiduvalmistamislahendusi. Siin on \u00fcksikasjalik \u00fclevaade selle funktsioonidest:<\/p>\n<ol>\n<li><strong>Mitu k\u00fcpsetusre\u017eiimi<\/strong>: MS2BF303TAS pakub mitmesuguseid k\u00fcpsetusre\u017eiime, sealhulgas mikrolaineahju, grilli ja p\u00f6\u00f6rd\u00f5huga k\u00fcpsetusre\u017eiimi, mis v\u00f5imaldab teil h\u00f5lpsalt valmistada mitmesuguseid roogasid.<\/li>\n<li><strong>Avar mahutavus<\/strong>: Suure v\u00f5imsusega mikrolaineahi mahutab suuri plaate ja k\u00f6\u00f6gin\u00f5usid, mist\u00f5ttu sobib see suuremate toiduvalmistamisvajadustega peredele ja leibkondadele.<\/li>\n<li><strong>V\u00f5imas j\u00f5udlus<\/strong>: T\u00e4iustatud k\u00fctteelementide ja tehnoloogiaga varustatud MS2BF303TAS tagab v\u00f5imsa ja \u00fchtlase k\u00fcpsetustulemuse, tagades, et teie toit valmib p\u00f5hjalikult ja \u00fchtlaselt.<\/li>\n<li><strong>Konvektsioon keetmine<\/strong>: Konvektsioonk\u00fcpsetusre\u017eiim kasutab ventilaatorit kuuma \u00f5hu \u00fchtlaseks ringlemiseks kogu ahju\u00f5\u00f5nes, v\u00f5imaldades kiiremat k\u00fcpsetusaega ja kr\u00f5bedamaid tulemusi.<\/li>\n<li><strong>Grillimisfunktsioon<\/strong>: Sisseehitatud grillelement v\u00f5imaldab teil valmistada kr\u00f5beda tekstuuri ja kuldpruuni viimistlusega maitsvaid grillroogasid.<\/li>\n<li><strong>Nutikas toiduvalmistamine sensoriga<\/strong>: Nutika sensortehnoloogia abil reguleerib MS2BF303TAS toidu niiskustaseme ja kaalu alusel automaatselt k\u00fcpsetusaega ja v\u00f5imsustaset, tagades iga kord optimaalsed k\u00fcpsetustulemused.<\/li>\n<li><strong>Intuitiivsed juhtnupud<\/strong>: MS2BF303TASi juhtimine on kasutajas\u00f5bralike juhtnuppude ja digitaalse kuvapaneeliga lihtne ja arusaadav. Selge liides v\u00f5imaldab teil h\u00f5lpsalt valida k\u00fcpsetusre\u017eiime, reguleerida s\u00e4tteid ja j\u00e4lgida toiduvalmistamise edenemist.<\/li>\n<li><strong>Kergesti puhastatav sisemus<\/strong>: Ahju sisemus on kujundatud vastupidava ja kergesti puhastatava kattega, mis muudab lekkeid ja toiduj\u00e4\u00e4ke p\u00e4rast iga kasutuskorda lihtsaks p\u00fchkida.<\/li>\n<\/ol>","protected":false},"excerpt":{"rendered":"<p>Samsung MS2BF303TAS on mitmek\u00fclgne konvektsiooni- ja grillimisv\u00f5imalusega mikrolaineahi, mis pakub teie k\u00f6\u00f6ki mugavaid toiduvalmistamisv\u00f5imalusi. Nutika sensoriga toiduvalmistamise, intuitiivsete juhtnuppude ja h\u00f5lpsasti puhastatavate funktsioonidega tagab see usaldusv\u00e4\u00e4rse j\u00f5udluse k\u00f5igi teie toiduvalmistamise vajaduste jaoks.<\/p>","protected":false},"featured_media":10440,"comment_status":"open","ping_status":"closed","template":"","meta":{"_monsterinsights_skip_tracking":false,"_monsterinsights_sitenote_active":false,"_monsterinsights_sitenote_note":"","_monsterinsights_sitenote_category":0,"jetpack_publicize_message":"","jetpack_publicize_feature_enabled":true,"jetpack_social_post_already_shared":false,"jetpack_social_options":{"image_generator_settings":{"template":"highway","default_image_id":0,"font":"","enabled":false},"version":2}},"product_brand":[],"product_cat":[72],"product_tag":[],"class_list":{"0":"post-2793","1":"product","2":"type-product","3":"status-publish","4":"has-post-thumbnail","6":"product_cat-microwave-ovens","8":"first","9":"instock","10":"sale","11":"shipping-taxable","12":"purchasable","13":"product-type-simple"},"aioseo_notices":[],"jetpack_publicize_connections":[],"jetpack_sharing_enabled":true,"_links":{"self":[{"href":"https:\/\/amazingmarket.ee\/et\/wp-json\/wp\/v2\/product\/2793","targetHints":{"allow":["GET"]}}],"collection":[{"href":"https:\/\/amazingmarket.ee\/et\/wp-json\/wp\/v2\/product"}],"about":[{"href":"https:\/\/amazingmarket.ee\/et\/wp-json\/wp\/v2\/types\/product"}],"replies":[{"embeddable":true,"href":"https:\/\/amazingmarket.ee\/et\/wp-json\/wp\/v2\/comments?post=2793"}],"wp:featuredmedia":[{"embeddable":true,"href":"https:\/\/amazingmarket.ee\/et\/wp-json\/wp\/v2\/media\/10440"}],"wp:attachment":[{"href":"https:\/\/amazingmarket.ee\/et\/wp-json\/wp\/v2\/media?parent=2793"}],"wp:term":[{"taxonomy":"product_brand","embeddable":true,"href":"https:\/\/amazingmarket.ee\/et\/wp-json\/wp\/v2\/product_brand?post=2793"},{"taxonomy":"product_cat","embeddable":true,"href":"https:\/\/amazingmarket.ee\/et\/wp-json\/wp\/v2\/product_cat?post=2793"},{"taxonomy":"product_tag","embeddable":true,"href":"https:\/\/amazingmarket.ee\/et\/wp-json\/wp\/v2\/product_tag?post=2793"}],"curies":[{"name":"wp","href":"https:\/\/api.w.org\/{rel}","templated":true}]}}