{"id":2724,"date":"2024-03-15T10:59:52","date_gmt":"2024-03-15T10:59:52","guid":{"rendered":"https:\/\/amazingmarket.ee\/?post_type=product&#038;p=2724"},"modified":"2026-03-14T11:15:29","modified_gmt":"2026-03-14T09:15:29","slug":"cylindder-bagles-vacuum-cleaner-amazon-basics-b07c41fmf1","status":"publish","type":"product","link":"https:\/\/amazingmarket.ee\/et\/toode\/cylindder-bagles-vacuum-cleaner-amazon-basics-b07c41fmf1\/","title":{"rendered":"Silinderkottide tolmuimeja, Amazon Basics, B07C41FMF1"},"content":{"rendered":"<p><strong><span style=\"color: #000000;\">UUS, POLE FILTRIT<\/span><\/strong><\/p>\n<p>Amazon Basicsi silindri kotita tolmuimeja (mudel: B07C41FMF1) on v\u00f5imas ja t\u00f5hus puhastusseade, mis on loodud teie kodus oleva mustuse ja prahi h\u00f5lpsaks eemaldamiseks. Siin on \u00fcksikasjalik \u00fclevaade selle funktsioonidest:<\/p>\n<ol>\n<li><strong>700W mootor<\/strong>: Tugeva 700-vatise mootoriga tolmuimeja pakub tugevat imemisj\u00f5udu, et eemaldada t\u00f5husalt mustus, tolm, lemmikloomade karvad ja muu praht vaipadelt, vaipadelt, k\u00f5vadelt p\u00f5randatelt ja polstrilt.<\/li>\n<li><strong>Kotita disain<\/strong>: Silindertolmuimejal on kotita disain koos l\u00e4bipaistva tolmumahutiga, mis v\u00f5imaldab teil n\u00e4ha, millal on aeg pr\u00fcgikast t\u00fchjendada. See disain v\u00e4listab vajaduse \u00fchekordselt kasutatavate vaakumkottide j\u00e4rele, s\u00e4\u00e4stes teie raha ja v\u00e4hendades keskkonnaj\u00e4\u00e4tmeid.<\/li>\n<li><strong>Mitme pinna puhastamine<\/strong>: Tolmuimejaga on kaasas kombineeritud p\u00f5randaotsik, mis liigub sujuvalt erinevate p\u00f5randat\u00fc\u00fcpide, sealhulgas vaipade, plaatide, laminaadi ja lehtpuup\u00f5randate vahel, tagades kogu teie kodu p\u00f5hjaliku puhastamise.<\/li>\n<li><strong>HEPA filtreerimine<\/strong>: HEPA-filtriga p\u00fc\u00fcab Amazon Basicsi tolmuimeja kinni peened tolmuosakesed, allergeenid ja mikroskoopilised saasteained, pakkudes teie eluruumis puhtamat ja tervislikumat \u00f5hku. Filter on pestav, korduvkasutatav ja kergesti hooldatav.<\/li>\n<li><strong>Teleskoopkepp<\/strong>: Tolmuimejal on teleskoopvarras, mida saab reguleerida soovitud k\u00f5rgusele, pakkudes mugavat k\u00e4sitsemist ja laiendatud ulatust k\u00f5rgete v\u00f5i raskesti ligip\u00e4\u00e4setavate kohtade puhastamiseks.<\/li>\n<li><strong>Pragude t\u00f6\u00f6riist ja tolmuhari<\/strong>: Kaasasolevad tarvikud, nagu pragut\u00f6\u00f6riist ja tolmuhari, v\u00f5imaldavad teil t\u00e4pselt ja h\u00f5lpsalt puhastada kitsaid kohti, nurki, polstrit ja \u00f5rnu pindu.<\/li>\n<li><strong>Kompaktne ja kerge<\/strong>: Tolmuimeja kompaktne ja kerge disain muudab m\u00f6\u00f6bli \u00fcmber man\u00f6\u00f6verdamise ja kitsastes kohtades navigeerimise lihtsaks, h\u00f5lbustades samal ajal mugavat hoiustamist, kui seda ei kasutata.<\/li>\n<li><strong>Lihtne t\u00fchjendamine<\/strong>: Tolmumahuti on m\u00f5eldud lihtsaks t\u00fchjendamiseks \u00fche nupuvajutusega, minimeerides h\u00fcgieeniliseks puhastuskogemuseks kokkupuudet tolmu ja prahiga.<\/li>\n<\/ol>","protected":false},"excerpt":{"rendered":"<p>Amazon Basicsi silindri kotita tolmuimeja (mudel: B07C41FMF1) on v\u00f5imas 700 W seade, millel on kotita disain, HEPA-filtreerimine ja mitmek\u00fclgsed tarvikud t\u00f5husaks mitme pinna puhastamiseks. Selle kompaktne ja kerge konstruktsioon tagab lihtsa man\u00f6\u00f6verdatavuse ja ladustamise, muutes selle ideaalseks puhastuslahenduseks igas kodus.<\/p>","protected":false},"featured_media":2725,"comment_status":"open","ping_status":"closed","template":"","meta":{"_monsterinsights_skip_tracking":false,"_monsterinsights_sitenote_active":false,"_monsterinsights_sitenote_note":"","_monsterinsights_sitenote_category":0,"jetpack_publicize_message":"","jetpack_publicize_feature_enabled":true,"jetpack_social_post_already_shared":false,"jetpack_social_options":{"image_generator_settings":{"template":"highway","default_image_id":0,"font":"","enabled":false},"version":2}},"product_brand":[],"product_cat":[102],"product_tag":[],"class_list":{"0":"post-2724","1":"product","2":"type-product","3":"status-publish","4":"has-post-thumbnail","6":"product_cat-vacuum-cleaners","8":"first","9":"instock","10":"sale","11":"shipping-taxable","12":"purchasable","13":"product-type-simple"},"aioseo_notices":[],"jetpack_publicize_connections":[],"jetpack_sharing_enabled":true,"_links":{"self":[{"href":"https:\/\/amazingmarket.ee\/et\/wp-json\/wp\/v2\/product\/2724","targetHints":{"allow":["GET"]}}],"collection":[{"href":"https:\/\/amazingmarket.ee\/et\/wp-json\/wp\/v2\/product"}],"about":[{"href":"https:\/\/amazingmarket.ee\/et\/wp-json\/wp\/v2\/types\/product"}],"replies":[{"embeddable":true,"href":"https:\/\/amazingmarket.ee\/et\/wp-json\/wp\/v2\/comments?post=2724"}],"wp:featuredmedia":[{"embeddable":true,"href":"https:\/\/amazingmarket.ee\/et\/wp-json\/wp\/v2\/media\/2725"}],"wp:attachment":[{"href":"https:\/\/amazingmarket.ee\/et\/wp-json\/wp\/v2\/media?parent=2724"}],"wp:term":[{"taxonomy":"product_brand","embeddable":true,"href":"https:\/\/amazingmarket.ee\/et\/wp-json\/wp\/v2\/product_brand?post=2724"},{"taxonomy":"product_cat","embeddable":true,"href":"https:\/\/amazingmarket.ee\/et\/wp-json\/wp\/v2\/product_cat?post=2724"},{"taxonomy":"product_tag","embeddable":true,"href":"https:\/\/amazingmarket.ee\/et\/wp-json\/wp\/v2\/product_tag?post=2724"}],"curies":[{"name":"wp","href":"https:\/\/api.w.org\/{rel}","templated":true}]}}