{"id":2711,"date":"2024-03-15T10:51:10","date_gmt":"2024-03-15T10:51:10","guid":{"rendered":"https:\/\/amazingmarket.ee\/?post_type=product&#038;p=2711"},"modified":"2026-03-14T11:15:29","modified_gmt":"2026-03-14T09:15:29","slug":"aqua-optima-lumi-b07pg9lkbz","status":"publish","type":"product","link":"https:\/\/amazingmarket.ee\/et\/toode\/aqua-optima-lumi-b07pg9lkbz\/","title":{"rendered":"Aqua Optima Lumi (B07PG9LKBZ)"},"content":{"rendered":"<p><span style=\"color: #000000;\"><strong>DEMO, HEAS KORRAS<\/strong><\/span><\/p>\n<p>Aqua Optima Lumi (B07PG9LKBZ) on keerukas veefiltriga kann, mis on loodud pakkuma teile joogi- ja toiduvalmistamiseks puhast filtreeritud vett. Siin on selle funktsioonide p\u00f5hjalik \u00fclevaade:<\/p>\n<ol>\n<li><strong>T\u00e4iustatud filtreerimiss\u00fcsteem<\/strong>: Lumi veefilterkann kasutab mitmeastmelist filtreerimiss\u00fcsteemi, et eemaldada kraaniveest t\u00f5husalt mustused, sealhulgas kloor, katlakivi, raskmetallid ja muud saasteained, s\u00e4ilitades samas v\u00e4rskendava maitse jaoks olulised mineraalid.<\/li>\n<li><strong>Maxtra+ filtrikassett<\/strong>: Maxtra+ filtrikassetiga varustatud Lumi kann tagab optimaalse filtreerimise ja pikaajalise kasutuse. Iga kassett on ette n\u00e4htud kuni 100 liitri vee filtreerimiseks, pakkudes keskmisele leibkonnale umbes kuuks ajaks puhast joogivett.<\/li>\n<li><strong>Suur mahutavus<\/strong>: Kogumahutavusega 2,25 liitrit, sealhulgas 1,4 liitrit filtreeritud vett, sobib Lumi kann suurep\u00e4raselt igas suuruses majapidamistesse, tagades pideva filtreeritud veevarustuse joogi- ja toiduvalmistamiseks.<\/li>\n<li><strong>Intelligentne elektrooniline filtri eluea indikaator<\/strong>: Lumi kannul on elektrooniline filtri kasutusea indikaator, mis j\u00e4lgib filtrikasseti kasutamist ja annab m\u00e4rku, kui on aeg see v\u00e4lja vahetada, tagades \u00fchtlase filtreerimise ja vee kvaliteedi.<\/li>\n<li><strong>Ergonoomiline disain<\/strong>: Lumi kannul on kasutaja mugavust silmas pidades ergonoomiline k\u00e4epide ja kergesti t\u00e4idetav kaas, mis muudab vee t\u00e4itmise ja valamise lihtsaks. Stiilne ja stiilne disain lisab elegantsi igale k\u00f6\u00f6gile v\u00f5i s\u00f6\u00f6gilauale.<\/li>\n<li><strong>BPA-vabad materjalid<\/strong>: Kvaliteetsetest BPA-vabadest materjalidest valmistatud Lumi kann tagab, et teie joogivesi ei sisalda kahjulikke kemikaale, pakkudes teile ja teie perele meelerahu.<\/li>\n<li><strong>Ruumis\u00e4\u00e4stlik disain<\/strong>: Lumi kannu kompaktne ja ruumis\u00e4\u00e4stlik disain v\u00f5imaldab sellel mahtuda kenasti enamiku k\u00fclmiku ustesse, maksimeerides hoiuruumi ning hoides filtreeritud vett jahutatuna ja nautimiseks valmis.<\/li>\n<li><strong>Lihtne Hooldus<\/strong>: Lumi kannu on lihtne puhastada ja hooldada, optimaalses seisukorras hoidmiseks on vaja ainult perioodilist loputamist ja aeg-ajalt \u00f5rna pesuvahendiga pesemist.<\/li>\n<\/ol>","protected":false},"excerpt":{"rendered":"<p>Aqua Optima Lumi (B07PG9LKBZ) veefiltrikann pakub t\u00e4iustatud filtreerimistehnoloogiat, suurt mahutavust ja kasutajas\u00f5bralikke funktsioone puhta ja v\u00e4rskendava joogivee jaoks. Oma elegantse disaini ja intelligentse filtri kasutusea indikaatoriga on see ideaalne t\u00e4iendus igasse k\u00f6\u00f6ki.<\/p>","protected":false},"featured_media":2712,"comment_status":"open","ping_status":"closed","template":"","meta":{"_monsterinsights_skip_tracking":false,"_monsterinsights_sitenote_active":false,"_monsterinsights_sitenote_note":"","_monsterinsights_sitenote_category":0,"jetpack_publicize_message":"","jetpack_publicize_feature_enabled":true,"jetpack_social_post_already_shared":false,"jetpack_social_options":{"image_generator_settings":{"template":"highway","default_image_id":0,"font":"","enabled":false},"version":2}},"product_brand":[],"product_cat":[133],"product_tag":[],"class_list":{"0":"post-2711","1":"product","2":"type-product","3":"status-publish","4":"has-post-thumbnail","6":"product_cat-water-dispenser","8":"first","9":"instock","10":"sale","11":"shipping-taxable","12":"purchasable","13":"product-type-simple"},"aioseo_notices":[],"jetpack_publicize_connections":[],"jetpack_sharing_enabled":true,"_links":{"self":[{"href":"https:\/\/amazingmarket.ee\/et\/wp-json\/wp\/v2\/product\/2711","targetHints":{"allow":["GET"]}}],"collection":[{"href":"https:\/\/amazingmarket.ee\/et\/wp-json\/wp\/v2\/product"}],"about":[{"href":"https:\/\/amazingmarket.ee\/et\/wp-json\/wp\/v2\/types\/product"}],"replies":[{"embeddable":true,"href":"https:\/\/amazingmarket.ee\/et\/wp-json\/wp\/v2\/comments?post=2711"}],"wp:featuredmedia":[{"embeddable":true,"href":"https:\/\/amazingmarket.ee\/et\/wp-json\/wp\/v2\/media\/2712"}],"wp:attachment":[{"href":"https:\/\/amazingmarket.ee\/et\/wp-json\/wp\/v2\/media?parent=2711"}],"wp:term":[{"taxonomy":"product_brand","embeddable":true,"href":"https:\/\/amazingmarket.ee\/et\/wp-json\/wp\/v2\/product_brand?post=2711"},{"taxonomy":"product_cat","embeddable":true,"href":"https:\/\/amazingmarket.ee\/et\/wp-json\/wp\/v2\/product_cat?post=2711"},{"taxonomy":"product_tag","embeddable":true,"href":"https:\/\/amazingmarket.ee\/et\/wp-json\/wp\/v2\/product_tag?post=2711"}],"curies":[{"name":"wp","href":"https:\/\/api.w.org\/{rel}","templated":true}]}}