{"id":2702,"date":"2024-03-15T10:33:15","date_gmt":"2024-03-15T10:33:15","guid":{"rendered":"https:\/\/amazingmarket.ee\/?post_type=product&#038;p=2702"},"modified":"2026-03-14T11:15:29","modified_gmt":"2026-03-14T09:15:29","slug":"trebs-comfortice-21114-b00947da9s","status":"publish","type":"product","link":"https:\/\/amazingmarket.ee\/et\/toode\/trebs-comfortice-21114-b00947da9s\/","title":{"rendered":"Trebs Comfortice 21114 (B00947DA9S)"},"content":{"rendered":"<p><span style=\"color: #000000;\"><strong>DEMO, HEAS SEISUKORRAS<\/strong><\/span><\/p>\n<p>Trebs Comfortice 21114 (B00947DA9S) on mitmek\u00fclgne ja mugav j\u00e4\u00e4tisemasin, mis v\u00f5imaldab teil kodus maitsvaid k\u00fclmutatud maiustusi valmistada. Siin on selle omaduste \u00fcksikasjalik \u00fclevaade:<\/p>\n<ol>\n<li><strong>Automaatne k\u00fclmutuss\u00fcsteem<\/strong>Comfortice 21114-l on automaatne k\u00fclmutuss\u00fcsteem, mis v\u00e4listab kausi eelk\u00fclmutamise vajaduse, tagades kiire ja lihtsa kasutamise.<\/li>\n<li><strong>Suur mahutavus<\/strong>Oma suure mahutavusega suudab see j\u00e4\u00e4tisemasin \u00fche portsjoniga toota kuni 1,5 liitrit j\u00e4\u00e4tist, sorbetti v\u00f5i k\u00fclmutatud jogurtit, mist\u00f5ttu sobib see ideaalselt suurte koosviibimiste serveerimiseks v\u00f5i pere magusaisu rahuldamiseks.<\/li>\n<li><strong>Lihtne kasutada<\/strong>Comfortice 21114 kasutamine on lihtne ja kasutajas\u00f5bralik. Lisage lihtsalt koostisosad segamisn\u00f5usse, valige intuitiivse juhtpaneeli abil soovitud seaded ja laske masinal \u00fclej\u00e4\u00e4nu eest hoolitseda.<\/li>\n<li><strong>Kohandatavad s\u00e4tted<\/strong>J\u00e4\u00e4tisemasin pakub kohandatavaid seadeid, mis v\u00f5imaldavad teil oma k\u00fclmutatud magustoitude vahustamisaega ja konsistentsi vastavalt oma eelistustele reguleerida.<\/li>\n<li><strong>L\u00e4bipaistev kaas koostisosade lehtriga<\/strong>L\u00e4bipaistev kaas v\u00f5imaldab teil k\u00fclmutamisprotsessi j\u00e4lgida, samas kui sisseehitatud koostisosade lehter teeb p\u00e4hklite, \u0161okolaadit\u00fckkide v\u00f5i puuviljat\u00fckkide lisamise kloppimise ajal lihtsaks.<\/li>\n<li><strong>Eemaldatav segamiskauss<\/strong>Eemaldatavat segamisn\u00f5u on lihtne puhastada ja see v\u00f5imaldab seda mittekasutamise ajal s\u00fcgavk\u00fclmas mugavalt hoida, tagades, et see on alati valmis teie j\u00e4rgmise omatehtud j\u00e4\u00e4tiseportsjoni jaoks.<\/li>\n<li><strong>Kompaktne ja ruumis\u00e4\u00e4stlik disain<\/strong>Comfortice 21114 on kompaktse ja ruumis\u00e4\u00e4stliku disainiga, mist\u00f5ttu sobib see k\u00f6\u00f6kidesse, kus on piiratud t\u00f6\u00f6pind v\u00f5i panipaik.<\/li>\n<li><strong>Mitmek\u00fclgne kasutamine<\/strong>Lisaks traditsioonilise j\u00e4\u00e4tise valmistamisele saab Comfortice 21114 abil valmistada ka sorbetti, k\u00fclmutatud jogurtit ja muid k\u00fclmutatud magustoite, pakkudes l\u00f5putult v\u00f5imalusi kulinaarseks loovuseks.<\/li>\n<\/ol>","protected":false},"excerpt":{"rendered":"<p>Trebs Comfortice 21114 (B00947DA9S) on automaatne j\u00e4\u00e4tisemasin suure mahutavuse ja kohandatavate s\u00e4tetega, et kodus maitsvaid k\u00fclmutatud maiustusi valmistada. Selle lihtne kasutamine, l\u00e4bipaistev kaas ja kompaktne disain muudavad selle ideaalseks seadmeks igas vanuses j\u00e4\u00e4tises\u00f5pradele.<\/p>","protected":false},"featured_media":2703,"comment_status":"open","ping_status":"closed","template":"","meta":{"_monsterinsights_skip_tracking":false,"_monsterinsights_sitenote_active":false,"_monsterinsights_sitenote_note":"","_monsterinsights_sitenote_category":0,"jetpack_publicize_message":"","jetpack_publicize_feature_enabled":true,"jetpack_social_post_already_shared":false,"jetpack_social_options":{"image_generator_settings":{"template":"highway","default_image_id":0,"font":"","enabled":false},"version":2}},"product_brand":[],"product_cat":[108],"product_tag":[],"class_list":{"0":"post-2702","1":"product","2":"type-product","3":"status-publish","4":"has-post-thumbnail","6":"product_cat-ice-makers-icecream-makers","8":"first","9":"instock","10":"sale","11":"shipping-taxable","12":"purchasable","13":"product-type-simple"},"aioseo_notices":[],"jetpack_publicize_connections":[],"jetpack_sharing_enabled":true,"_links":{"self":[{"href":"https:\/\/amazingmarket.ee\/et\/wp-json\/wp\/v2\/product\/2702","targetHints":{"allow":["GET"]}}],"collection":[{"href":"https:\/\/amazingmarket.ee\/et\/wp-json\/wp\/v2\/product"}],"about":[{"href":"https:\/\/amazingmarket.ee\/et\/wp-json\/wp\/v2\/types\/product"}],"replies":[{"embeddable":true,"href":"https:\/\/amazingmarket.ee\/et\/wp-json\/wp\/v2\/comments?post=2702"}],"wp:featuredmedia":[{"embeddable":true,"href":"https:\/\/amazingmarket.ee\/et\/wp-json\/wp\/v2\/media\/2703"}],"wp:attachment":[{"href":"https:\/\/amazingmarket.ee\/et\/wp-json\/wp\/v2\/media?parent=2702"}],"wp:term":[{"taxonomy":"product_brand","embeddable":true,"href":"https:\/\/amazingmarket.ee\/et\/wp-json\/wp\/v2\/product_brand?post=2702"},{"taxonomy":"product_cat","embeddable":true,"href":"https:\/\/amazingmarket.ee\/et\/wp-json\/wp\/v2\/product_cat?post=2702"},{"taxonomy":"product_tag","embeddable":true,"href":"https:\/\/amazingmarket.ee\/et\/wp-json\/wp\/v2\/product_tag?post=2702"}],"curies":[{"name":"wp","href":"https:\/\/api.w.org\/{rel}","templated":true}]}}