{"id":2687,"date":"2024-03-15T10:22:27","date_gmt":"2024-03-15T10:22:27","guid":{"rendered":"https:\/\/amazingmarket.ee\/?post_type=product&#038;p=2687"},"modified":"2026-03-14T11:15:29","modified_gmt":"2026-03-14T09:15:29","slug":"mini-pizza-maker-pizzarette-smerio","status":"publish","type":"product","link":"https:\/\/amazingmarket.ee\/et\/toode\/mini-pizza-maker-pizzarette-smerio\/","title":{"rendered":"Mini Pizza Masin, Pizzarette, Smerio"},"content":{"rendered":"<p><span style=\"color: #000000;\"><strong>UUS, KAAS ON PRAGUNUD\u00a0<\/strong><\/span><\/p>\n<p>Smerio Mini Pizza Maker, tuntud ka kui Pizzarette, on kompaktne ja mitmek\u00fclgne seade, mis on loodud selleks, et tuua omatehtud pitsa r\u00f5\u00f5mu ja maitse teie k\u00f6\u00f6ki v\u00f5i s\u00f6\u00f6gilauale. Siin on selle omaduste \u00fcksikasjalik \u00fclevaade:<\/p>\n<ol>\n<li><strong>Individuaalne pitsa k\u00fcpsetamine<\/strong>Smerio minipitsavalmistaja v\u00f5imaldab teil luua ja k\u00fcpsetada minipitsasid individuaalselt, andes igale inimesele vabaduse oma pitsat oma lemmiklisanditega kohandada.<\/li>\n<li><strong>P\u00f6\u00f6rlev k\u00fcpsetuspind<\/strong>Pitsamasinal on p\u00f6\u00f6rlev k\u00fcpsetuspind, mis tagab pitsa \u00fchtlase k\u00fcpsetamise ja t\u00e4iusliku pruunistumise igast k\u00fcljest, mille tulemuseks on iga kord maitsev ja kr\u00f5be koorik.<\/li>\n<li><strong>Elektriline k\u00fctteelement<\/strong>V\u00f5imsa elektrilise k\u00fctteelemendiga pitsavalmistaja kuumeneb kiiresti ja hoiab kogu k\u00fcpsetusprotsessi v\u00e4ltel \u00fchtlast temperatuuri, tagades kiire ja t\u00f5husa pitsa k\u00fcpsetamise.<\/li>\n<li><strong>Mittenakkuvad k\u00fcpsetusplaadid<\/strong>K\u00fcpsetusplaadid on kaetud mittenakkuva pinnaga, mis hoiab \u00e4ra pitsade kleepumise ning v\u00f5imaldab neid p\u00e4rast k\u00fcpsetamist h\u00f5lpsalt eemaldada ja puhastada.<\/li>\n<li><strong>Reguleeritav termostaat<\/strong>Pitsamasin on varustatud reguleeritava termostaadiga, mis v\u00f5imaldab teil k\u00fcpsetustemperatuuri vastavalt oma eelistustele reguleerida, tagades teie pitsade t\u00e4iusliku k\u00fcpsemise.<\/li>\n<li><strong>Kompaktne ja kaasaskantav disain<\/strong>Oma kompaktse suuruse ja kerge konstruktsiooniga on Smerio Mini Pizza Makerit lihtne hoiustada ja transportida, mist\u00f5ttu sobib see ideaalselt kasutamiseks v\u00e4ikestes k\u00f6\u00f6kides, \u00fchiselamutubades v\u00f5i isegi \u00f5ues toimuvatel koosviibimistel.<\/li>\n<li><strong>Mitmek\u00fclgsed toiduvalmistamise v\u00f5imalused<\/strong>Lisaks traditsioonilisele pitsale saab pitsamasinat kasutada ka muude maitsvate h\u00f5rgutiste, n\u00e4iteks mini-kaltsonede, quesadillade ja isegi magustoitude, n\u00e4iteks mini-puuviljatartide v\u00f5i k\u00fcpsiste valmistamiseks.<\/li>\n<li><strong>Lihtne kasutada<\/strong>Pitsamasina kasutamine on lihtne ja arusaadav, mist\u00f5ttu sobib see igas vanuses kasutajatele. Valmista lihtsalt ette pitsataigen ja -katted, aseta need k\u00fcpsetuspinnale ja lase pitsamasinal \u00fclej\u00e4\u00e4nu teha.<\/li>\n<\/ol>","protected":false},"excerpt":{"rendered":"<p>Smerio Mini Pizza Maker, tuntud ka kui Pizzarette, pakub l\u00f5busat ja mugavat viisi omatehtud pitsa nautimiseks. P\u00f6\u00f6rleva k\u00fcpsetuspinna, mittenakkuvate plaatide ja reguleeritava termostaadiga tagab see iga kord maitsva ja kr\u00f5beda pitsa. Kompaktne ja h\u00f5lpsasti kasutatav, sobib ideaalselt igas vanuses pitsas\u00f5pradele.<\/p>","protected":false},"featured_media":2688,"comment_status":"open","ping_status":"closed","template":"","meta":{"_monsterinsights_skip_tracking":false,"_monsterinsights_sitenote_active":false,"_monsterinsights_sitenote_note":"","_monsterinsights_sitenote_category":0,"jetpack_publicize_message":"","jetpack_publicize_feature_enabled":true,"jetpack_social_post_already_shared":false,"jetpack_social_options":{"image_generator_settings":{"template":"highway","default_image_id":0,"font":"","enabled":false},"version":2}},"product_brand":[],"product_cat":[96],"product_tag":[],"class_list":{"0":"post-2687","1":"product","2":"type-product","3":"status-publish","4":"has-post-thumbnail","6":"product_cat-pizza-makers","8":"first","9":"instock","10":"sale","11":"shipping-taxable","12":"purchasable","13":"product-type-simple"},"aioseo_notices":[],"jetpack_publicize_connections":[],"jetpack_sharing_enabled":true,"_links":{"self":[{"href":"https:\/\/amazingmarket.ee\/et\/wp-json\/wp\/v2\/product\/2687","targetHints":{"allow":["GET"]}}],"collection":[{"href":"https:\/\/amazingmarket.ee\/et\/wp-json\/wp\/v2\/product"}],"about":[{"href":"https:\/\/amazingmarket.ee\/et\/wp-json\/wp\/v2\/types\/product"}],"replies":[{"embeddable":true,"href":"https:\/\/amazingmarket.ee\/et\/wp-json\/wp\/v2\/comments?post=2687"}],"wp:featuredmedia":[{"embeddable":true,"href":"https:\/\/amazingmarket.ee\/et\/wp-json\/wp\/v2\/media\/2688"}],"wp:attachment":[{"href":"https:\/\/amazingmarket.ee\/et\/wp-json\/wp\/v2\/media?parent=2687"}],"wp:term":[{"taxonomy":"product_brand","embeddable":true,"href":"https:\/\/amazingmarket.ee\/et\/wp-json\/wp\/v2\/product_brand?post=2687"},{"taxonomy":"product_cat","embeddable":true,"href":"https:\/\/amazingmarket.ee\/et\/wp-json\/wp\/v2\/product_cat?post=2687"},{"taxonomy":"product_tag","embeddable":true,"href":"https:\/\/amazingmarket.ee\/et\/wp-json\/wp\/v2\/product_tag?post=2687"}],"curies":[{"name":"wp","href":"https:\/\/api.w.org\/{rel}","templated":true}]}}