{"id":2673,"date":"2024-03-15T10:15:01","date_gmt":"2024-03-15T10:15:01","guid":{"rendered":"https:\/\/amazingmarket.ee\/?post_type=product&#038;p=2673"},"modified":"2026-03-14T11:15:29","modified_gmt":"2026-03-14T09:15:29","slug":"zaco-w450","status":"publish","type":"product","link":"https:\/\/amazingmarket.ee\/et\/toode\/zaco-w450\/","title":{"rendered":"Zaco W450"},"content":{"rendered":"<p><span style=\"color: #000000;\"><strong>KASUTATUD ASEE, HEAS KORRAS<\/strong><\/span><\/p>\n<p>Zaco W450 on intelligentne robottolmuimeja, mis on loodud teie kodu t\u00f5husaks ja p\u00f5hjalikuks puhastamiseks. Siin on \u00fcksikasjalik \u00fclevaade selle funktsioonidest:<\/p>\n<ol>\n<li><strong>Nutikas navigatsioonis\u00fcsteem<\/strong>: T\u00e4iustatud g\u00fcroskoopilise navigatsioonitehnoloogiaga varustatud Zaco W450 kaardistab teie kodu t\u00e4pselt, luues optimeeritud puhastustee, et tagada iga ala p\u00f5hjalik katvus.<\/li>\n<li><strong>V\u00f5imas imemine<\/strong>: V\u00f5imsa imemismootoriga Zaco W450 t\u00f5stab t\u00f5husalt mustuse, tolmu ja prahi nii k\u00f5vadelt p\u00f5randatelt kui vaipadelt, j\u00e4ttes teie kodu puhtaks ja v\u00e4rskeks.<\/li>\n<li><strong>Mitu puhastusre\u017eiimi<\/strong>: Robottolmuimejal on mitu puhastusre\u017eiimi, sealhulgas automaatre\u017eiim \u00fcldpuhastuseks, punktre\u017eiim kontsentreeritud puhastamiseks konkreetsetes piirkondades ja servare\u017eiim \u00e4\u00e4rte ja nurkade puhastamiseks.<\/li>\n<li><strong>Pikk aku eluiga<\/strong>: Zaco W450-l on suure mahutavusega aku, mis tagab kauakestva puhastusv\u00f5imsuse, v\u00f5imaldades robottolmuimejal \u00fche laadimisega puhastada suuri alasid.<\/li>\n<li><strong>Virtuaalse barj\u00e4\u00e4ri funktsioon<\/strong>: Magnetpiirderibade v\u00f5i virtuaalsete seinaseadmete (m\u00fc\u00fcakse eraldi) abil saate luua virtuaalseid t\u00f5kkeid, mis piiravad robottolmuimeja juurdep\u00e4\u00e4su teie kodu teatud piirkondadele, takistades selle sisenemist piirangutsoonidesse.<\/li>\n<li><strong>HEPA filtreerimiss\u00fcsteem<\/strong>: Robottolmuimeja on varustatud HEPA filtriga, mis p\u00fc\u00fcab kinni peened tolmuosakesed ja allergeenid, tagades puhtama \u00f5hu ja tervislikuma kodukeskkonna.<\/li>\n<li><strong>H\u00e4\u00e4ljuhtimise \u00fchilduvus<\/strong>: Zaco W450 \u00fchildub h\u00e4\u00e4ljuhtimise assistentidega, nagu Amazon Alexa ja Google Assistant, v\u00f5imaldades teil alustada, peatada v\u00f5i ajastada puhastustoiminguid lihtsate h\u00e4\u00e4lk\u00e4sklustega.<\/li>\n<li><strong>Automaatne laadimine ja j\u00e4tkamine<\/strong>: Kui aku t\u00fchjeneb, naaseb robottolmuimeja laadimiseks automaatselt oma laadimisdokki. Kui see on t\u00e4ielikult laetud, j\u00e4tkab see puhastamist kohast, kus see pooleli j\u00e4i, tagades puhastusseansside katkemise.<\/li>\n<\/ol>","protected":false},"excerpt":{"rendered":"<p>Robottolmuimeja Zaco W450 pakub nutikat navigeerimist, v\u00f5imsat imemist ja mitut puhastusre\u017eiimi teie kodu t\u00f5husaks ja p\u00f5hjalikuks puhastamiseks. Oma pika aku t\u00f6\u00f6ea, virtuaalse barj\u00e4\u00e4ri funktsiooni ja h\u00e4\u00e4ljuhtimise \u00fchilduvusega tagab see mugava ja probleemivaba puhastamise kiiretele majapidamistele.<\/p>","protected":false},"featured_media":2674,"comment_status":"open","ping_status":"closed","template":"","meta":{"_monsterinsights_skip_tracking":false,"_monsterinsights_sitenote_active":false,"_monsterinsights_sitenote_note":"","_monsterinsights_sitenote_category":0,"jetpack_publicize_message":"","jetpack_publicize_feature_enabled":true,"jetpack_social_post_already_shared":false,"jetpack_social_options":{"image_generator_settings":{"template":"highway","default_image_id":0,"font":"","enabled":false},"version":2}},"product_brand":[],"product_cat":[80],"product_tag":[],"class_list":{"0":"post-2673","1":"product","2":"type-product","3":"status-publish","4":"has-post-thumbnail","6":"product_cat-robot-vacuum-cleaners","8":"first","9":"instock","10":"sale","11":"shipping-taxable","12":"purchasable","13":"product-type-simple"},"aioseo_notices":[],"jetpack_publicize_connections":[],"jetpack_sharing_enabled":true,"_links":{"self":[{"href":"https:\/\/amazingmarket.ee\/et\/wp-json\/wp\/v2\/product\/2673","targetHints":{"allow":["GET"]}}],"collection":[{"href":"https:\/\/amazingmarket.ee\/et\/wp-json\/wp\/v2\/product"}],"about":[{"href":"https:\/\/amazingmarket.ee\/et\/wp-json\/wp\/v2\/types\/product"}],"replies":[{"embeddable":true,"href":"https:\/\/amazingmarket.ee\/et\/wp-json\/wp\/v2\/comments?post=2673"}],"wp:featuredmedia":[{"embeddable":true,"href":"https:\/\/amazingmarket.ee\/et\/wp-json\/wp\/v2\/media\/2674"}],"wp:attachment":[{"href":"https:\/\/amazingmarket.ee\/et\/wp-json\/wp\/v2\/media?parent=2673"}],"wp:term":[{"taxonomy":"product_brand","embeddable":true,"href":"https:\/\/amazingmarket.ee\/et\/wp-json\/wp\/v2\/product_brand?post=2673"},{"taxonomy":"product_cat","embeddable":true,"href":"https:\/\/amazingmarket.ee\/et\/wp-json\/wp\/v2\/product_cat?post=2673"},{"taxonomy":"product_tag","embeddable":true,"href":"https:\/\/amazingmarket.ee\/et\/wp-json\/wp\/v2\/product_tag?post=2673"}],"curies":[{"name":"wp","href":"https:\/\/api.w.org\/{rel}","templated":true}]}}