{"id":2646,"date":"2024-03-14T13:23:00","date_gmt":"2024-03-14T13:23:00","guid":{"rendered":"https:\/\/amazingmarket.ee\/?post_type=product&#038;p=2646"},"modified":"2026-03-14T11:15:29","modified_gmt":"2026-03-14T09:15:29","slug":"kohvimasin-severin-ka-5830","status":"publish","type":"product","link":"https:\/\/amazingmarket.ee\/et\/toode\/kohvimasin-severin-ka-5830\/","title":{"rendered":"Kohvimasin Severin KA 5830"},"content":{"rendered":"<p><span style=\"color: #000000;\"><strong>KASUTATUD ASJA<\/strong><\/span><\/p>\n<p>Severin KA 5830 on kohvimasin, mis pakub mitmek\u00fclgset v\u00f5imalust nautida v\u00e4rskelt jahvatatud kohvi otse oma kodus. Siin on \u00fcksikasjalik \u00fclevaade selle funktsioonidest:<\/p>\n<ol>\n<li><strong>Integreeritud kohviveski<\/strong>: Severin KA 5830 on varustatud sisseehitatud kohviveskiga, mis v\u00f5imaldab jahvatada kohviube vahetult enne keetmist, tagades v\u00e4rskeima maitse ja aroomi.<\/li>\n<li><strong>Kohvipaksu konteiner<\/strong>: Veski juurde kuulub ka eraldi konteiner kohvipaksu jaoks, mis v\u00f5imaldab hoida ja v\u00e4ljastada jahvatatud kohvi vastavalt oma vajadustele ja eelistustele.<\/li>\n<li><strong>Programmeeritavad s\u00e4tted<\/strong>: Kohvimasin pakub mitmeid programmeeritavaid seadistusi, sealhulgas jahvatuse j\u00e4meduse reguleerimine, kohvi koguse ja kanguse valimine ning programmeeritava algusaja seadmine, mis tagab iga kord t\u00e4pse ja kohandatud kohvi valmistamise.<\/li>\n<li><strong>Termiline karahvin<\/strong>: Severin KA 5830 on varustatud termokarahviniga, mis hoiab keedetud kohvi kauem soojana ja v\u00e4rskena, v\u00f5imaldades teil seda igal ajal nautida.<\/li>\n<li><strong>Automaatne v\u00e4ljal\u00fclitus<\/strong>: Kohvimasin l\u00fclitub p\u00e4rast keetmisprotsessi l\u00f5ppu automaatselt v\u00e4lja, tagades energiat\u00f5hususe ja ohutuse.<\/li>\n<li><strong>Elegantne disain<\/strong>: Elegantse ja kompaktse disainiga kohvimasin sobib h\u00e4sti igasse k\u00f6\u00f6ki, olles nii funktsionaalne kui ka esteetiliselt nauditav.<\/li>\n<\/ol>","protected":false},"excerpt":{"rendered":"<p>Severin KA 5830 on integreeritud kohviveskiga mitmek\u00fclgne kohvimasin, mis v\u00f5imaldab nautida v\u00e4rskeimat kohvi otse kodus. Programmeeritavad seadistused, termokarahvin ja elegantne disain teevad sellest ideaalse valiku kohvihuvilistele.<\/p>","protected":false},"featured_media":2647,"comment_status":"open","ping_status":"closed","template":"","meta":{"_monsterinsights_skip_tracking":false,"_monsterinsights_sitenote_active":false,"_monsterinsights_sitenote_note":"","_monsterinsights_sitenote_category":0,"jetpack_publicize_message":"","jetpack_publicize_feature_enabled":true,"jetpack_social_post_already_shared":false,"jetpack_social_options":{"image_generator_settings":{"template":"highway","default_image_id":0,"font":"","enabled":false},"version":2}},"product_brand":[],"product_cat":[73],"product_tag":[],"class_list":{"0":"post-2646","1":"product","2":"type-product","3":"status-publish","4":"has-post-thumbnail","6":"product_cat-coffee-machines","8":"first","9":"instock","10":"sale","11":"shipping-taxable","12":"purchasable","13":"product-type-simple"},"aioseo_notices":[],"jetpack_publicize_connections":[],"jetpack_sharing_enabled":true,"_links":{"self":[{"href":"https:\/\/amazingmarket.ee\/et\/wp-json\/wp\/v2\/product\/2646","targetHints":{"allow":["GET"]}}],"collection":[{"href":"https:\/\/amazingmarket.ee\/et\/wp-json\/wp\/v2\/product"}],"about":[{"href":"https:\/\/amazingmarket.ee\/et\/wp-json\/wp\/v2\/types\/product"}],"replies":[{"embeddable":true,"href":"https:\/\/amazingmarket.ee\/et\/wp-json\/wp\/v2\/comments?post=2646"}],"wp:featuredmedia":[{"embeddable":true,"href":"https:\/\/amazingmarket.ee\/et\/wp-json\/wp\/v2\/media\/2647"}],"wp:attachment":[{"href":"https:\/\/amazingmarket.ee\/et\/wp-json\/wp\/v2\/media?parent=2646"}],"wp:term":[{"taxonomy":"product_brand","embeddable":true,"href":"https:\/\/amazingmarket.ee\/et\/wp-json\/wp\/v2\/product_brand?post=2646"},{"taxonomy":"product_cat","embeddable":true,"href":"https:\/\/amazingmarket.ee\/et\/wp-json\/wp\/v2\/product_cat?post=2646"},{"taxonomy":"product_tag","embeddable":true,"href":"https:\/\/amazingmarket.ee\/et\/wp-json\/wp\/v2\/product_tag?post=2646"}],"curies":[{"name":"wp","href":"https:\/\/api.w.org\/{rel}","templated":true}]}}