{"id":2580,"date":"2024-03-14T12:31:49","date_gmt":"2024-03-14T12:31:49","guid":{"rendered":"https:\/\/amazingmarket.ee\/?post_type=product&#038;p=2580"},"modified":"2026-03-14T11:15:29","modified_gmt":"2026-03-14T09:15:29","slug":"bauknecht-mw49sl","status":"publish","type":"product","link":"https:\/\/amazingmarket.ee\/et\/toode\/bauknecht-mw49sl\/","title":{"rendered":"Bauknecht MW49SL"},"content":{"rendered":"<p><span style=\"color: #000000;\"><strong>KASUTATUD ASEE, K\u00dcLGEDEL ON M\u00d5LKID<\/strong><\/span><\/p>\n<p>Bauknecht MW49SL on mitmek\u00fclgne mikrolaineahi, mis on loodud pakkuma teie k\u00f6\u00f6ki mugavaid toiduvalmistamislahendusi. Siin on \u00fcksikasjalik \u00fclevaade selle funktsioonidest:<\/p>\n<ol>\n<li><strong>Mahutavus<\/strong>: MW49SL pakub avarat siseruumi, mis v\u00f5imaldab teil h\u00f5lpsalt valmistada v\u00f5i soojendada suuri roogasid ja toiduaineid.<\/li>\n<li><strong>Toitev\u00e4ljund<\/strong>: Sellel mikrolaineahjul on v\u00f5imas k\u00fcpsetusv\u00f5imsus, mis tagab toiduainete kiire ja t\u00f5husa k\u00fcpsetamise, soojendamise ja sulatamise.<\/li>\n<li><strong>Mitu v\u00f5imsustaset<\/strong>: Mitme v\u00f5imsustasemega saate reguleerida toiduvalmistamise intensiivsust, et see sobiks erinevat t\u00fc\u00fcpi roogade ja toiduvalmistamisn\u00f5uetega.<\/li>\n<li><strong>Automaatsed toiduvalmistamise programmid<\/strong>: Eelprogrammeeritud automaatse toiduvalmistamise programmid lihtsustavad toiduvalmistamise protsessi, m\u00e4\u00e4rates populaarsete roogade (nt popkorn, pitsa ja joogid) jaoks automaatselt sobiva aja ja v\u00f5imsustaseme.<\/li>\n<li><strong>Digitaalsed juhtnupud<\/strong>: Mikrolaineahjul on kasutajas\u00f5bralikud digitaalsed juhtnupud ja selge LED-ekraan, mis muudab toiduvalmistamise funktsioonide valimise, seadete reguleerimise ja toiduvalmistamise edenemise j\u00e4lgimise lihtsaks.<\/li>\n<li><strong>Sulatusfunktsioon<\/strong>: Sulatusfunktsiooniga varustatud mikrolaineahi v\u00f5imaldab k\u00fclmutatud toiduainete kiiret ja t\u00f5husat sulatamist, tagades \u00fchtlase sulatamise ilma toitu k\u00fcpsetamata.<\/li>\n<li><strong>Lapselukk<\/strong>: Ohutuse tagamiseks on MW49SL varustatud lapseluku funktsiooniga, mis hoiab \u00e4ra laste v\u00f5i volitamata kasutajate juhusliku kasutamise.<\/li>\n<li><strong>Stiilne disain<\/strong>: Bauknecht MW49SL oma kaasaegse disaini ja kompaktse jalaj\u00e4ljega t\u00e4iendab iga k\u00f6\u00f6gi sisustust, pakkudes samal ajal t\u00f5husat toiduvalmistamist.<\/li>\n<\/ol>","protected":false},"excerpt":{"rendered":"<p>Bauknecht MW49SL on mitmek\u00fclgne mikrolaineahi, millel on ruumikas siseruum, mitu v\u00f5imsusastet ja mugavad funktsioonid, nagu automaatsed toiduvalmistamisprogrammid ja sulatusfunktsioon. Selle kasutajas\u00f5bralikud digitaalsed juhtnupud ja elegantne disain muudavad selle stiilseks ja praktiliseks lisandiks igasse k\u00f6\u00f6ki.<\/p>","protected":false},"featured_media":2581,"comment_status":"open","ping_status":"closed","template":"","meta":{"_monsterinsights_skip_tracking":false,"_monsterinsights_sitenote_active":false,"_monsterinsights_sitenote_note":"","_monsterinsights_sitenote_category":0,"jetpack_publicize_message":"","jetpack_publicize_feature_enabled":true,"jetpack_social_post_already_shared":false,"jetpack_social_options":{"image_generator_settings":{"template":"highway","default_image_id":0,"font":"","enabled":false},"version":2}},"product_brand":[],"product_cat":[72],"product_tag":[],"class_list":{"0":"post-2580","1":"product","2":"type-product","3":"status-publish","4":"has-post-thumbnail","6":"product_cat-microwave-ovens","8":"first","9":"instock","10":"sale","11":"shipping-taxable","12":"purchasable","13":"product-type-simple"},"aioseo_notices":[],"jetpack_publicize_connections":[],"jetpack_sharing_enabled":true,"_links":{"self":[{"href":"https:\/\/amazingmarket.ee\/et\/wp-json\/wp\/v2\/product\/2580","targetHints":{"allow":["GET"]}}],"collection":[{"href":"https:\/\/amazingmarket.ee\/et\/wp-json\/wp\/v2\/product"}],"about":[{"href":"https:\/\/amazingmarket.ee\/et\/wp-json\/wp\/v2\/types\/product"}],"replies":[{"embeddable":true,"href":"https:\/\/amazingmarket.ee\/et\/wp-json\/wp\/v2\/comments?post=2580"}],"wp:featuredmedia":[{"embeddable":true,"href":"https:\/\/amazingmarket.ee\/et\/wp-json\/wp\/v2\/media\/2581"}],"wp:attachment":[{"href":"https:\/\/amazingmarket.ee\/et\/wp-json\/wp\/v2\/media?parent=2580"}],"wp:term":[{"taxonomy":"product_brand","embeddable":true,"href":"https:\/\/amazingmarket.ee\/et\/wp-json\/wp\/v2\/product_brand?post=2580"},{"taxonomy":"product_cat","embeddable":true,"href":"https:\/\/amazingmarket.ee\/et\/wp-json\/wp\/v2\/product_cat?post=2580"},{"taxonomy":"product_tag","embeddable":true,"href":"https:\/\/amazingmarket.ee\/et\/wp-json\/wp\/v2\/product_tag?post=2580"}],"curies":[{"name":"wp","href":"https:\/\/api.w.org\/{rel}","templated":true}]}}