{"id":2444,"date":"2024-03-14T08:12:02","date_gmt":"2024-03-14T08:12:02","guid":{"rendered":"https:\/\/amazingmarket.ee\/?post_type=product&#038;p=2444"},"modified":"2026-03-14T11:15:30","modified_gmt":"2026-03-14T09:15:30","slug":"krups-beertender-b90","status":"publish","type":"product","link":"https:\/\/amazingmarket.ee\/et\/toode\/krups-beertender-b90\/","title":{"rendered":"KRUPS BEERTENDER B90"},"content":{"rendered":"<p><span style=\"font-size: 130%;\"><strong>DEMO, T\u00d6\u00d6TAB<\/strong><\/span><\/p>\n<p>KRUPS BEERTENDER B90 on keerukas \u00f5llejaotuss\u00fcsteem, mis on loodud koduse joomise kogemuse t\u00e4iustamiseks. Siin on selle omaduste p\u00f5hjalik \u00fclevaade:<\/p>\n<ol>\n<li><strong>Optimeeritud \u00f5lle ladustamine<\/strong>BEERTENDER B90 on varustatud t\u00e4iustatud jahutustehnoloogiaga, mis hoiab teie \u00f5lut optimaalsel temperatuuril, tagades selle v\u00e4rske ja maitsva s\u00e4ilimise kuni valamise ajani.<\/li>\n<li><strong>\u00dchildub Heinekeni DraughtKeg&#039;idega<\/strong>See s\u00fcsteem on spetsiaalselt loodud t\u00f6\u00f6tama Heineken DraughtKegs&#039;iga, v\u00f5imaldades teil nautida Heinekeni \u00f5lle eksimatut maitset oma kodu mugavuses.<\/li>\n<li><strong>Lihtsalt kasutatav doseerimiss\u00fcsteem<\/strong>BEERTENDER B90-l on lihtne ja intuitiivne v\u00e4ljastuss\u00fcsteem, mis teeb iga kord t\u00e4iusliku \u00f5lleklaasi valamise imelihtsaks. Lihtsalt sisesta DraughtKeg, kinnita kraan ja oledki valamiseks valmis.<\/li>\n<li><strong>LED-temperatuuri indikaator<\/strong>Sisseehitatud LED-temperatuuriindikaator annab teada, millal teie \u00f5lu on saavutanud ideaalse serveerimistemperatuuri, tagades, et iga klaas on maksimaalse naudingu saamiseks ideaalselt jahutatud.<\/li>\n<li><strong>Stiilne ja kaasaegne disain<\/strong>Oma elegantse roostevabast terasest v\u00e4lisilme ja kompaktse jalaj\u00e4ljega lisab BEERTENDER B90 igale kodubaarile v\u00f5i k\u00f6\u00f6gitasapinnale elegantsi.<\/li>\n<li><strong>Eemaldatav tilkumisalus<\/strong>Eemaldatav tilgaalus muudab puhastamise imelihtsaks, v\u00f5imaldades teil mahavoolanud \u00f5lut v\u00f5i kondensaati h\u00f5lpsalt eemaldada ja t\u00fchjendada.<\/li>\n<li><strong>Reguleeritavad temperatuuriseaded<\/strong>BEERTENDER B90 v\u00f5imaldab teil temperatuuri vastavalt oma eelistustele reguleerida, tagades, et teie \u00f5lut serveeritakse iga kord ideaalsel temperatuuril.<\/li>\n<li><strong>Vaikne t\u00f6\u00f6<\/strong>BEERTENDER B90 t\u00f6\u00f6tab vaikselt, nii et saate oma \u00f5lut nautida ilma segava m\u00fcrata.<\/li>\n<li><strong>Ideaalne meelelahutuseks<\/strong>Olenemata sellest, kas korraldad pidu, vaatad s\u00f5pradega m\u00e4ngu v\u00f5i lihtsalt puhkad kodus, on BEERTENDER B90 ideaalne lisa igale seltskondlikule koosviibimisele.<\/li>\n<li><strong>Mugav suurus<\/strong>Oma kompaktse suuruse t\u00f5ttu on BEERTENDER B90-t lihtne hoiustada, kui seda ei kasutata, mist\u00f5ttu on see mugav valik piiratud ruumiga \u00f5llehuvilistele.<\/li>\n<\/ol>\n<p>Kokkuv\u00f5ttes pakub KRUPS BEERTENDER B90 mugavat ja stiilset viisi Heinekeni \u00f5lle eksimatu maitse nautimiseks kodus, muutes selle iga \u00f5lles\u00f5bra kohustuslikuks.<\/p>","protected":false},"excerpt":{"rendered":"<p>KRUPS BEERTENDER B90 on keerukas \u00f5llejaotuss\u00fcsteem, mis on loodud spetsiaalselt Heineken DraughtKeg&#039;idega kasutamiseks. T\u00e4nu t\u00e4iustatud jahutustehnoloogiale, h\u00f5lpsasti kasutatavale v\u00e4ljastuss\u00fcsteemile ja elegantsele disainile on see ideaalne t\u00e4iendus igale kodubaarile v\u00f5i k\u00f6\u00f6giletile.<\/p>","protected":false},"featured_media":2461,"comment_status":"open","ping_status":"closed","template":"","meta":{"_monsterinsights_skip_tracking":false,"_monsterinsights_sitenote_active":false,"_monsterinsights_sitenote_note":"","_monsterinsights_sitenote_category":0,"jetpack_publicize_message":"","jetpack_publicize_feature_enabled":true,"jetpack_social_post_already_shared":true,"jetpack_social_options":{"image_generator_settings":{"template":"highway","default_image_id":0,"font":"","enabled":false},"version":2}},"product_brand":[],"product_cat":[113],"product_tag":[],"class_list":{"0":"post-2444","1":"product","2":"type-product","3":"status-publish","4":"has-post-thumbnail","6":"product_cat-beer-machines","8":"first","9":"instock","10":"sale","11":"shipping-taxable","12":"purchasable","13":"product-type-simple"},"aioseo_notices":[],"jetpack_publicize_connections":[],"jetpack_sharing_enabled":true,"_links":{"self":[{"href":"https:\/\/amazingmarket.ee\/et\/wp-json\/wp\/v2\/product\/2444","targetHints":{"allow":["GET"]}}],"collection":[{"href":"https:\/\/amazingmarket.ee\/et\/wp-json\/wp\/v2\/product"}],"about":[{"href":"https:\/\/amazingmarket.ee\/et\/wp-json\/wp\/v2\/types\/product"}],"replies":[{"embeddable":true,"href":"https:\/\/amazingmarket.ee\/et\/wp-json\/wp\/v2\/comments?post=2444"}],"wp:featuredmedia":[{"embeddable":true,"href":"https:\/\/amazingmarket.ee\/et\/wp-json\/wp\/v2\/media\/2461"}],"wp:attachment":[{"href":"https:\/\/amazingmarket.ee\/et\/wp-json\/wp\/v2\/media?parent=2444"}],"wp:term":[{"taxonomy":"product_brand","embeddable":true,"href":"https:\/\/amazingmarket.ee\/et\/wp-json\/wp\/v2\/product_brand?post=2444"},{"taxonomy":"product_cat","embeddable":true,"href":"https:\/\/amazingmarket.ee\/et\/wp-json\/wp\/v2\/product_cat?post=2444"},{"taxonomy":"product_tag","embeddable":true,"href":"https:\/\/amazingmarket.ee\/et\/wp-json\/wp\/v2\/product_tag?post=2444"}],"curies":[{"name":"wp","href":"https:\/\/api.w.org\/{rel}","templated":true}]}}