{"id":2250,"date":"2024-03-09T13:34:51","date_gmt":"2024-03-09T13:34:51","guid":{"rendered":"https:\/\/amazingmarket.ee\/?post_type=product&#038;p=2250"},"modified":"2026-03-14T11:15:30","modified_gmt":"2026-03-14T09:15:30","slug":"tesvor-x500-pro","status":"publish","type":"product","link":"https:\/\/amazingmarket.ee\/et\/toode\/tesvor-x500-pro\/","title":{"rendered":"Tesvor X500 Pro"},"content":{"rendered":"<p><span style=\"font-size: 160%;\">V\u00c4HE KASUTATUD\u00a0<\/span><\/p>\n<p>Tesvor X500 Pro on robottolmuimeja, mis on loodud pakkuma teie kodus t\u00f5husaid ja k\u00e4ed-vabad puhastuslahendusi. Siin on p\u00f5hjalik \u00fclevaade selle funktsioonidest:<\/p>\n<ol>\n<li><strong>Nutikas navigatsioonis\u00fcsteem<\/strong>: X500 Pro kasutab teie kodu navigeerimiseks ja kaardistamiseks t\u00e4iustatud navigatsioonitehnoloogiat, sealhulgas g\u00fcroskoopilist navigatsiooni ja mitut andurit, tagades p\u00f5hjaliku katvuse ja t\u00f5husad puhastusmarsruudid.<\/li>\n<li><strong>V\u00f5imas imemine<\/strong>: v\u00f5imsa mootori ja imemiss\u00fcsteemiga robottolmuimeja p\u00fc\u00fcab t\u00f5husalt kinni mustuse, tolmu, lemmikloomade karvad ja prahi erinevat t\u00fc\u00fcpi p\u00f5randatelt, sealhulgas lehtpuidust, plaatidelt ja vaipadelt.<\/li>\n<li><strong>\u00d5huke disain<\/strong>: Oma madala profiiliga disainiga X500 Pro saab h\u00f5lpsasti liikuda m\u00f6\u00f6bli, voodite ja muude madala kliirensiga takistuste all, et puhastada raskesti ligip\u00e4\u00e4setavaid kohti.<\/li>\n<li><strong>Rakendus ja h\u00e4\u00e4ljuhtimine<\/strong>: Tolmuimeja \u00fchildub rakendusega TesvorHome, mis v\u00f5imaldab teil nutitelefonist eemalt juhtida ja ajastada puhastusseansse. See toetab mugavuse suurendamiseks ka h\u00e4\u00e4lk\u00e4sklusi Amazon Alexa ja Google Assistanti kaudu.<\/li>\n<li><strong>Mitu puhastusre\u017eiimi<\/strong>: X500 Pro pakub mitut puhastusre\u017eiimi, sealhulgas automaatne puhastamine, punktpuhastus, servade puhastamine ja siksakiline puhastamine, mis v\u00f5imaldab teil kohandada puhastusprotsessi vastavalt oma vajadustele.<\/li>\n<li><strong>Pikk aku eluiga<\/strong>: Suure v\u00f5imsusega liitiumioonaku toitel t\u00f6\u00f6tav robottolmuimeja tagab \u00fche laadimisega pikema t\u00f6\u00f6aja, tagades suurte alade p\u00f5hjaliku puhastamise ilma katkestusteta.<\/li>\n<li><strong>Automaatne laadimine ja j\u00e4tkamine<\/strong>: Kui aku on t\u00fchi, naaseb X500 Pro laadimiseks automaatselt oma laadimisdokile. Kui see on t\u00e4ielikult laetud, j\u00e4tkab see puhastamist kohast, kus see pooleli j\u00e4i, tagades pideva puhastuskatte.<\/li>\n<li><strong>Kokkup\u00f5rke- ja kukkumisvastased andurid<\/strong>: vaakum on varustatud kokkup\u00f5rkevastaste anduritega, et tuvastada selle teel olevad takistused ja liikuda nende \u00fcmber. Sellel on ka kukkumisvastased andurid, mis takistavad trepist alla kukkumist ja muid mahakukkumisi.<\/li>\n<li><strong>Suur pr\u00fcgikasti mahutavus<\/strong>: X500 Pro-l on suure mahutavusega pr\u00fcgikast, mis kogub puhastusseansside ajal mustuse ja prahi, v\u00e4hendades t\u00fchjendamise sagedust ja tagades katkematu puhastamise.<\/li>\n<li><strong>Vaikne t\u00f6\u00f6<\/strong>: Vaatamata v\u00f5imsale imemisele t\u00f6\u00f6tab X500 Pro vaikselt, v\u00f5imaldades diskreetset puhastamist ilma majapidamistoiminguid v\u00f5i magavaid s\u00f5itjaid segamata.<\/li>\n<\/ol>\n<p>\u00dcldiselt pakub Tesvor X500 Pro nutikat navigeerimist, v\u00f5imsat imemist ja mugavaid funktsioone teie kodu k\u00e4ed-vabad puhastamiseks ja hooldamiseks.<\/p>","protected":false},"excerpt":{"rendered":"<p>Tesvor X500 Pro on nutikas robottolmuimeja v\u00f5imsa imemise, t\u00e4iustatud navigeerimise ja rakenduste juhtimise v\u00f5imalustega. Selle \u00f5huke disain, pikk aku t\u00f6\u00f6iga ja mitu puhastusre\u017eiimi teevad sellest t\u00f5husa ja mugava lahenduse kodu puhta ja korras hoidmiseks.<\/p>","protected":false},"featured_media":2251,"comment_status":"open","ping_status":"closed","template":"","meta":{"_monsterinsights_skip_tracking":false,"_monsterinsights_sitenote_active":false,"_monsterinsights_sitenote_note":"","_monsterinsights_sitenote_category":0,"jetpack_publicize_message":"","jetpack_publicize_feature_enabled":true,"jetpack_social_post_already_shared":false,"jetpack_social_options":{"image_generator_settings":{"template":"highway","default_image_id":0,"font":"","enabled":false},"version":2}},"product_brand":[],"product_cat":[80],"product_tag":[],"class_list":{"0":"post-2250","1":"product","2":"type-product","3":"status-publish","4":"has-post-thumbnail","6":"product_cat-robot-vacuum-cleaners","8":"first","9":"instock","10":"sale","11":"shipping-taxable","12":"purchasable","13":"product-type-simple"},"aioseo_notices":[],"jetpack_publicize_connections":[],"jetpack_sharing_enabled":true,"_links":{"self":[{"href":"https:\/\/amazingmarket.ee\/et\/wp-json\/wp\/v2\/product\/2250","targetHints":{"allow":["GET"]}}],"collection":[{"href":"https:\/\/amazingmarket.ee\/et\/wp-json\/wp\/v2\/product"}],"about":[{"href":"https:\/\/amazingmarket.ee\/et\/wp-json\/wp\/v2\/types\/product"}],"replies":[{"embeddable":true,"href":"https:\/\/amazingmarket.ee\/et\/wp-json\/wp\/v2\/comments?post=2250"}],"wp:featuredmedia":[{"embeddable":true,"href":"https:\/\/amazingmarket.ee\/et\/wp-json\/wp\/v2\/media\/2251"}],"wp:attachment":[{"href":"https:\/\/amazingmarket.ee\/et\/wp-json\/wp\/v2\/media?parent=2250"}],"wp:term":[{"taxonomy":"product_brand","embeddable":true,"href":"https:\/\/amazingmarket.ee\/et\/wp-json\/wp\/v2\/product_brand?post=2250"},{"taxonomy":"product_cat","embeddable":true,"href":"https:\/\/amazingmarket.ee\/et\/wp-json\/wp\/v2\/product_cat?post=2250"},{"taxonomy":"product_tag","embeddable":true,"href":"https:\/\/amazingmarket.ee\/et\/wp-json\/wp\/v2\/product_tag?post=2250"}],"curies":[{"name":"wp","href":"https:\/\/api.w.org\/{rel}","templated":true}]}}