{"id":2185,"date":"2024-03-09T12:53:44","date_gmt":"2024-03-09T12:53:44","guid":{"rendered":"https:\/\/amazingmarket.ee\/?post_type=product&#038;p=2185"},"modified":"2026-03-14T11:15:30","modified_gmt":"2026-03-14T09:15:30","slug":"russell-hobbs-25620","status":"publish","type":"product","link":"https:\/\/amazingmarket.ee\/et\/toode\/russell-hobbs-25620\/","title":{"rendered":"Russell Hobbs 25620"},"content":{"rendered":"<p><span style=\"font-size: 170%;\"><strong>V\u00c4HE KASUTATUD<\/strong><\/span><\/p>\n<p>Russell Hobbs 25620-56 digitaalne Grind&amp;Brew termokohvimasin on keerukas kohvimasin, mis on loodud pakkuma v\u00e4rskelt pruulitud kohvi kohandatavate valikutega. Siin on p\u00f5hjalik \u00fclevaade selle omadustest:<\/p>\n<ol>\n<li><strong>Digitaalne juhtpaneel<\/strong>Kohvimasinal on digitaalne juhtpaneel, mis v\u00f5imaldab intuitiivset kasutamist ja keetmisseadete h\u00f5lpsat navigeerimist.<\/li>\n<li><strong>Sisseehitatud veski<\/strong>Sisseehitatud veskiga masin jahvatab enne keetmist kohviube v\u00e4rskelt, tagades iga tassi maksimaalse maitse ja aroomi.<\/li>\n<li><strong>Kohandatavad pruulimisvalikud<\/strong>Kohvi kanguse, jahvatusastme ja keetmisaja reguleeritavate s\u00e4tetega saavad kasutajad oma kohvi vastavalt eelistatud maitsele ja intensiivsusele kohandada.<\/li>\n<li><strong>Termiline karahvin<\/strong>Kohvimasinal on termokann, mis aitab hoida keedetud kohvi kauem kuumana, ilma et see maitset kahjustaks.<\/li>\n<li><strong>Programmeeritav taimer<\/strong>Programmeeritava taimeriga kohvimasin saab seadistada kohvi valmistamise alustama kindlal ajal, tagades, et v\u00e4rskelt valmistatud kohv on valmis \u00e4rkamiseks v\u00f5i koju j\u00f5udmiseks.<\/li>\n<li><strong>Suur mahutavus<\/strong>Masinal on suur maht, mis v\u00f5imaldab sellel korraga mitu tassi kohvi valmistada, mist\u00f5ttu sobib see nii leibkondadesse kui ka k\u00fclaliste vastuv\u00f5tmiseks.<\/li>\n<li><strong>Automaatne v\u00e4ljal\u00fclitus<\/strong>Ohutuse ja energiat\u00f5hususe tagamiseks on kohvimasinal automaatse v\u00e4ljal\u00fclituse funktsioon, mis l\u00fclitab masina teatud aja m\u00f6\u00f6dudes v\u00e4lja.<\/li>\n<li><strong>Pausi ja serveerimise funktsioon<\/strong>Pausi ja serveerimise funktsioon v\u00f5imaldab kasutajatel kohvi valmistamise ajal endale tassi kohvi valada, ilma et see maha pritsiks v\u00f5i segadust tekitaks.<\/li>\n<li><strong>Vee filtreerimiss\u00fcsteem<\/strong>Kohvimasin, millel on veefiltreerimiss\u00fcsteem, tagab, et kohvi valmistamiseks kasutatav vesi on lisanditevaba, mille tulemuseks on puhtama maitsega kohv.<\/li>\n<li><strong>Stiilne disain<\/strong>Oma moodsa ja elegantse disainiga lisab Russell Hobbs 25620-56 digitaalne Grind&amp;Brew termokohvimasin igale k\u00f6\u00f6gitasapinnale elegantsi.<\/li>\n<\/ol>\n<p>\u00dcldiselt pakub see kohvimasin mugavust, kohandamist ja kvaliteetset keetmist, muutes selle suurep\u00e4raseks valikuks kohvihuvilistele, kes otsivad kodus esmaklassilist kohvikogemust.<\/p>","protected":false},"excerpt":{"rendered":"<p>Russell Hobbs 25620-56 digitaalne Grind&amp;Brew termokohvimasin on keerukas masin sisseehitatud veski, kohandatavate keetmisvalikute ja kohvi kuumana hoidmisega termokannuga. Oma elegantse disaini ja programmeeritavate funktsioonidega pakub see mugavust ja kvaliteetset kohvi kodus kasutamiseks.<\/p>","protected":false},"featured_media":2186,"comment_status":"open","ping_status":"closed","template":"","meta":{"_monsterinsights_skip_tracking":false,"_monsterinsights_sitenote_active":false,"_monsterinsights_sitenote_note":"","_monsterinsights_sitenote_category":0,"jetpack_publicize_message":"","jetpack_publicize_feature_enabled":true,"jetpack_social_post_already_shared":false,"jetpack_social_options":{"image_generator_settings":{"template":"highway","default_image_id":0,"font":"","enabled":false},"version":2}},"product_brand":[],"product_cat":[73],"product_tag":[],"class_list":{"0":"post-2185","1":"product","2":"type-product","3":"status-publish","4":"has-post-thumbnail","6":"product_cat-coffee-machines","8":"first","9":"instock","10":"sale","11":"shipping-taxable","12":"purchasable","13":"product-type-simple"},"aioseo_notices":[],"jetpack_publicize_connections":[],"jetpack_sharing_enabled":true,"_links":{"self":[{"href":"https:\/\/amazingmarket.ee\/et\/wp-json\/wp\/v2\/product\/2185","targetHints":{"allow":["GET"]}}],"collection":[{"href":"https:\/\/amazingmarket.ee\/et\/wp-json\/wp\/v2\/product"}],"about":[{"href":"https:\/\/amazingmarket.ee\/et\/wp-json\/wp\/v2\/types\/product"}],"replies":[{"embeddable":true,"href":"https:\/\/amazingmarket.ee\/et\/wp-json\/wp\/v2\/comments?post=2185"}],"wp:featuredmedia":[{"embeddable":true,"href":"https:\/\/amazingmarket.ee\/et\/wp-json\/wp\/v2\/media\/2186"}],"wp:attachment":[{"href":"https:\/\/amazingmarket.ee\/et\/wp-json\/wp\/v2\/media?parent=2185"}],"wp:term":[{"taxonomy":"product_brand","embeddable":true,"href":"https:\/\/amazingmarket.ee\/et\/wp-json\/wp\/v2\/product_brand?post=2185"},{"taxonomy":"product_cat","embeddable":true,"href":"https:\/\/amazingmarket.ee\/et\/wp-json\/wp\/v2\/product_cat?post=2185"},{"taxonomy":"product_tag","embeddable":true,"href":"https:\/\/amazingmarket.ee\/et\/wp-json\/wp\/v2\/product_tag?post=2185"}],"curies":[{"name":"wp","href":"https:\/\/api.w.org\/{rel}","templated":true}]}}