{"id":2181,"date":"2024-03-09T12:49:43","date_gmt":"2024-03-09T12:49:43","guid":{"rendered":"https:\/\/amazingmarket.ee\/?post_type=product&#038;p=2181"},"modified":"2026-03-14T11:15:30","modified_gmt":"2026-03-14T09:15:30","slug":"karcher-fc-7-cordless-bagless-silver-yellow-2","status":"publish","type":"product","link":"https:\/\/amazingmarket.ee\/et\/toode\/karcher-fc-7-cordless-bagless-silver-yellow-2\/","title":{"rendered":"K\u00e4rcher FC 7 Juhtmeta kotita h\u00f5bedane, kollane 2"},"content":{"rendered":"<p><span style=\"font-size: 160%;\">V\u00c4HE KASUTATUD<\/span><\/p>\n<p>K\u00e4rcher FC 7 Cordless Bagless on t\u00e4iustatud p\u00f5randapuhastusvahend, mis on loodud k\u00f5vade p\u00f5randate t\u00f5husaks ja probleemivabaks puhastamiseks. Siin on \u00fcksikasjalik \u00fclevaade selle funktsioonidest:<\/p>\n<ol>\n<li><strong>Juhtmeta disain<\/strong>: FC 7 on juhtmeta, pakkudes liikumisvabadust ja v\u00e4listades vajaduse seadme puhastamise ajal \u00fchendada ja lahti \u00fchendada. See funktsioon suurendab mugavust ja man\u00f6\u00f6verdusv\u00f5imet.<\/li>\n<li><strong>Kotita operatsioon<\/strong>: kotita disainiga FC 7 kogub mustuse, prahi ja tolmu sisseehitatud anumasse, v\u00e4listades vajaduse \u00fchekordsete kottide j\u00e4rele. See v\u00e4hendab jooksvaid kulusid ning muudab konteineri t\u00fchjendamise lihtsaks ja h\u00fcgieeniliseks.<\/li>\n<li><strong>Kahe paagi s\u00fcsteem<\/strong>: FC 7-l on kahe paagiga s\u00fcsteem, mis eraldab puhta ja musta vee, tagades, et p\u00f5randa pesemiseks kasutatakse ainult puhast vett. See s\u00fcsteem hoiab \u00e4ra triipude ja j\u00e4\u00e4kide teket p\u00f5randale, mille tulemuseks on p\u00f5hjalik ja triipudevaba puhastus.<\/li>\n<li><strong>Isepuhastuvad rullid<\/strong>: Isepuhastuvate rullidega varustatud FC 7 eemaldab t\u00f6\u00f6tamise ajal rullikutelt automaatselt mustuse ja prahi. See funktsioon s\u00e4ilitab optimaalse puhastustulemuse ja pikendab rullide eluiga.<\/li>\n<li><strong>Neljaetapiline puhastusprotsess<\/strong>: FC 7 kasutab k\u00f5vade p\u00f5randate p\u00f5hjalikuks puhastamiseks neljaastmelist puhastusprotsessi. See protsess h\u00f5lmab tolmuimemist, eelniisutamist, k\u00fc\u00fcrimist ja kaabitsaga puhastamist, mille tulemuseks on p\u00f5hjalik ja t\u00f5hus puhastus.<\/li>\n<li><strong>Reguleeritav rulli kiirus<\/strong>: FC 7 v\u00f5imaldab teil reguleerida rulli kiirust vastavalt erinevatele p\u00f5randat\u00fc\u00fcpidele ja puhastusvajadustele. See funktsioon tagab optimaalse puhastustulemuse erinevatel pindadel, sealhulgas plaatidel, lehtpuul, laminaadil ja mujal.<\/li>\n<li><strong>LED-ekraan<\/strong>: FC 7 on varustatud LED-ekraaniga, mis annab puhastusprotsessi kohta reaalajas tagasisidet. See ekraan n\u00e4itab aku taset, puhastusre\u017eiimi ja hooldushoiatusi, tagades kasutajas\u00f5braliku t\u00f6\u00f6.<\/li>\n<li><strong>Pikk aku eluiga<\/strong>: kauakestva akuga FC 7 pakub pikemaid puhastusseansse ilma sagedase laadimise vajaduseta. See v\u00f5imaldab \u00fche laadimisega puhastada suuri alasid v\u00f5i mitut tuba.<\/li>\n<li><strong>Lihtne man\u00f6\u00f6verdusv\u00f5ime<\/strong>: FC 7 on kerge ja ergonoomilise disainiga, mis muudab m\u00f6\u00f6bli ja takistuste \u00fcmber man\u00f6\u00f6verdamise lihtsaks. See disain v\u00e4hendab pinget ja v\u00e4simust pikemate puhastusseansside ajal.<\/li>\n<li><strong>Kompaktne salvestusruum<\/strong>: FC 7 on m\u00f5eldud kompaktseks hoiustamiseks, kokkupandava k\u00e4epideme ja \u00f5hukese profiiliga, mis v\u00f5imaldab seda hoida kitsastes kohtades v\u00f5i kappides, kui seda ei kasutata.<\/li>\n<\/ol>\n<p>\u00dcldiselt pakub K\u00e4rcher FC 7 Cordless Bagless t\u00e4iustatud puhastusj\u00f5udlust, mugavust ja mitmek\u00fclgsust k\u00f5vade p\u00f5randate hooldamiseks kodudes ja \u00e4riruumides.<\/p>","protected":false},"excerpt":{"rendered":"<p>K\u00e4rcher FC 7 Cordless Bagless on t\u00e4iustatud p\u00f5randapuhastusvahend, mis on m\u00f5eldud k\u00f5vadele p\u00f5randatele. Juhtmeta t\u00f6\u00f6, kotita disaini, isepuhastuvate rullide ja reguleeritava rulliku kiirusega pakub see t\u00f5husat ja probleemivaba puhastamist.<\/p>","protected":false},"featured_media":2182,"comment_status":"open","ping_status":"closed","template":"","meta":{"_monsterinsights_skip_tracking":false,"_monsterinsights_sitenote_active":false,"_monsterinsights_sitenote_note":"","_monsterinsights_sitenote_category":0,"jetpack_publicize_message":"","jetpack_publicize_feature_enabled":true,"jetpack_social_post_already_shared":false,"jetpack_social_options":{"image_generator_settings":{"template":"highway","default_image_id":0,"font":"","enabled":false},"version":2}},"product_brand":[],"product_cat":[102],"product_tag":[],"class_list":{"0":"post-2181","1":"product","2":"type-product","3":"status-publish","4":"has-post-thumbnail","6":"product_cat-vacuum-cleaners","8":"first","9":"instock","10":"sale","11":"shipping-taxable","12":"purchasable","13":"product-type-simple"},"aioseo_notices":[],"jetpack_publicize_connections":[],"jetpack_sharing_enabled":true,"_links":{"self":[{"href":"https:\/\/amazingmarket.ee\/et\/wp-json\/wp\/v2\/product\/2181","targetHints":{"allow":["GET"]}}],"collection":[{"href":"https:\/\/amazingmarket.ee\/et\/wp-json\/wp\/v2\/product"}],"about":[{"href":"https:\/\/amazingmarket.ee\/et\/wp-json\/wp\/v2\/types\/product"}],"replies":[{"embeddable":true,"href":"https:\/\/amazingmarket.ee\/et\/wp-json\/wp\/v2\/comments?post=2181"}],"wp:featuredmedia":[{"embeddable":true,"href":"https:\/\/amazingmarket.ee\/et\/wp-json\/wp\/v2\/media\/2182"}],"wp:attachment":[{"href":"https:\/\/amazingmarket.ee\/et\/wp-json\/wp\/v2\/media?parent=2181"}],"wp:term":[{"taxonomy":"product_brand","embeddable":true,"href":"https:\/\/amazingmarket.ee\/et\/wp-json\/wp\/v2\/product_brand?post=2181"},{"taxonomy":"product_cat","embeddable":true,"href":"https:\/\/amazingmarket.ee\/et\/wp-json\/wp\/v2\/product_cat?post=2181"},{"taxonomy":"product_tag","embeddable":true,"href":"https:\/\/amazingmarket.ee\/et\/wp-json\/wp\/v2\/product_tag?post=2181"}],"curies":[{"name":"wp","href":"https:\/\/api.w.org\/{rel}","templated":true}]}}