{"id":2148,"date":"2024-03-09T12:31:04","date_gmt":"2024-03-09T12:31:04","guid":{"rendered":"https:\/\/amazingmarket.ee\/?post_type=product&#038;p=2148"},"modified":"2026-03-14T11:15:30","modified_gmt":"2026-03-14T09:15:30","slug":"russell-hobbs-chester-grind-brew-22000-56","status":"publish","type":"product","link":"https:\/\/amazingmarket.ee\/et\/toode\/russell-hobbs-chester-grind-brew-22000-56\/","title":{"rendered":"Russell Hobbs &quot;Chester Grind &amp; Brew&quot; 22000-56"},"content":{"rendered":"<p><span style=\"font-size: 160%;\"><strong>V\u00c4HE KASUTATUD<\/strong><\/span><\/p>\n<p>Russell Hobbsi \u201cChester Grind &amp; Brew\u201d 22000-56 on mitmek\u00fclgne kohvimasin, mis on loodud maitsva ja v\u00e4rskelt jahvatatud kohvi h\u00f5lpsaks valmistamiseks. Siin on selle omaduste \u00fcksikasjalik \u00fclevaade:<\/p>\n<ol>\n<li><strong>Jahvata ja pruuli funktsioon<\/strong>Chester Grind &amp; Brew kohvimasin v\u00f5imaldab teil jahvatada v\u00e4rskeid kohviube ja need koheselt keeta, tagades iga tassi maksimaalse maitse ja v\u00e4rskuse.<\/li>\n<li><strong>Sisseehitatud veski<\/strong>Sisseehitatud veskiga kohvimasin jahvatab terved kohvioad teie soovitud j\u00e4medusele, v\u00f5imaldades teil kohvi kangust ja maitset kohandada.<\/li>\n<li><strong>Programmeeritavad s\u00e4tted<\/strong>Kohvimasinal on programmeeritavad s\u00e4tted kohvi kanguse, jahvatusastme ja keetmisaja jaoks, mis v\u00f5imaldab teil kohvi vastavalt oma eelistustele kohandada.<\/li>\n<li><strong>Suur mahutavus<\/strong>T\u00e4nu suurele mahutavusele suudab Chester Grind &amp; Brew kohvimasin korraga valmistada mitu tassi kohvi, mist\u00f5ttu sobib see h\u00e4sti nii kodumajapidamistesse kui ka koosviibimistele.<\/li>\n<li><strong>Soojashoidmise funktsioon<\/strong>P\u00e4rast kohvi valmistamist l\u00fclitub kohvimasin automaatselt soojashoidmise funktsioonile, hoides kohvi temperatuuri pikemat aega ilma maitset kahjustamata.<\/li>\n<li><strong>LCD-ekraan<\/strong>Sisseehitatud LCD-ekraan pakub h\u00f5lpsasti loetavat teavet ja intuitiivseid juhtnuppe, v\u00f5imaldades kohvimasina seadete ja funktsioonide vaevata kasutamist ja navigeerimist.<\/li>\n<li><strong>Programmeeritav taimer<\/strong>Kohvimasinal on programmeeritav taimer, mis v\u00f5imaldab teil keetmisaega ette seadistada, tagades, et v\u00e4rskelt valmistatud kohv on valmis, kui \u00e4rkate v\u00f5i koju j\u00f5uate.<\/li>\n<li><strong>Klaaskarahvin<\/strong>Kohvimasinal on vastupidav ja suure mahutavusega klaasist kann, mis v\u00f5imaldab valmistatud kohvi h\u00f5lpsat valamist ja serveerimist.<\/li>\n<li><strong>Automaatne v\u00e4ljal\u00fclitus<\/strong>Ohutuse ja energiat\u00f5hususe tagamiseks on kohvimasinal automaatse v\u00e4ljal\u00fclituse funktsioon, mis l\u00fclitab seadme teatud aja m\u00f6\u00f6dudes v\u00e4lja.<\/li>\n<li><strong>Stiilne disain<\/strong>Oma elegantse roostevabast terasest disaini ja kompaktse jalaj\u00e4ljega lisab Chester Grind &amp; Brew kohvimasin igale k\u00f6\u00f6gitasapinnale elegantsi.<\/li>\n<\/ol>\n<p>Kokkuv\u00f5ttes pakub Russell Hobbsi \u201eChester Grind &amp; Brew\u201d 22000-56 mugavust, mitmek\u00fclgsust ja j\u00f5udlust kohvis\u00f5pradele, kes otsivad esmaklassilist pruulimiskogemust.<\/p>","protected":false},"excerpt":{"rendered":"<p>Russell Hobbsi \u201eChester Grind &amp; Brew\u201d 22000-56 on mitmek\u00fclgne kohvimasin sisseehitatud veski, programmeeritavate s\u00e4tete ja soojashoidmise funktsiooniga. Oma elegantse disaini ja intuitiivsete juhtnuppudega pakub see mugavust ja kohandamist maitsva, v\u00e4rskelt jahvatatud kohvi valmistamiseks kodus.<\/p>","protected":false},"featured_media":2149,"comment_status":"open","ping_status":"closed","template":"","meta":{"_monsterinsights_skip_tracking":false,"_monsterinsights_sitenote_active":false,"_monsterinsights_sitenote_note":"","_monsterinsights_sitenote_category":0,"jetpack_publicize_message":"","jetpack_publicize_feature_enabled":true,"jetpack_social_post_already_shared":false,"jetpack_social_options":{"image_generator_settings":{"template":"highway","default_image_id":0,"font":"","enabled":false},"version":2}},"product_brand":[],"product_cat":[73],"product_tag":[],"class_list":{"0":"post-2148","1":"product","2":"type-product","3":"status-publish","4":"has-post-thumbnail","6":"product_cat-coffee-machines","8":"first","9":"instock","10":"sale","11":"shipping-taxable","12":"purchasable","13":"product-type-simple"},"aioseo_notices":[],"jetpack_publicize_connections":[],"jetpack_sharing_enabled":true,"_links":{"self":[{"href":"https:\/\/amazingmarket.ee\/et\/wp-json\/wp\/v2\/product\/2148","targetHints":{"allow":["GET"]}}],"collection":[{"href":"https:\/\/amazingmarket.ee\/et\/wp-json\/wp\/v2\/product"}],"about":[{"href":"https:\/\/amazingmarket.ee\/et\/wp-json\/wp\/v2\/types\/product"}],"replies":[{"embeddable":true,"href":"https:\/\/amazingmarket.ee\/et\/wp-json\/wp\/v2\/comments?post=2148"}],"wp:featuredmedia":[{"embeddable":true,"href":"https:\/\/amazingmarket.ee\/et\/wp-json\/wp\/v2\/media\/2149"}],"wp:attachment":[{"href":"https:\/\/amazingmarket.ee\/et\/wp-json\/wp\/v2\/media?parent=2148"}],"wp:term":[{"taxonomy":"product_brand","embeddable":true,"href":"https:\/\/amazingmarket.ee\/et\/wp-json\/wp\/v2\/product_brand?post=2148"},{"taxonomy":"product_cat","embeddable":true,"href":"https:\/\/amazingmarket.ee\/et\/wp-json\/wp\/v2\/product_cat?post=2148"},{"taxonomy":"product_tag","embeddable":true,"href":"https:\/\/amazingmarket.ee\/et\/wp-json\/wp\/v2\/product_tag?post=2148"}],"curies":[{"name":"wp","href":"https:\/\/api.w.org\/{rel}","templated":true}]}}