{"id":2111,"date":"2024-03-02T14:44:30","date_gmt":"2024-03-02T14:44:30","guid":{"rendered":"https:\/\/amazingmarket.ee\/?post_type=product&#038;p=2111"},"modified":"2026-03-14T11:15:30","modified_gmt":"2026-03-14T09:15:30","slug":"karcher-fc-7-cordless-bagless-silver-yellow","status":"publish","type":"product","link":"https:\/\/amazingmarket.ee\/et\/toode\/karcher-fc-7-cordless-bagless-silver-yellow\/","title":{"rendered":"K\u00e4rcher FC 7 Juhtmeta kotita h\u00f5bedane, kollane"},"content":{"rendered":"<p><span style=\"font-size: 170%;\">KASUTATUD ASI, ON M\u00d5NED KRIIMUD,<\/span><\/p>\n<p>H\u00f5bedase ja kollase v\u00e4rviga K\u00e4rcher FC 7 Cordless Bagless on t\u00e4iustatud ja uuenduslik p\u00f5randapuhastusvahend, mis on loodud k\u00f5vade p\u00f5randate t\u00f5husaks ja mugavaks puhastamiseks. Siin on \u00fcksikasjalik \u00fclevaade selle funktsioonidest:<\/p>\n<ol>\n<li><strong>2-in-1 Funktsionaalsus<\/strong>: FC 7 \u00fchendab tolmuimeja ja mopi funktsioonid \u00fcheks mugavaks seadmeks, mis v\u00f5imaldab teil k\u00f5vasid p\u00f5randaid korraga tolmuimejaga imeda ja p\u00fchkida, et saada p\u00f5hjalikud puhastustulemused.<\/li>\n<li><strong>Juhtmeta disain<\/strong>: FC 7 pakub juhtmevaba t\u00f6\u00f6ga liikumisvabadust ja paindlikkust, v\u00f5imaldades teil puhastada ilma pistikupesa \u00fchendamata. Laetav aku tagab katkematute puhastusseansside jaoks pikema t\u00f6\u00f6aja.<\/li>\n<li><strong>Kotita tehnoloogia<\/strong>: FC 7 kasutab kottideta tehnoloogiat, mis v\u00e4listab vajaduse asenduskottide j\u00e4rele ja v\u00e4hendab jooksvaid hoolduskulusid.<\/li>\n<li><strong>V\u00f5imas imemine<\/strong>: Suure j\u00f5udlusega mootori ja imemiss\u00fcsteemiga varustatud FC 7 tagab v\u00f5imsa imemise, et t\u00f5sta ja eemaldada k\u00f5vadelt p\u00f5randapindadelt t\u00f5husalt mustust, tolmu ja prahti.<\/li>\n<li><strong>SmartRolleri tehnoloogia<\/strong>: Patenteeritud SmartRoller-tehnoloogia abil jaotab FC 7 automaatselt vee ja pesuaine p\u00f6\u00f6rlevatele rullikutele, niisutades ja puhastades \u00fchtlaselt p\u00f5randapinda.<\/li>\n<li><strong>Reguleeritav veevool<\/strong>: FC 7 v\u00f5imaldab teil reguleerida vee voolukiirust, et see vastaks p\u00f5randa m\u00e4\u00e4rdumise tasemele, pakkudes kohandatud puhastustulemusi teie kodu eri piirkondade jaoks.<\/li>\n<li><strong>Mitmek\u00fclgne puhastus<\/strong>: FC 7, mis sobib kasutamiseks erinevatel k\u00f5vadel p\u00f5randapindadel, sealhulgas plaatidel, laminaadil, vin\u00fc\u00fclil ja tihendatud puidul, pakub mitmek\u00fclgset puhastust kogu teie kodus.<\/li>\n<li><strong>Lihtne man\u00f6\u00f6verdusv\u00f5ime<\/strong>: Kerge ja ergonoomilise disainiga FC 7 on lihtne \u00fcmber m\u00f6\u00f6bli ja takistuste man\u00f6\u00f6verdada, pakkudes t\u00f5husat puhastust ka kitsastes kohtades.<\/li>\n<li><strong>Kergesti puhastatavad rullid<\/strong>: FC 7 rullid on kergesti eemaldatavad ja masinas pestavad, mis teeb puhastamise kiireks ja mugavaks p\u00e4rast iga kasutuskorda.<\/li>\n<li><strong>LED esituled<\/strong>: FC 7-l on integreeritud LED-esituled, mis valgustavad puhastusrada, tagades p\u00f5hjaliku puhastamise ka v\u00e4hese valgusega tingimustes.<\/li>\n<\/ol>\n<p>\u00dcldiselt pakub h\u00f5bedase ja kollase v\u00e4rviga K\u00e4rcher FC 7 Cordless Bagless t\u00e4iustatud puhastustehnoloogiat, v\u00f5imsat imemist ja mugavaid funktsioone, et hoida k\u00f5vad p\u00f5randad puhtad ja puutumata.<\/p>","protected":false},"excerpt":{"rendered":"<p>H\u00f5bedase ja kollase v\u00e4rviga K\u00e4rcher FC 7 Cordless Bagless on t\u00e4iustatud 2-in-1 p\u00f5randapuhastusvahend, mis imeb ja p\u00fchib k\u00f5vasid p\u00f5randaid \u00fcheaegselt. Juhtmeta disaini, v\u00f5imsa imemise ja reguleeritava veevooluga tagab see erinevate k\u00f5vade p\u00f5randapindade t\u00f5husa ja mugava puhastamise.<\/p>","protected":false},"featured_media":2112,"comment_status":"open","ping_status":"closed","template":"","meta":{"_monsterinsights_skip_tracking":false,"_monsterinsights_sitenote_active":false,"_monsterinsights_sitenote_note":"","_monsterinsights_sitenote_category":0,"jetpack_publicize_message":"","jetpack_publicize_feature_enabled":true,"jetpack_social_post_already_shared":false,"jetpack_social_options":{"image_generator_settings":{"template":"highway","default_image_id":0,"font":"","enabled":false},"version":2}},"product_brand":[],"product_cat":[101],"product_tag":[],"class_list":{"0":"post-2111","1":"product","2":"type-product","3":"status-publish","4":"has-post-thumbnail","6":"product_cat-cordless-vacuum-cleaners","8":"first","9":"instock","10":"sale","11":"shipping-taxable","12":"purchasable","13":"product-type-simple"},"aioseo_notices":[],"jetpack_publicize_connections":[],"jetpack_sharing_enabled":true,"_links":{"self":[{"href":"https:\/\/amazingmarket.ee\/et\/wp-json\/wp\/v2\/product\/2111","targetHints":{"allow":["GET"]}}],"collection":[{"href":"https:\/\/amazingmarket.ee\/et\/wp-json\/wp\/v2\/product"}],"about":[{"href":"https:\/\/amazingmarket.ee\/et\/wp-json\/wp\/v2\/types\/product"}],"replies":[{"embeddable":true,"href":"https:\/\/amazingmarket.ee\/et\/wp-json\/wp\/v2\/comments?post=2111"}],"wp:featuredmedia":[{"embeddable":true,"href":"https:\/\/amazingmarket.ee\/et\/wp-json\/wp\/v2\/media\/2112"}],"wp:attachment":[{"href":"https:\/\/amazingmarket.ee\/et\/wp-json\/wp\/v2\/media?parent=2111"}],"wp:term":[{"taxonomy":"product_brand","embeddable":true,"href":"https:\/\/amazingmarket.ee\/et\/wp-json\/wp\/v2\/product_brand?post=2111"},{"taxonomy":"product_cat","embeddable":true,"href":"https:\/\/amazingmarket.ee\/et\/wp-json\/wp\/v2\/product_cat?post=2111"},{"taxonomy":"product_tag","embeddable":true,"href":"https:\/\/amazingmarket.ee\/et\/wp-json\/wp\/v2\/product_tag?post=2111"}],"curies":[{"name":"wp","href":"https:\/\/api.w.org\/{rel}","templated":true}]}}