{"id":2063,"date":"2024-03-02T14:22:10","date_gmt":"2024-03-02T14:22:10","guid":{"rendered":"https:\/\/amazingmarket.ee\/?post_type=product&#038;p=2063"},"modified":"2026-03-14T11:15:30","modified_gmt":"2026-03-14T09:15:30","slug":"xiaomi-roborock-s6-maxv","status":"publish","type":"product","link":"https:\/\/amazingmarket.ee\/et\/toode\/xiaomi-roborock-s6-maxv\/","title":{"rendered":"Xiaomi Roborock S6 MaxV"},"content":{"rendered":"<p>Xiaomi Roborock S6 MaxV on t\u00e4iustatud robottolmuimeja, mis on varustatud tipptehnoloogiaga, mis tagab teie kodu t\u00f5husa ja intelligentse puhastamise. Siin on \u00fcksikasjalik \u00fclevaade selle funktsioonidest:<\/p>\n<ol>\n<li><strong>Intelligentne navigeerimine<\/strong>: Kasutades t\u00e4iustatud lasernavigatsiooni ja kaardistamise tehnoloogiat, navigeerib Roborock S6 MaxV t\u00f5husalt teie kodus, luues t\u00e4psed kaardid ja puhastusmarsruudid p\u00f5hjalikuks ja s\u00fcstemaatiliseks puhastamiseks.<\/li>\n<li><strong>V\u00f5imas imemine<\/strong>: Suure j\u00f5udlusega mootori ja imemiss\u00fcsteemiga varustatud S6 MaxV pakub v\u00f5imsat imemist, et t\u00f5sta ja eemaldada t\u00f5husalt mustust, tolmu ja prahti erinevatelt p\u00f5randapindadelt, sealhulgas lehtpuup\u00f5randatelt, vaipadelt ja plaatidelt.<\/li>\n<li><strong>Kahekordne AI-tuvastusega kaamera<\/strong>: AI-tuvastustehnoloogiaga kahe kaameraga S6 MaxV suudab tuvastada ja v\u00e4ltida tavap\u00e4raseid majapidamises esinevaid takistusi, nagu m\u00f6\u00f6bel, m\u00e4nguasjad ja lemmikloomaj\u00e4\u00e4tmed, tagades puhastamise ajal sujuva ja takistusteta navigeerimise.<\/li>\n<li><strong>Reaalajas takistuste v\u00e4ltimine<\/strong>: T\u00e4nu oma reaalajas takistuste v\u00e4ltimise v\u00f5imalustele suudab S6 MaxV nutikalt navigeerida m\u00f6\u00f6da oma teel olevaid takistusi, minimeerides kokkup\u00f5rkeid ja tagades p\u00f5hjaliku puhastuskatte.<\/li>\n<li><strong>Mitmetasandiline kaardistamine<\/strong>: S6 MaxV toetab mitmetasandilist kaardistamist, mis v\u00f5imaldab salvestada ja salvestada oma kodu erinevate korruste kaarte, v\u00f5imaldades kohandatud puhastusgraafikuid ja tsoonispetsiifilist puhastust.<\/li>\n<li><strong>Valikuline tubade koristamine<\/strong>: Kaasasoleva mobiilirakenduse abil saate sihip\u00e4raseks puhastamiseks valida konkreetsed ruumid v\u00f5i alad, v\u00f5imaldades t\u00f5husaid ja kohandatavaid koristusrutiine, mis on kohandatud teie vajadustele.<\/li>\n<li><strong>Pikk aku eluiga<\/strong>: S6 MaxV-l on kauakestev aku, mis tagab \u00fche laadimisega pikemad puhastusseansid, tagades suuremate kodude jaoks igak\u00fclgse puhastuskatte.<\/li>\n<li><strong>H\u00e4\u00e4ljuhtimise \u00fchilduvus<\/strong>: \u00dchildub h\u00e4\u00e4ljuhtimise assistentidega, nagu Amazon Alexa ja Google Assistant, v\u00f5imaldades teil S6 MaxV-d juhtida lihtsate h\u00e4\u00e4lk\u00e4sklustega, et suurendada mugavust.<\/li>\n<li><strong>Automaatne laadimine ja j\u00e4tkamine<\/strong>: Kui aku hakkab t\u00fchjaks saama, naaseb S6 MaxV laadimiseks automaatselt oma laadimisdokki ja j\u00e4tkab seej\u00e4rel puhastamist kohast, kus see pooleli j\u00e4i, tagades puhastusseansside katkemise.<\/li>\n<li><strong>Puhastusfunktsioon (valikuline)<\/strong>: Valikulise mopitarvikuga saab S6 MaxV p\u00fchkida k\u00f5vasid p\u00f5randaid, samal ajal tolmuimejaga puhastades, pakkudes p\u00f5hjalikku puhastust ja j\u00e4ttes teie p\u00f5randad s\u00e4delevalt puhtaks.<\/li>\n<\/ol>\n<p>\u00dcldiselt pakub Xiaomi Roborock S6 MaxV intelligentset navigeerimist, v\u00f5imsat imemist ja t\u00e4iustatud funktsioone, mis tagavad teie kodu t\u00f5husa ja probleemideta puhastamise.<\/p>","protected":false},"excerpt":{"rendered":"<p>Xiaomi Roborock S6 MaxV on t\u00e4iustatud robottolmuimeja, millel on intelligentne navigeerimine, v\u00f5imas imemine ja tehisintellekti takistuste tuvastamine. Funktsioonidega, nagu mitmetasandiline kaardistamine, ruumide valikuline puhastamine ja h\u00e4\u00e4ljuhtimise \u00fchilduvus, pakub see teie kodu kohandatavat ja t\u00f5husat puhastamist.<\/p>","protected":false},"featured_media":2064,"comment_status":"open","ping_status":"closed","template":"","meta":{"_monsterinsights_skip_tracking":false,"_monsterinsights_sitenote_active":false,"_monsterinsights_sitenote_note":"","_monsterinsights_sitenote_category":0,"jetpack_publicize_message":"","jetpack_publicize_feature_enabled":true,"jetpack_social_post_already_shared":false,"jetpack_social_options":{"image_generator_settings":{"template":"highway","default_image_id":0,"font":"","enabled":false},"version":2}},"product_brand":[],"product_cat":[80],"product_tag":[],"class_list":{"0":"post-2063","1":"product","2":"type-product","3":"status-publish","4":"has-post-thumbnail","6":"product_cat-robot-vacuum-cleaners","8":"first","9":"instock","10":"sale","11":"shipping-taxable","12":"purchasable","13":"product-type-simple"},"aioseo_notices":[],"jetpack_publicize_connections":[],"jetpack_sharing_enabled":true,"_links":{"self":[{"href":"https:\/\/amazingmarket.ee\/et\/wp-json\/wp\/v2\/product\/2063","targetHints":{"allow":["GET"]}}],"collection":[{"href":"https:\/\/amazingmarket.ee\/et\/wp-json\/wp\/v2\/product"}],"about":[{"href":"https:\/\/amazingmarket.ee\/et\/wp-json\/wp\/v2\/types\/product"}],"replies":[{"embeddable":true,"href":"https:\/\/amazingmarket.ee\/et\/wp-json\/wp\/v2\/comments?post=2063"}],"wp:featuredmedia":[{"embeddable":true,"href":"https:\/\/amazingmarket.ee\/et\/wp-json\/wp\/v2\/media\/2064"}],"wp:attachment":[{"href":"https:\/\/amazingmarket.ee\/et\/wp-json\/wp\/v2\/media?parent=2063"}],"wp:term":[{"taxonomy":"product_brand","embeddable":true,"href":"https:\/\/amazingmarket.ee\/et\/wp-json\/wp\/v2\/product_brand?post=2063"},{"taxonomy":"product_cat","embeddable":true,"href":"https:\/\/amazingmarket.ee\/et\/wp-json\/wp\/v2\/product_cat?post=2063"},{"taxonomy":"product_tag","embeddable":true,"href":"https:\/\/amazingmarket.ee\/et\/wp-json\/wp\/v2\/product_tag?post=2063"}],"curies":[{"name":"wp","href":"https:\/\/api.w.org\/{rel}","templated":true}]}}