{"id":20024,"date":"2026-05-12T13:49:58","date_gmt":"2026-05-12T11:49:58","guid":{"rendered":"https:\/\/amazingmarket.ee\/?post_type=product&#038;p=20024"},"modified":"2026-05-12T13:49:58","modified_gmt":"2026-05-12T11:49:58","slug":"tefal-fr3100-super-uno-access-fryer-3","status":"publish","type":"product","link":"https:\/\/amazingmarket.ee\/et\/toode\/tefal-fr3100-super-uno-access-fryer-3\/","title":{"rendered":"Tefal FR3100 Super Uno Access frit\u00fc\u00fcr"},"content":{"rendered":"<h2 class=\"a-size-base-plus a-text-bold\">Selle \u00fcksuse kohta<\/h2>\n<ul class=\"a-unordered-list a-vertical a-spacing-mini\">\n<li class=\"a-spacing-mini\"><span class=\"a-list-item\">N\u00f5udepesumasinas pestavate osadega frit\u00fc\u00fcr: L\u00f5bus ja vaevatu frit\u00fc\u00fcrimine, n\u00f5udepesumasinas pestavad eemaldatavad osad praktilise praadimisnaudingu tagamiseks.<\/span><\/li>\n<li class=\"a-spacing-mini\"><span class=\"a-list-item\">Lihtsalt puhastatav frit\u00fc\u00fcr: anum ja kaas on eemaldatavad ning n\u00f5udepesumasinas pestavad, nagu ka k\u00e4epidemega korv.<\/span><\/li>\n<li class=\"a-spacing-mini\"><span class=\"a-list-item\">Suure mahutavusega elektriline frit\u00fc\u00fcr: peresuuruses frit\u00fc\u00fcr, mille mahutavus on 2,2 liitrit \u00f5li\/1,5 kg. Frit\u00fc\u00fcr kuni 6 inimesele m\u00f5eldud h\u00f5rgutiste valmistamiseks.<\/span><\/li>\n<li class=\"a-spacing-mini\"><span class=\"a-list-item\">L\u00f5hnafiltriga. Vastupidav vahetatav aktiivs\u00f6efilter; Lihtne j\u00e4lgida: suur vaateaken v\u00f5imaldab teil praadimisprotsessi igal ajal h\u00f5lpsalt j\u00e4lgida.<\/span><\/li>\n<li class=\"a-spacing-mini\"><span class=\"a-list-item\">Sisukord: Tefal Super Uno Access frit\u00fc\u00fcr, kasutusjuhend (inglise keele oskust ei garanteerita).<\/span><\/li>\n<\/ul>","protected":false},"excerpt":{"rendered":"<table class=\"a-normal a-spacing-micro\" role=\"list\">\n<tbody>\n<tr class=\"a-spacing-small po-model_name\" role=\"listitem\">\n<td class=\"a-span3\" role=\"presentation\"><span class=\"a-size-base a-text-bold\">Mudeli nimi<\/span><\/td>\n<td class=\"a-span9\" role=\"presentation\"><span class=\"a-size-base po-break-word\">Super Uno Access<\/span><\/td>\n<\/tr>\n<tr class=\"a-spacing-small po-brand\" role=\"listitem\">\n<td class=\"a-span3\" role=\"presentation\"><span class=\"a-size-base a-text-bold\">Kaubam\u00e4rk<\/span><\/td>\n<td class=\"a-span9\" role=\"presentation\"><span class=\"a-size-base po-break-word\">Tefal<\/span><\/td>\n<\/tr>\n<tr class=\"a-spacing-small po-material\" role=\"listitem\">\n<td class=\"a-span3\" role=\"presentation\"><span class=\"a-size-base a-text-bold\">Materjal<\/span><\/td>\n<td class=\"a-span9\" role=\"presentation\"><span class=\"a-size-base po-break-word\">Plastikust<\/span><\/td>\n<\/tr>\n<tr class=\"a-spacing-small po-color\" role=\"listitem\">\n<td class=\"a-span3\" role=\"presentation\"><span class=\"a-size-base a-text-bold\">V\u00e4rv<\/span><\/td>\n<td class=\"a-span9\" role=\"presentation\"><span class=\"a-size-base po-break-word\">White\/Grey<\/span><\/td>\n<\/tr>\n<tr class=\"a-spacing-small po-item_depth_width_height\" role=\"listitem\">\n<td class=\"a-span3\" role=\"presentation\"><span class=\"a-size-base a-text-bold\">Toote m\u00f5\u00f5dud<\/span><\/td>\n<td class=\"a-span9\" role=\"presentation\"><span class=\"a-size-base po-break-word\">10D x 60W x 50H centimetres<\/span><\/td>\n<\/tr>\n<tr class=\"a-spacing-small po-item_weight\" role=\"listitem\">\n<td class=\"a-span3\" role=\"presentation\"><span class=\"a-size-base a-text-bold\">Kauba kaal<\/span><\/td>\n<td class=\"a-span9\" role=\"presentation\"><span class=\"a-size-base po-break-word\">3.31 Kilograms<\/span><\/td>\n<\/tr>\n<tr class=\"a-spacing-small po-wattage\" role=\"listitem\">\n<td class=\"a-span3\" role=\"presentation\"><span class=\"a-size-base a-text-bold\">V\u00f5imsus<\/span><\/td>\n<td class=\"a-span9\" role=\"presentation\"><span class=\"a-size-base po-break-word\">1800 vatti<\/span><\/td>\n<\/tr>\n<tr class=\"a-spacing-small po-oil_capacity\" role=\"listitem\">\n<td class=\"a-span3\" role=\"presentation\"><span class=\"a-size-base a-text-bold\">Oil capacity<\/span><\/td>\n<td class=\"a-span9\" role=\"presentation\"><span class=\"a-size-base po-break-word\">2.2 Liters<\/span><\/td>\n<\/tr>\n<tr class=\"a-spacing-small po-manufacturer\" role=\"listitem\">\n<td class=\"a-span3\" role=\"presentation\"><span class=\"a-size-base a-text-bold\">Tootja<\/span><\/td>\n<td class=\"a-span9\" role=\"presentation\"><span class=\"a-size-base po-break-word\">Tefal<\/span><\/td>\n<\/tr>\n<tr class=\"a-spacing-small po-number_of_items\" role=\"listitem\">\n<td class=\"a-span3\" role=\"presentation\"><span class=\"a-size-base a-text-bold\">Esemete arv<\/span><\/td>\n<td class=\"a-span9\" role=\"presentation\"><span class=\"a-size-base po-break-word\">1<\/span><\/td>\n<\/tr>\n<\/tbody>\n<\/table>","protected":false},"featured_media":20025,"comment_status":"open","ping_status":"closed","template":"","meta":{"_monsterinsights_skip_tracking":false,"_monsterinsights_sitenote_active":false,"_monsterinsights_sitenote_note":"","_monsterinsights_sitenote_category":0,"jetpack_publicize_message":"","jetpack_publicize_feature_enabled":true,"jetpack_social_post_already_shared":true,"jetpack_social_options":{"image_generator_settings":{"template":"highway","default_image_id":0,"font":"","enabled":false},"version":2}},"product_brand":[],"product_cat":[71],"product_tag":[],"class_list":{"0":"post-20024","1":"product","2":"type-product","3":"status-publish","4":"has-post-thumbnail","6":"product_cat-airfryers","8":"first","9":"instock","10":"sale","11":"shipping-taxable","12":"purchasable","13":"product-type-simple"},"aioseo_notices":[],"jetpack_publicize_connections":[],"jetpack_sharing_enabled":true,"_links":{"self":[{"href":"https:\/\/amazingmarket.ee\/et\/wp-json\/wp\/v2\/product\/20024","targetHints":{"allow":["GET"]}}],"collection":[{"href":"https:\/\/amazingmarket.ee\/et\/wp-json\/wp\/v2\/product"}],"about":[{"href":"https:\/\/amazingmarket.ee\/et\/wp-json\/wp\/v2\/types\/product"}],"replies":[{"embeddable":true,"href":"https:\/\/amazingmarket.ee\/et\/wp-json\/wp\/v2\/comments?post=20024"}],"wp:featuredmedia":[{"embeddable":true,"href":"https:\/\/amazingmarket.ee\/et\/wp-json\/wp\/v2\/media\/20025"}],"wp:attachment":[{"href":"https:\/\/amazingmarket.ee\/et\/wp-json\/wp\/v2\/media?parent=20024"}],"wp:term":[{"taxonomy":"product_brand","embeddable":true,"href":"https:\/\/amazingmarket.ee\/et\/wp-json\/wp\/v2\/product_brand?post=20024"},{"taxonomy":"product_cat","embeddable":true,"href":"https:\/\/amazingmarket.ee\/et\/wp-json\/wp\/v2\/product_cat?post=20024"},{"taxonomy":"product_tag","embeddable":true,"href":"https:\/\/amazingmarket.ee\/et\/wp-json\/wp\/v2\/product_tag?post=20024"}],"curies":[{"name":"wp","href":"https:\/\/api.w.org\/{rel}","templated":true}]}}