{"id":20012,"date":"2026-05-12T13:40:27","date_gmt":"2026-05-12T11:40:27","guid":{"rendered":"https:\/\/amazingmarket.ee\/?post_type=product&#038;p=20012"},"modified":"2026-05-12T13:40:28","modified_gmt":"2026-05-12T11:40:28","slug":"russell-hobbs-grind-brew","status":"publish","type":"product","link":"https:\/\/amazingmarket.ee\/et\/toode\/russell-hobbs-grind-brew\/","title":{"rendered":"Russell Hobbs Grind &#038; Brew"},"content":{"rendered":"<h2 class=\"a-size-base-plus a-text-bold\">Selle \u00fcksuse kohta<\/h2>\n<ul class=\"a-unordered-list a-vertical a-spacing-mini\">\n<li class=\"a-spacing-mini\"><span class=\"a-list-item\">Termiline kohvimasin sisseehitatud koonilise veskiga, kvaliteetne termokann mahutavusega 10 tassi (1,25 liitrit).<\/span><\/li>\n<li class=\"a-spacing-mini\"><span class=\"a-list-item\">Programmeeritava taimeriga digitaalne juhtseade, t\u00f5mbetugevuse ja -aja seadistus, 3 jahvatusastet: j\u00e4me, keskmine, peen.<\/span><\/li>\n<li class=\"a-spacing-mini\"><span class=\"a-list-item\">Eemaldatav kohviubade s\u00e4ilitusn\u00f5u mahutavusega 250 g, reguleeritav jahvatuskogus 2-10 tassi.<\/span><\/li>\n<li class=\"a-spacing-mini\"><span class=\"a-list-item\">Jahvatab soovitud koguse kohviube ja transpordib jahvatatud kohvi filtrikandurisse \u2013 valmistab isegi juba jahvatatud kohvi.<\/span><\/li>\n<li class=\"a-spacing-mini\"><span class=\"a-list-item\">V\u00e4line veetaseme indikaator t\u00e4itetaseme m\u00e4rgistusega, automaatne v\u00e4ljal\u00fclitus, tilguti tilguti poti eemaldamisel, isepuhastusfunktsioon.<\/span><\/li>\n<li class=\"a-spacing-mini\"><span class=\"a-list-item\">Mootori kaitse, et k\u00f5vad oad v\u00f5i kivid ei kahjustaks veskit.<\/span><\/li>\n<li class=\"a-spacing-mini\"><span class=\"a-list-item\">Kergesti t\u00e4idetav veepaak, v\u00e4ljap\u00f6\u00f6ratav filtrikandur koos eemaldatava, pestava filtrikanduriga, valmistab isegi juba jahvatatud kohvi.<\/span><\/li>\n<\/ul>","protected":false},"excerpt":{"rendered":"<table class=\"a-normal a-spacing-micro\" role=\"list\">\n<tbody>\n<tr class=\"a-spacing-small po-brand\" role=\"listitem\">\n<td class=\"a-span3\" role=\"presentation\"><span class=\"a-size-base a-text-bold\">Kaubam\u00e4rk<\/span><\/td>\n<td class=\"a-span9\" role=\"presentation\"><span class=\"a-size-base po-break-word\">Russell Hobbs<\/span><\/td>\n<\/tr>\n<tr class=\"a-spacing-small po-capacity\" role=\"listitem\">\n<td class=\"a-span3\" role=\"presentation\"><span class=\"a-size-base a-text-bold\">Mahutavus<\/span><\/td>\n<td class=\"a-span9\" role=\"presentation\"><span class=\"a-size-base po-break-word\">10 Cups<\/span><\/td>\n<\/tr>\n<tr class=\"a-spacing-small po-color\" role=\"listitem\">\n<td class=\"a-span3\" role=\"presentation\"><span class=\"a-size-base a-text-bold\">V\u00e4rv<\/span><\/td>\n<td class=\"a-span9\" role=\"presentation\"><span class=\"a-size-base po-break-word\">Hall<\/span><\/td>\n<\/tr>\n<tr class=\"a-spacing-small po-item_depth_width_height\" role=\"listitem\">\n<td class=\"a-span3\" role=\"presentation\"><span class=\"a-size-base a-text-bold\">Toote m\u00f5\u00f5dud<\/span><\/td>\n<td class=\"a-span9\" role=\"presentation\"><span class=\"a-size-base po-break-word\">25D x 29.5W x 43.8H centimetres<\/span><\/td>\n<\/tr>\n<\/tbody>\n<\/table>","protected":false},"featured_media":20013,"comment_status":"open","ping_status":"closed","template":"","meta":{"_monsterinsights_skip_tracking":false,"_monsterinsights_sitenote_active":false,"_monsterinsights_sitenote_note":"","_monsterinsights_sitenote_category":0,"jetpack_publicize_message":"","jetpack_publicize_feature_enabled":true,"jetpack_social_post_already_shared":true,"jetpack_social_options":{"image_generator_settings":{"template":"highway","default_image_id":0,"font":"","enabled":false},"version":2}},"product_brand":[],"product_cat":[73],"product_tag":[],"class_list":{"0":"post-20012","1":"product","2":"type-product","3":"status-publish","4":"has-post-thumbnail","6":"product_cat-coffee-machines","8":"first","9":"instock","10":"sale","11":"shipping-taxable","12":"purchasable","13":"product-type-simple"},"aioseo_notices":[],"jetpack_publicize_connections":[],"jetpack_sharing_enabled":true,"_links":{"self":[{"href":"https:\/\/amazingmarket.ee\/et\/wp-json\/wp\/v2\/product\/20012","targetHints":{"allow":["GET"]}}],"collection":[{"href":"https:\/\/amazingmarket.ee\/et\/wp-json\/wp\/v2\/product"}],"about":[{"href":"https:\/\/amazingmarket.ee\/et\/wp-json\/wp\/v2\/types\/product"}],"replies":[{"embeddable":true,"href":"https:\/\/amazingmarket.ee\/et\/wp-json\/wp\/v2\/comments?post=20012"}],"wp:featuredmedia":[{"embeddable":true,"href":"https:\/\/amazingmarket.ee\/et\/wp-json\/wp\/v2\/media\/20013"}],"wp:attachment":[{"href":"https:\/\/amazingmarket.ee\/et\/wp-json\/wp\/v2\/media?parent=20012"}],"wp:term":[{"taxonomy":"product_brand","embeddable":true,"href":"https:\/\/amazingmarket.ee\/et\/wp-json\/wp\/v2\/product_brand?post=20012"},{"taxonomy":"product_cat","embeddable":true,"href":"https:\/\/amazingmarket.ee\/et\/wp-json\/wp\/v2\/product_cat?post=20012"},{"taxonomy":"product_tag","embeddable":true,"href":"https:\/\/amazingmarket.ee\/et\/wp-json\/wp\/v2\/product_tag?post=20012"}],"curies":[{"name":"wp","href":"https:\/\/api.w.org\/{rel}","templated":true}]}}