{"id":19960,"date":"2026-05-12T11:35:59","date_gmt":"2026-05-12T09:35:59","guid":{"rendered":"https:\/\/amazingmarket.ee\/?post_type=product&#038;p=19960"},"modified":"2026-05-12T11:37:26","modified_gmt":"2026-05-12T09:37:26","slug":"shark-ai-360-robot-vacuum-cleaner","status":"publish","type":"product","link":"https:\/\/amazingmarket.ee\/et\/toode\/shark-ai-360-robot-vacuum-cleaner\/","title":{"rendered":"Shark AI 360 Robot Vacuum Cleaner"},"content":{"rendered":"<h2 class=\"a-size-base-plus a-text-bold\">HEA SEISUKORD<\/h2>\n<p>Selle \u00fcksuse kohta<\/p>\n<ul class=\"a-unordered-list a-vertical a-spacing-mini\">\n<li class=\"a-spacing-mini\"><span class=\"a-list-item\">Kotita iset\u00fchjenev alus: robottolmuimeja navigeerib alusele ja t\u00fchjendab ennast. Alus hoiab n\u00e4dalaid kogutud mustust ja prahti. Allergiavastane t\u00e4ielik tihend p\u00fc\u00fcab alusele kinni 99,9% tolmu ja allergeenid<\/span><\/li>\n<li class=\"a-spacing-mini\"><span class=\"a-list-item\">T\u00e4pne kodu kaardistamine: AI 360 lasernavigatsioon kasutab 360\u00b0 laserit, et luua teie kodust t\u00e4pne kaart, tuvastada ja v\u00e4ltida objekte \u2013 isegi pimedas. Puhastab t\u00e4pselt raja haaval<\/span><\/li>\n<li class=\"a-spacing-mini\"><span class=\"a-list-item\">K\u00f5igile p\u00f5randatele: robottolmuimeja on m\u00f5eldud vaipade ja k\u00f5vade p\u00f5randate puhastamiseks ning m\u00f5eldud eemaldama k\u00f5ik mustuseosakesed ja ka lemmikloomade karvad. Juuksevastane m\u00e4his eemaldab puhastusprotsessi k\u00e4igus harjarullilt karvad<\/span><\/li>\n<li class=\"a-spacing-mini\"><span class=\"a-list-item\">Sihtpuhastus: saate SharkCleani rakenduse abil Ultra Clean re\u017eiimiga sihtida tugevalt kasutatud alasid ja \u00fcksikuid ruume. Planeerige kogu maja t\u00e4ielik puhastamine. Juhtige puhastamist h\u00e4\u00e4lk\u00e4sklusega Amazon Alexa v\u00f5i Google Assistantiga<\/span><\/li>\n<li class=\"a-spacing-mini\"><span class=\"a-list-item\">Sisaldab: Shark robottolmuimeja, iset\u00fchjenev laadimisjaam (EU pistik), 2 k\u00fclgharja, 1 alusmootori eelfilter, boti \u00e4\u00e4risliistud, doki maandumismatt, k\u00fclgharjade lisakomplekt. Kaal: 5 kg, must\/h\u00f5be<\/span><\/li>\n<\/ul>","protected":false},"excerpt":{"rendered":"<div id=\"twister_feature_div\" class=\"celwidget\" data-feature-name=\"twister\" data-csa-c-type=\"widget\" data-csa-c-content-id=\"twister\" data-csa-c-slot-id=\"twister_feature_div\" data-csa-c-asin=\"B09V1JDWL4\" data-csa-c-is-in-initial-active-row=\"false\" data-csa-c-id=\"b75yqg-ddq8cc-x4tu73-pa1lej\" data-cel-widget=\"twister_feature_div\">\n<div id=\"twister-plus-desktop-twister-container\" class=\"a-cardui-deck inline-twister-container-margins\" data-csa-c-content-id=\"twister-plus-inline-twister-container\" data-csa-c-slot-id=\"twister-plus-inline-twister-container\" data-csa-c-type=\"slot\" data-csa-c-id=\"sq4px8-ehu56b-h60pce-x4mcxp\">\n<div id=\"twister-plus-inline-twister-card\" class=\"a-cardui inline-twister-card-padding\" data-a-card-type=\"basic\">\n<div class=\"a-cardui-body\">\n<div id=\"twister-plus-inline-twister\" class=\"a-section\">\n<div id=\"inline-twister-singleton-header-style_name\" class=\"a-section a-spacing-none inline-twister-singleton-header\"><span class=\"a-size-base a-color-secondary inline-twister-dim-title\">Style Name:\u00a0<\/span><span id=\"inline-twister-expanded-dimension-text-style_name\" class=\"a-size-base inline-twister-dim-title-value-truncate a-text-bold\">AI 360<\/span><\/div>\n<div id=\"inline-twister-singleton-header-color_name\" class=\"a-section a-spacing-none inline-twister-singleton-header\"><span class=\"a-size-base a-color-secondary inline-twister-dim-title\">Colour Name:\u00a0<\/span><span id=\"inline-twister-expanded-dimension-text-color_name\" class=\"a-size-base inline-twister-dim-title-value-truncate a-text-bold\">Black \/ Silver<\/span><\/div>\n<\/div>\n<\/div>\n<\/div>\n<\/div>\n<\/div>\n<div id=\"kbyb_feature_div\" class=\"celwidget\" data-feature-name=\"kbyb\" data-csa-c-type=\"widget\" data-csa-c-content-id=\"kbyb\" data-csa-c-slot-id=\"kbyb_feature_div\" data-csa-c-asin=\"B09V1JDWL4\" data-csa-c-is-in-initial-active-row=\"false\" data-csa-c-id=\"xltsl4-4xz9hv-brvani-eet0bt\" data-cel-widget=\"kbyb_feature_div\"><\/div>\n<div id=\"bundles_feature_div\" class=\"celwidget\" data-feature-name=\"bundles\" data-csa-c-type=\"widget\" data-csa-c-content-id=\"bundles\" data-csa-c-slot-id=\"bundles_feature_div\" data-csa-c-asin=\"B09V1JDWL4\" data-csa-c-is-in-initial-active-row=\"false\" data-csa-c-id=\"v3vctn-7bszlo-um0ijr-4pa4ax\" data-cel-widget=\"bundles_feature_div\"><\/div>\n<div id=\"valueAdds_feature_div\" class=\"celwidget\" data-feature-name=\"valueAdds2\" data-csa-c-type=\"widget\" data-csa-c-content-id=\"valueAdds2\" data-csa-c-slot-id=\"valueAdds_feature_div\" data-csa-c-asin=\"B09V1JDWL4\" data-csa-c-is-in-initial-active-row=\"false\" data-csa-c-id=\"jcqv6x-f3sncp-skyncj-acdguu\" data-cel-widget=\"valueAdds_feature_div\"><\/div>\n<div id=\"clickToContact_feature_div\" class=\"celwidget\" data-feature-name=\"clickToContact\" data-csa-c-type=\"widget\" data-csa-c-content-id=\"clickToContact\" data-csa-c-slot-id=\"clickToContact_feature_div\" data-csa-c-asin=\"B09V1JDWL4\" data-csa-c-is-in-initial-active-row=\"false\" data-csa-c-id=\"budgtv-shvvi6-8dzxkp-42glso\" data-cel-widget=\"clickToContact_feature_div\"><\/div>\n<div id=\"amazonCertifiedBadgeCommon_feature_div\" class=\"celwidget\" data-feature-name=\"amazonCertifiedBadgeCommon\" data-csa-c-type=\"widget\" data-csa-c-content-id=\"amazonCertifiedBadgeCommon\" data-csa-c-slot-id=\"amazonCertifiedBadgeCommon_feature_div\" data-csa-c-asin=\"B09V1JDWL4\" data-csa-c-is-in-initial-active-row=\"false\" data-csa-c-id=\"sarswp-ro6m5d-editfw-fgv2tc\" data-cel-widget=\"amazonCertifiedBadgeCommon_feature_div\"><\/div>\n<div id=\"smartHomeWidget_feature_div\" class=\"celwidget\" data-feature-name=\"smartHomeWidget\" data-csa-c-type=\"widget\" data-csa-c-content-id=\"smartHomeWidget\" data-csa-c-slot-id=\"smartHomeWidget_feature_div\" data-csa-c-asin=\"B09V1JDWL4\" data-csa-c-is-in-initial-active-row=\"false\" data-csa-c-id=\"pgdesl-e7o7ok-rg2csp-cmajqz\" data-cel-widget=\"smartHomeWidget_feature_div\"><\/div>\n<div id=\"renewedProgramDescriptionAtf_feature_div\" class=\"celwidget\" data-feature-name=\"renewedProgramDescriptionAtf\" data-csa-c-type=\"widget\" data-csa-c-content-id=\"renewedProgramDescriptionAtf\" data-csa-c-slot-id=\"renewedProgramDescriptionAtf_feature_div\" data-csa-c-asin=\"B09V1JDWL4\" data-csa-c-is-in-initial-active-row=\"false\" data-csa-c-id=\"cj9f2i-40cyc4-a9wx4w-pxf6n7\" data-cel-widget=\"renewedProgramDescriptionAtf_feature_div\"><\/div>\n<div id=\"twisterPlusWWDesktop\" class=\"celwidget\" data-feature-name=\"twisterPlusWWDesktop\" data-csa-c-type=\"widget\" data-csa-c-content-id=\"twisterPlusWWDesktop\" data-csa-c-slot-id=\"twisterPlusWWDesktop\" data-csa-c-asin=\"B09V1JDWL4\" data-csa-c-is-in-initial-active-row=\"false\" data-csa-c-id=\"1o0yfo-3bdkbu-nobk7v-pffyzg\" data-cel-widget=\"twisterPlusWWDesktop\"><\/div>\n<div id=\"unifiedTradeInTwisterPlusCardIngress_feature_div\" class=\"celwidget\" data-feature-name=\"unifiedTradeInTwisterPlusCardIngress\" data-csa-c-type=\"widget\" data-csa-c-content-id=\"unifiedTradeInTwisterPlusCardIngress\" data-csa-c-slot-id=\"unifiedTradeInTwisterPlusCardIngress_feature_div\" data-csa-c-asin=\"B09V1JDWL4\" data-csa-c-is-in-initial-active-row=\"false\" data-csa-c-id=\"gdrreq-xkni92-gw9mgt-aodwz7\" data-cel-widget=\"unifiedTradeInTwisterPlusCardIngress_feature_div\">\n<div class=\"celwidget c-f\" data-csa-op-log-render=\"\" data-csa-c-content-id=\"DsUnknown\" data-csa-c-slot-id=\"DsUnknown-3\" data-csa-c-type=\"widget\" data-csa-c-painter=\"unified-trade-in-cards\" data-csa-c-id=\"uq2zm5-k0oiym-wqijhf-nhsu64\" data-cel-widget=\"unified-trade-in_DetailPage_2\">\n<div id=\"CardInstancecHjiLvq79M50Qy-xGeGjmw\" data-card-metrics-id=\"unified-trade-in_DetailPage_2\" data-acp-tracking=\"{}\" data-mix-claimed=\"true\">\n<div><\/div>\n<\/div>\n<\/div>\n<\/div>\n<div id=\"sizeChartV2Data_feature_div\" class=\"celwidget\" data-feature-name=\"sizeChartV2Data\" data-csa-c-type=\"widget\" data-csa-c-content-id=\"sizeChartV2Data\" data-csa-c-slot-id=\"sizeChartV2Data_feature_div\" data-csa-c-asin=\"B09V1JDWL4\" data-csa-c-is-in-initial-active-row=\"false\" data-csa-c-id=\"o0d4ze-v6nz5f-rei9nw-y6llkd\" data-cel-widget=\"sizeChartV2Data_feature_div\"><\/div>\n<div id=\"buyingOptionRipersInlineBadge_feature_div\" class=\"celwidget\" data-feature-name=\"buyingOptionRipersInlineBadge\" data-csa-c-type=\"widget\" data-csa-c-content-id=\"buyingOptionRipersInlineBadge\" data-csa-c-slot-id=\"buyingOptionRipersInlineBadge_feature_div\" data-csa-c-asin=\"B09V1JDWL4\" data-csa-c-is-in-initial-active-row=\"false\" data-csa-c-id=\"vvkzvl-lz5ef5-getagu-ps2yz6\" data-cel-widget=\"buyingOptionRipersInlineBadge_feature_div\"><\/div>\n<div id=\"buyingOptionNostosInlineBadge_feature_div\" class=\"celwidget\" data-feature-name=\"buyingOptionNostosInlineBadge\" data-csa-c-type=\"widget\" data-csa-c-content-id=\"buyingOptionNostosInlineBadge\" data-csa-c-slot-id=\"buyingOptionNostosInlineBadge_feature_div\" data-csa-c-asin=\"B09V1JDWL4\" data-csa-c-is-in-initial-active-row=\"false\" data-csa-c-id=\"bxkl1i-ldc1vt-i361j9-ew5l0t\" data-cel-widget=\"buyingOptionNostosInlineBadge_feature_div\"><\/div>\n<div id=\"gestaltCustomizationSummary_feature_div\" class=\"celwidget\" data-feature-name=\"gestaltCustomizationSummary\" data-csa-c-type=\"widget\" data-csa-c-content-id=\"gestaltCustomizationSummary\" data-csa-c-slot-id=\"gestaltCustomizationSummary_feature_div\" data-csa-c-asin=\"B09V1JDWL4\" data-csa-c-is-in-initial-active-row=\"false\" data-csa-c-id=\"p8rsbh-2l8ia5-xrmggk-kvo12w\" data-cel-widget=\"gestaltCustomizationSummary_feature_div\"><\/div>\n<div id=\"gestaltPredefinedCustomizations_feature_div\" class=\"celwidget\" data-feature-name=\"gestaltPredefinedCustomizations\" data-csa-c-type=\"widget\" data-csa-c-content-id=\"gestaltPredefinedCustomizations\" data-csa-c-slot-id=\"gestaltPredefinedCustomizations_feature_div\" data-csa-c-asin=\"B09V1JDWL4\" data-csa-c-is-in-initial-active-row=\"false\" data-csa-c-id=\"yocj18-d0kbnj-qxx48p-cjzluq\" data-cel-widget=\"gestaltPredefinedCustomizations_feature_div\"><\/div>\n<div id=\"productOverview_feature_div\" class=\"celwidget\" data-feature-name=\"productOverview_nonPets\" data-csa-c-type=\"widget\" data-csa-c-content-id=\"productOverview_nonPets\" data-csa-c-slot-id=\"productOverview_feature_div\" data-csa-c-asin=\"B09V1JDWL4\" data-csa-c-is-in-initial-active-row=\"false\" data-csa-c-id=\"t3n37v-vo6jdz-2rb34q-iq8z8n\" data-cel-widget=\"productOverview_feature_div\">\n<div data-csa-c-type=\"widget\" data-csa-c-slot-id=\"product-overview-classic\" data-csa-c-content-id=\"product-overview-classic\" data-csa-c-id=\"sx39p9-49nkfb-ci5zuc-jka5t7\">\n<div class=\"a-section a-spacing-small a-spacing-top-small\">\n<table class=\"a-normal a-spacing-micro\" role=\"list\">\n<tbody>\n<tr class=\"a-spacing-small po-brand\" role=\"listitem\">\n<td class=\"a-span3\" role=\"presentation\"><span class=\"a-size-base a-text-bold\">Kaubam\u00e4rk<\/span><\/td>\n<td class=\"a-span9\" role=\"presentation\"><span class=\"a-size-base po-break-word\">Hai<\/span><\/td>\n<\/tr>\n<tr class=\"a-spacing-small po-model_name\" role=\"listitem\">\n<td class=\"a-span3\" role=\"presentation\"><span class=\"a-size-base a-text-bold\">Mudeli nimi<\/span><\/td>\n<td class=\"a-span9\" role=\"presentation\"><span class=\"a-size-base po-break-word\">RV750EU<\/span><\/td>\n<\/tr>\n<tr class=\"a-spacing-small po-surface_recommendation\" role=\"listitem\">\n<td class=\"a-span3\" role=\"presentation\"><span class=\"a-size-base a-text-bold\">Surface recommendation<\/span><\/td>\n<td class=\"a-span9\" role=\"presentation\"><span class=\"a-size-base po-break-word\">Hard Floors, Mats and Rugs<\/span><\/td>\n<\/tr>\n<tr class=\"a-spacing-small po-special_feature\" role=\"listitem\">\n<td class=\"a-span3\" role=\"presentation\"><span class=\"a-size-base a-text-bold\">Eriomadus<\/span><\/td>\n<td class=\"a-span9\" role=\"presentation\"><span class=\"a-size-base\"><span class=\"a-truncate po-truncate-attribute\" data-a-word-break=\"normal\" data-a-truncate-name=\"po-attribute-truncate-3\" data-a-max-rows=\"3\" data-a-overflow-marker=\"\u2026\" data-a-recalculate=\"false\" data-a-updated=\"true\"><span class=\"a-truncate-full a-offscreen\">Self-emptying, anti-hair wrap, anti-allergenic, side brushes, cliff sensors, Alexa and Google, manual and app controls<\/span><span class=\"a-truncate-cut\" aria-hidden=\"true\">Self-emptying, anti-hair wrap, anti-allergenic, side brushes, cliff sensors, Alexa and Google, manual and app controls<\/span><\/span><\/span><\/td>\n<\/tr>\n<tr class=\"a-spacing-small po-color\" role=\"listitem\">\n<td class=\"a-span3\" role=\"presentation\"><span class=\"a-size-base a-text-bold\">V\u00e4rv<\/span><\/td>\n<td class=\"a-span9\" role=\"presentation\"><span class=\"a-size-base po-break-word\">Black \/ Silver<\/span><\/td>\n<\/tr>\n<\/tbody>\n<\/table>\n<\/div>\n<\/div>\n<\/div>","protected":false},"featured_media":19961,"comment_status":"open","ping_status":"closed","template":"","meta":{"_monsterinsights_skip_tracking":false,"_monsterinsights_sitenote_active":false,"_monsterinsights_sitenote_note":"","_monsterinsights_sitenote_category":0,"jetpack_publicize_message":"","jetpack_publicize_feature_enabled":true,"jetpack_social_post_already_shared":true,"jetpack_social_options":{"image_generator_settings":{"template":"highway","default_image_id":0,"font":"","enabled":false},"version":2}},"product_brand":[],"product_cat":[102],"product_tag":[],"class_list":{"0":"post-19960","1":"product","2":"type-product","3":"status-publish","4":"has-post-thumbnail","6":"product_cat-vacuum-cleaners","8":"first","9":"instock","10":"sale","11":"shipping-taxable","12":"purchasable","13":"product-type-simple"},"aioseo_notices":[],"jetpack_publicize_connections":[],"jetpack_sharing_enabled":true,"_links":{"self":[{"href":"https:\/\/amazingmarket.ee\/et\/wp-json\/wp\/v2\/product\/19960","targetHints":{"allow":["GET"]}}],"collection":[{"href":"https:\/\/amazingmarket.ee\/et\/wp-json\/wp\/v2\/product"}],"about":[{"href":"https:\/\/amazingmarket.ee\/et\/wp-json\/wp\/v2\/types\/product"}],"replies":[{"embeddable":true,"href":"https:\/\/amazingmarket.ee\/et\/wp-json\/wp\/v2\/comments?post=19960"}],"wp:featuredmedia":[{"embeddable":true,"href":"https:\/\/amazingmarket.ee\/et\/wp-json\/wp\/v2\/media\/19961"}],"wp:attachment":[{"href":"https:\/\/amazingmarket.ee\/et\/wp-json\/wp\/v2\/media?parent=19960"}],"wp:term":[{"taxonomy":"product_brand","embeddable":true,"href":"https:\/\/amazingmarket.ee\/et\/wp-json\/wp\/v2\/product_brand?post=19960"},{"taxonomy":"product_cat","embeddable":true,"href":"https:\/\/amazingmarket.ee\/et\/wp-json\/wp\/v2\/product_cat?post=19960"},{"taxonomy":"product_tag","embeddable":true,"href":"https:\/\/amazingmarket.ee\/et\/wp-json\/wp\/v2\/product_tag?post=19960"}],"curies":[{"name":"wp","href":"https:\/\/api.w.org\/{rel}","templated":true}]}}