{"id":1994,"date":"2024-02-25T17:12:14","date_gmt":"2024-02-25T17:12:14","guid":{"rendered":"https:\/\/amazingmarket.ee\/?post_type=product&#038;p=1994"},"modified":"2026-03-14T11:15:30","modified_gmt":"2026-03-14T09:15:30","slug":"levoit-cordless-vacuum-cleaner-400w-motor-stick","status":"publish","type":"product","link":"https:\/\/amazingmarket.ee\/et\/toode\/levoit-cordless-vacuum-cleaner-400w-motor-stick\/","title":{"rendered":"LEVOIT akutolmuimeja, 400 W mootoripulk"},"content":{"rendered":"<p>400 W mootoripulgaga akutolmuimeja LEVOIT on mitmek\u00fclgne puhastust\u00f6\u00f6riist, mis on loodud teie kodu t\u00f5husaks ja probleemivabaks puhastamiseks. Siin on \u00fcksikasjalik \u00fclevaade selle funktsioonidest:<\/p>\n<ol>\n<li><strong>V\u00f5imas 400 W mootor<\/strong>: Tugeva 400 W mootoriga juhtmeta tolmuimeja pakub tugevat imemisv\u00f5imsust, t\u00f5stes ja eemaldades t\u00f5husalt mustuse, tolmu ja prahi erinevatelt pindadelt.<\/li>\n<li><strong>Juhtmeta disain<\/strong>: Juhtmeta disain pakub liikumisvabadust ja v\u00e4listab sassis juhtmete tekitamise, v\u00f5imaldades teil puhastada vabalt ilma pistikupesa \u00fchendamata.<\/li>\n<li><strong>Kauakestev aku<\/strong>: Sisaldab taaslaetavat liitiumioonakut, mis tagab \u00fche laadimisega pikema t\u00f6\u00f6aja, tagades sellega, et saate ilma katkestusteta hakkama koristust\u00f6\u00f6dega kogu kodus.<\/li>\n<li><strong>Mitmek\u00fclgsed manused<\/strong>: Kaasas erinevad tarvikud, nagu pragude t\u00f6\u00f6riist, polstrihari ja p\u00f5randaotsik, et tulla toime erinevate puhastus\u00fclesannetega ja j\u00f5uda h\u00f5lpsalt kitsastesse kohtadesse.<\/li>\n<li><strong>Mitme pinna puhastamine<\/strong>: Sobib kasutamiseks mitmel pinnal, sealhulgas lehtpuup\u00f5randatel, vaipadel, plaatidel ja polsterdamisel, pakkudes kogu teie kodu terviklikku puhastust.<\/li>\n<li><strong>HEPA filtreerimiss\u00fcsteem<\/strong>: Sisaldab k\u00f5rge efektiivsusega tahkete osakeste \u00f5hu (HEPA) filtreerimiss\u00fcsteemi, mis p\u00fc\u00fcab kinni allergeenid ja peened tolmuosakesed ning tagab teie kodus puhtama \u00f5hukvaliteedi.<\/li>\n<li><strong>Lihtne t\u00fchjendamine<\/strong>: pr\u00fcgikasti on lihtne eemaldada ja t\u00fchjendada, minimeerides segadust ja lihtsustades hooldust p\u00e4rast puhastusseansse.<\/li>\n<li><strong>LED esituled<\/strong>: P\u00f5randaotsikul on LED-esituled, mis valgustavad tumedaid alasid ja tagavad p\u00f5hjaliku puhastamise ka v\u00e4hese valgusega tingimustes.<\/li>\n<li><strong>Kompaktne ja kerge<\/strong>: oma kompaktse ja kerge disainiga tolmuimejat on lihtne man\u00f6\u00f6verdada ja hoiustada, mist\u00f5ttu on see ideaalne igap\u00e4evaseks kasutamiseks.<\/li>\n<\/ol>\n<p>\u00dcldiselt pakub 400 W mootoripulgaga juhtmeta LEVOIT tolmuimeja v\u00f5imsat j\u00f5udlust, mugavust ja mitmek\u00fclgsust, muutes selle v\u00e4\u00e4rtuslikuks lisandiks igale majapidamises kasutatavale puhastusarsenalile.<\/p>","protected":false},"excerpt":{"rendered":"<div class=\"flex-1 overflow-hidden\">\n<div class=\"react-scroll-to-bottom--css-yhevx-79elbk h-full\">\n<div class=\"react-scroll-to-bottom--css-yhevx-1n7m0yu\">\n<div class=\"flex flex-col pb-9 text-sm\">\n<div class=\"w-full text-token-text-primary\" data-testid=\"conversation-turn-59\">\n<div class=\"px-4 py-2 justify-center text-base md:gap-6 m-auto\">\n<div class=\"flex flex-1 text-base mx-auto gap-3 md:px-5 lg:px-1 xl:px-5 md:max-w-3xl lg:max-w-[40rem] xl:max-w-[48rem] group final-completion\">\n<div class=\"relative flex w-full flex-col agent-turn\">\n<div class=\"flex-col gap-1 md:gap-3\">\n<div class=\"flex flex-grow flex-col max-w-full\">\n<div class=\"min-h-[20px] text-message flex flex-col items-start gap-3 whitespace-pre-wrap break-words [.text-message+&amp;]:mt-5 overflow-x-auto\" data-message-author-role=\"assistant\" data-message-id=\"94eff997-8bce-4305-bdc2-d661f681ebc9\">\n<div class=\"markdown prose w-full break-words dark:prose-invert light\">\n<p>The LEVOIT Cordless Vacuum Cleaner with a 400W Motor Stick provides powerful suction, long-lasting battery life, and versatile attachments for efficient cleaning. Its cordless design, HEPA filtration, and lightweight construction make it perfect for everyday use.<\/p>\n<\/div>\n<\/div>\n<\/div>\n<\/div>\n<\/div>\n<\/div>\n<\/div>\n<\/div>\n<\/div>\n<\/div>\n<\/div>\n<\/div>\n","protected":false},"featured_media":1996,"comment_status":"open","ping_status":"closed","template":"","meta":{"_monsterinsights_skip_tracking":false,"_monsterinsights_sitenote_active":false,"_monsterinsights_sitenote_note":"","_monsterinsights_sitenote_category":0,"jetpack_publicize_message":"","jetpack_publicize_feature_enabled":true,"jetpack_social_post_already_shared":false,"jetpack_social_options":{"image_generator_settings":{"template":"highway","default_image_id":0,"font":"","enabled":false},"version":2}},"product_brand":[],"product_cat":[101],"product_tag":[],"class_list":{"0":"post-1994","1":"product","2":"type-product","3":"status-publish","4":"has-post-thumbnail","6":"product_cat-cordless-vacuum-cleaners","8":"first","9":"instock","10":"sale","11":"shipping-taxable","12":"purchasable","13":"product-type-simple"},"aioseo_notices":[],"jetpack_publicize_connections":[],"jetpack_sharing_enabled":true,"_links":{"self":[{"href":"https:\/\/amazingmarket.ee\/et\/wp-json\/wp\/v2\/product\/1994","targetHints":{"allow":["GET"]}}],"collection":[{"href":"https:\/\/amazingmarket.ee\/et\/wp-json\/wp\/v2\/product"}],"about":[{"href":"https:\/\/amazingmarket.ee\/et\/wp-json\/wp\/v2\/types\/product"}],"replies":[{"embeddable":true,"href":"https:\/\/amazingmarket.ee\/et\/wp-json\/wp\/v2\/comments?post=1994"}],"wp:featuredmedia":[{"embeddable":true,"href":"https:\/\/amazingmarket.ee\/et\/wp-json\/wp\/v2\/media\/1996"}],"wp:attachment":[{"href":"https:\/\/amazingmarket.ee\/et\/wp-json\/wp\/v2\/media?parent=1994"}],"wp:term":[{"taxonomy":"product_brand","embeddable":true,"href":"https:\/\/amazingmarket.ee\/et\/wp-json\/wp\/v2\/product_brand?post=1994"},{"taxonomy":"product_cat","embeddable":true,"href":"https:\/\/amazingmarket.ee\/et\/wp-json\/wp\/v2\/product_cat?post=1994"},{"taxonomy":"product_tag","embeddable":true,"href":"https:\/\/amazingmarket.ee\/et\/wp-json\/wp\/v2\/product_tag?post=1994"}],"curies":[{"name":"wp","href":"https:\/\/api.w.org\/{rel}","templated":true}]}}