{"id":19897,"date":"2026-05-07T14:11:45","date_gmt":"2026-05-07T12:11:45","guid":{"rendered":"https:\/\/amazingmarket.ee\/?post_type=product&#038;p=19897"},"modified":"2026-05-07T14:11:45","modified_gmt":"2026-05-07T12:11:45","slug":"ninja-foodi-max-14-in-1-smartlid-multi-cooker-ol750eu","status":"publish","type":"product","link":"https:\/\/amazingmarket.ee\/et\/toode\/ninja-foodi-max-14-in-1-smartlid-multi-cooker-ol750eu\/","title":{"rendered":"Ninja Foodi MAX 14-in-1 SmartLid Multi-Cooker [OL750EU]"},"content":{"rendered":"<h2 class=\"a-size-base-plus a-text-bold\">Selle \u00fcksuse kohta<\/h2>\n<ul class=\"a-unordered-list a-vertical a-spacing-mini\">\n<li class=\"a-spacing-mini\"><span class=\"a-list-item\">14 MITMEK\u00dcLGSET K\u00dcPSETAMISFUNKTSIOONI \u00dcHE KAANE ALL: kiirk\u00fcpsetamine, kuuma\u00f5huga praadimine, grillimine, k\u00fcpsetamine, kuivatamine, jahvatamine, pruunistamine\/hautamine, aurutamine, aeglane k\u00fcpsetamine, jogurt, toitude aurutamine, aurutamine, kuuma\u00f5huga praadimine ja leiva aurutamine<\/span><\/li>\n<li class=\"a-spacing-mini\"><span class=\"a-list-item\">R\u00d5HKEIT R\u00f5hkekeetja: Kuni 70% kiirem kui tavalised k\u00fcpsetusmeetodid* (*V\u00f5rreldes aeglase keetmise, keetmise v\u00f5i hautamisega.) Automaatne auru v\u00e4ljastamine viib k\u00fcpsetusprotsessi l\u00f5pule.<\/span><\/li>\n<li class=\"a-spacing-mini\"><span class=\"a-list-item\">Ideaalselt k\u00fcpsetatud tulemused: Smart Cook s\u00fcsteemiga pole vaja oletada. Digitaalne temperatuuriandur j\u00e4lgib k\u00fcpsetamise ajal t\u00e4pselt teie toidu temperatuuri.<\/span><\/li>\n<li class=\"a-spacing-mini\"><span class=\"a-list-item\">Suur maht 7,5 liitrit: k\u00fcpseta h\u00f5lpsalt terve 3 kg kana. K\u00d5IK \u00dcHES: Liiguta lihtsalt SmartLid liugurit, et vahetada kiirk\u00fcpsetuse, kombineeritud aurutamise ja kuuma \u00f5huga praadimise re\u017eiimide vahel.<\/span><\/li>\n<li class=\"a-spacing-mini\"><span class=\"a-list-item\">Sisaldab: Ninja Foodi Max multikeetjat (EL-i pistik), mittenakkuva kattega n\u00f5udepesumasinas pestavat 7,5 l kastrulit, 4,7 l k\u00fcpsetus- ja kr\u00f5beduskorvi, kahetasandilist resti, peakoka loodud retseptijuhendit. V\u00e4rv: roostevaba teras.<\/span><\/li>\n<li class=\"a-spacing-mini\"><span class=\"a-list-item\">Dimensions: H36 cm x W35 cm x D36 cm. Weight 12.1 kg<\/span><\/li>\n<\/ul>","protected":false},"excerpt":{"rendered":"<table class=\"a-normal a-spacing-micro\" role=\"list\">\n<tbody>\n<tr class=\"a-spacing-small po-special_feature\" role=\"listitem\">\n<td class=\"a-span3\" role=\"presentation\"><span class=\"a-size-base a-text-bold\">Eriomadus<\/span><\/td>\n<td class=\"a-span9\" role=\"presentation\"><span class=\"a-size-base\"><span class=\"a-truncate po-truncate-attribute\" data-a-word-break=\"normal\" data-a-truncate-name=\"po-attribute-truncate-0\" data-a-max-rows=\"3\" data-a-overflow-marker=\"&hellip;\" data-a-recalculate=\"false\" data-a-updated=\"true\"><span class=\"a-truncate-full a-offscreen\">14 k\u00fcpsetusfunktsiooni, kiirkeetmine, kuuma\u00f5hu frit\u00fc\u00fcr, auruti, aeglane k\u00fcpsetamine, suur mahutavus, SmartLid, programmeeritav, n\u00f5udepesumasinas pestavad osad<\/span><span class=\"a-truncate-cut\" aria-hidden=\"true\">14 k\u00fcpsetusfunktsiooni, kiirkeetmine, kuuma\u00f5hu frit\u00fc\u00fcr, auruti, aeglane k\u00fcpsetamine, suur mahutavus, SmartLid, programmeeritav, n\u00f5udepesumasinas pestavad osad<\/span><\/span><\/span><\/td>\n<\/tr>\n<tr class=\"a-spacing-small po-item_depth_width_height\" role=\"listitem\">\n<td class=\"a-span3\" role=\"presentation\"><span class=\"a-size-base a-text-bold\">Toote m\u00f5\u00f5dud<\/span><\/td>\n<td class=\"a-span9\" role=\"presentation\"><span class=\"a-size-base po-break-word\">36D x 35W x 36H centimetres<\/span><\/td>\n<\/tr>\n<tr class=\"a-spacing-small po-color\" role=\"listitem\">\n<td class=\"a-span3\" role=\"presentation\"><span class=\"a-size-base a-text-bold\">V\u00e4rv<\/span><\/td>\n<td class=\"a-span9\" role=\"presentation\"><span class=\"a-size-base po-break-word\">Stainlesssteel<\/span><\/td>\n<\/tr>\n<tr class=\"a-spacing-small po-capacity\" role=\"listitem\">\n<td class=\"a-span3\" role=\"presentation\"><span class=\"a-size-base a-text-bold\">Mahutavus<\/span><\/td>\n<td class=\"a-span9\" role=\"presentation\"><span class=\"a-size-base po-break-word\">7.5 litres<\/span><\/td>\n<\/tr>\n<tr class=\"a-spacing-small po-material\" role=\"listitem\">\n<td class=\"a-span3\" role=\"presentation\"><span class=\"a-size-base a-text-bold\">Materjal<\/span><\/td>\n<td class=\"a-span9\" role=\"presentation\"><span class=\"a-size-base po-break-word\">Roostevaba teras<\/span><\/td>\n<\/tr>\n<\/tbody>\n<\/table>","protected":false},"featured_media":19898,"comment_status":"open","ping_status":"closed","template":"","meta":{"_monsterinsights_skip_tracking":false,"_monsterinsights_sitenote_active":false,"_monsterinsights_sitenote_note":"","_monsterinsights_sitenote_category":0,"jetpack_publicize_message":"","jetpack_publicize_feature_enabled":true,"jetpack_social_post_already_shared":true,"jetpack_social_options":{"image_generator_settings":{"template":"highway","default_image_id":0,"font":"","enabled":false},"version":2}},"product_brand":[],"product_cat":[217,93,214,71,78],"product_tag":[],"class_list":{"0":"post-19897","1":"product","2":"type-product","3":"status-publish","4":"has-post-thumbnail","6":"product_cat-mixers-and-food-processors","7":"product_cat-multicookers-and-pressure-cookers","8":"product_cat-multicookers-egg-cookers-pressure-cookers-and-rice-cookers","9":"product_cat-airfryers","10":"product_cat-food-processors","12":"first","13":"instock","14":"sale","15":"shipping-taxable","16":"purchasable","17":"product-type-simple"},"aioseo_notices":[],"jetpack_publicize_connections":[],"jetpack_sharing_enabled":true,"_links":{"self":[{"href":"https:\/\/amazingmarket.ee\/et\/wp-json\/wp\/v2\/product\/19897","targetHints":{"allow":["GET"]}}],"collection":[{"href":"https:\/\/amazingmarket.ee\/et\/wp-json\/wp\/v2\/product"}],"about":[{"href":"https:\/\/amazingmarket.ee\/et\/wp-json\/wp\/v2\/types\/product"}],"replies":[{"embeddable":true,"href":"https:\/\/amazingmarket.ee\/et\/wp-json\/wp\/v2\/comments?post=19897"}],"wp:featuredmedia":[{"embeddable":true,"href":"https:\/\/amazingmarket.ee\/et\/wp-json\/wp\/v2\/media\/19898"}],"wp:attachment":[{"href":"https:\/\/amazingmarket.ee\/et\/wp-json\/wp\/v2\/media?parent=19897"}],"wp:term":[{"taxonomy":"product_brand","embeddable":true,"href":"https:\/\/amazingmarket.ee\/et\/wp-json\/wp\/v2\/product_brand?post=19897"},{"taxonomy":"product_cat","embeddable":true,"href":"https:\/\/amazingmarket.ee\/et\/wp-json\/wp\/v2\/product_cat?post=19897"},{"taxonomy":"product_tag","embeddable":true,"href":"https:\/\/amazingmarket.ee\/et\/wp-json\/wp\/v2\/product_tag?post=19897"}],"curies":[{"name":"wp","href":"https:\/\/api.w.org\/{rel}","templated":true}]}}