{"id":1982,"date":"2024-02-25T17:05:05","date_gmt":"2024-02-25T17:05:05","guid":{"rendered":"https:\/\/amazingmarket.ee\/?post_type=product&#038;p=1982"},"modified":"2026-03-14T11:15:30","modified_gmt":"2026-03-14T09:15:30","slug":"%d0%b0mazon-basic-b07d43b982","status":"publish","type":"product","link":"https:\/\/amazingmarket.ee\/et\/toode\/%d0%b0mazon-basic-b07d43b982\/","title":{"rendered":"\u0410mazon Basic B07D43B982"},"content":{"rendered":"<p>Amazon Basics B07D43B982 tolmuimeja on mitmek\u00fclgne ja t\u00f5hus puhastusseade, mis on loodud mitmesuguste koduste koristust\u00f6\u00f6de tegemiseks. Siin on \u00fclevaade selle v\u00f5imalikest funktsioonidest:<\/p>\n<ol>\n<li><strong>V\u00f5imas imemine<\/strong>: Tugeva mootoriga tolmuimeja pakub v\u00f5imsat imemist, et eemaldada t\u00f5husalt mustus, tolm ja praht vaipadelt, vaipadelt, lehtpuup\u00f5randatelt ja muudelt pindadelt.<\/li>\n<li><strong>Kotita disain<\/strong>: tolmukotita disainiga tolmuimejal puudub vajadus asenduskottide j\u00e4rele, v\u00e4hendades pidevaid hoolduskulusid ja t\u00fcli.<\/li>\n<li><strong>Mitu manust<\/strong>: Kaasas hulk tarvikuid, nagu pragude t\u00f6\u00f6riist, tolmuhari ja polstriotsik, mis v\u00f5imaldavad sihip\u00e4rast puhastamist erinevates piirkondades ja pindadel.<\/li>\n<li><strong>Reguleeritavad s\u00e4tted<\/strong>: pakub reguleeritavaid seadistusi imemisv\u00f5imsusele ja harjarulli kiirusele, pakkudes paindlikkust puhastamise kohandamiseks vastavalt konkreetsetele vajadustele ja pinnat\u00fc\u00fcpidele.<\/li>\n<li><strong>HEPA filtreerimine<\/strong>: sisaldab HEPA-filtrit allergeenide ja peenosakeste p\u00fc\u00fcdmiseks, tagades teie kodus puhtama \u00f5hukvaliteedi.<\/li>\n<li><strong>Lihtne man\u00f6\u00f6verdusv\u00f5ime<\/strong>: P\u00f6\u00f6rleva rooli ja kerge konstruktsiooniga tolmuimejat on lihtne m\u00f6\u00f6bli \u00fcmber man\u00f6\u00f6verdada ja kitsastes kohtades liikuda.<\/li>\n<li><strong>Suur pr\u00fcgikasti mahutavus<\/strong>: Mahuka pr\u00fcgikastiga mahutab tolmuimeja m\u00e4rkimisv\u00e4\u00e4rse koguse mustust ja prahti, v\u00e4hendades puhastamise ajal t\u00fchjendamise sagedust.<\/li>\n<li><strong>Kompaktne salvestusruum<\/strong>: Sellel on kompaktne disain koos tarvikute jaoks m\u00f5eldud panipaigaga, mis muudab tolmuimeja hoiustamise lihtsaks, kui seda ei kasutata.<\/li>\n<\/ol>\n<p>\u00dcldiselt pakub Amazon Basics B07D43B982 tolmuimeja teie puhastusvajaduste rahuldamiseks usaldusv\u00e4\u00e4rset j\u00f5udlust, mugavust ja mitmek\u00fclgsust.<\/p>","protected":false},"excerpt":{"rendered":"<p>Amazon Basics B07D43B982 tolmuimeja on v\u00f5imas ja mitmek\u00fclgne puhastusseade reguleeritavate seadistuste, mitme lisaseadme ja HEPA-filtratsiooniga t\u00f5husaks puhastamiseks. Selle kompaktne disain ja kotita t\u00f6\u00f6 muudavad selle mugavaks valikuks igap\u00e4evaste puhastust\u00f6\u00f6de jaoks.<\/p>","protected":false},"featured_media":1987,"comment_status":"open","ping_status":"closed","template":"","meta":{"_monsterinsights_skip_tracking":false,"_monsterinsights_sitenote_active":false,"_monsterinsights_sitenote_note":"","_monsterinsights_sitenote_category":0,"jetpack_publicize_message":"","jetpack_publicize_feature_enabled":true,"jetpack_social_post_already_shared":false,"jetpack_social_options":{"image_generator_settings":{"template":"highway","default_image_id":0,"font":"","enabled":false},"version":2}},"product_brand":[],"product_cat":[102],"product_tag":[],"class_list":{"0":"post-1982","1":"product","2":"type-product","3":"status-publish","4":"has-post-thumbnail","6":"product_cat-vacuum-cleaners","8":"first","9":"instock","10":"sale","11":"shipping-taxable","12":"purchasable","13":"product-type-simple"},"aioseo_notices":[],"jetpack_publicize_connections":[],"jetpack_sharing_enabled":true,"_links":{"self":[{"href":"https:\/\/amazingmarket.ee\/et\/wp-json\/wp\/v2\/product\/1982","targetHints":{"allow":["GET"]}}],"collection":[{"href":"https:\/\/amazingmarket.ee\/et\/wp-json\/wp\/v2\/product"}],"about":[{"href":"https:\/\/amazingmarket.ee\/et\/wp-json\/wp\/v2\/types\/product"}],"replies":[{"embeddable":true,"href":"https:\/\/amazingmarket.ee\/et\/wp-json\/wp\/v2\/comments?post=1982"}],"wp:featuredmedia":[{"embeddable":true,"href":"https:\/\/amazingmarket.ee\/et\/wp-json\/wp\/v2\/media\/1987"}],"wp:attachment":[{"href":"https:\/\/amazingmarket.ee\/et\/wp-json\/wp\/v2\/media?parent=1982"}],"wp:term":[{"taxonomy":"product_brand","embeddable":true,"href":"https:\/\/amazingmarket.ee\/et\/wp-json\/wp\/v2\/product_brand?post=1982"},{"taxonomy":"product_cat","embeddable":true,"href":"https:\/\/amazingmarket.ee\/et\/wp-json\/wp\/v2\/product_cat?post=1982"},{"taxonomy":"product_tag","embeddable":true,"href":"https:\/\/amazingmarket.ee\/et\/wp-json\/wp\/v2\/product_tag?post=1982"}],"curies":[{"name":"wp","href":"https:\/\/api.w.org\/{rel}","templated":true}]}}