{"id":19812,"date":"2026-05-06T13:49:39","date_gmt":"2026-05-06T11:49:39","guid":{"rendered":"https:\/\/amazingmarket.ee\/?post_type=product&#038;p=19812"},"modified":"2026-05-06T13:49:40","modified_gmt":"2026-05-06T11:49:40","slug":"moulinex-home-bread-baguette-roll-maker-16-programs","status":"publish","type":"product","link":"https:\/\/amazingmarket.ee\/et\/toode\/moulinex-home-bread-baguette-roll-maker-16-programs\/","title":{"rendered":"Moulinex Home Bread Baguette Roll Maker, 16 Programs"},"content":{"rendered":"<h1 class=\"a-size-base-plus a-text-bold\">GOOD CONDITION, NEW<\/p>\n<p>Selle \u00fcksuse kohta<\/h1>\n<ul class=\"a-unordered-list a-vertical a-spacing-mini\">\n<li class=\"a-spacing-mini\"><span class=\"a-list-item\">HOMEMADE BREAD: Enjoy fresh bread and homemade crispy baguettes with the Home Bread Baguette Bread Maker and make a wide variety of recipes<\/span><\/li>\n<li class=\"a-spacing-mini\"><span class=\"a-list-item\">CRUSTILATING BAGUETTES: make buns and up to 8 crispy and golden baguettes as you wish, thanks to the special baguette plates and the baker&#8217;s accessories<\/span><\/li>\n<li class=\"a-spacing-mini\"><span class=\"a-list-item\">16 automatic programs: to vary the pleasures and prepare your homemade breads without supervision: baguettes, classic breads, gluten-free breads, cakes, pizza dough, jams and pasta<\/span><\/li>\n<li class=\"a-spacing-mini\"><span class=\"a-list-item\">FAMILY FORMAT: capacity up to 1.5 kg<\/span><\/li>\n<li class=\"a-spacing-mini\"><span class=\"a-list-item\">REMONDITAVUS 15 AASTAT \u00d5IGE HINNAGA: 15-aastane remonditavuse garantii \u00f5ige hinnaga t\u00e4nu meie 6200 remondit\u00f6\u00f6kojast koosnevale v\u00f5rgustikule \u00fcle maailma, et panustada keskkonnakaitsesse ja j\u00e4\u00e4tmetekke v\u00e4hendamisse.<\/span><\/li>\n<li class=\"a-spacing-mini\"><span class=\"a-list-item\">EASY TO USE: Simply add your ingredients to the bowl, select the program, and the bread maker takes care of the rest, from kneading to baking<\/span><\/li>\n<li class=\"a-spacing-mini\"><span class=\"a-list-item\">Practical: delayed start to treat yourself with hot bread that has just been cooked, in the morning when you wake up or in the evening when you come home from work<\/span><\/li>\n<\/ul>","protected":false},"excerpt":{"rendered":"<table class=\"a-normal a-spacing-micro\" role=\"list\">\n<tbody>\n<tr class=\"a-spacing-small po-voltage\" role=\"listitem\">\n<td class=\"a-span3\" role=\"presentation\"><span class=\"a-size-base a-text-bold\">Pinge<\/span><\/td>\n<td class=\"a-span9\" role=\"presentation\"><span class=\"a-size-base po-break-word\">230 volti<\/span><\/td>\n<\/tr>\n<tr class=\"a-spacing-small po-color\" role=\"listitem\">\n<td class=\"a-span3\" role=\"presentation\"><span class=\"a-size-base a-text-bold\">V\u00e4rv<\/span><\/td>\n<td class=\"a-span9\" role=\"presentation\"><span class=\"a-size-base po-break-word\">Silver.<\/span><\/td>\n<\/tr>\n<tr class=\"a-spacing-small po-item_weight\" role=\"listitem\">\n<td class=\"a-span3\" role=\"presentation\"><span class=\"a-size-base a-text-bold\">Kauba kaal<\/span><\/td>\n<td class=\"a-span9\" role=\"presentation\"><span class=\"a-size-base po-break-word\">7.6 Kilograms<\/span><\/td>\n<\/tr>\n<tr class=\"a-spacing-small po-item_depth_width_height\" role=\"listitem\">\n<td class=\"a-span3\" role=\"presentation\"><span class=\"a-size-base a-text-bold\">Toote m\u00f5\u00f5dud<\/span><\/td>\n<td class=\"a-span9\" role=\"presentation\"><span class=\"a-size-base po-break-word\">31D x 49W x 38H centimetres<\/span><\/td>\n<\/tr>\n<tr class=\"a-spacing-small po-material\" role=\"listitem\">\n<td class=\"a-span3\" role=\"presentation\"><span class=\"a-size-base a-text-bold\">Materjal<\/span><\/td>\n<td class=\"a-span9\" role=\"presentation\"><span class=\"a-size-base po-break-word\">Metallist<\/span><\/td>\n<\/tr>\n<tr class=\"a-spacing-small po-capacity\" role=\"listitem\">\n<td class=\"a-span3\" role=\"presentation\"><span class=\"a-size-base a-text-bold\">Mahutavus<\/span><\/td>\n<td class=\"a-span9\" role=\"presentation\"><span class=\"a-size-base po-break-word\">1.5 Kilograms<\/span><\/td>\n<\/tr>\n<tr class=\"a-spacing-small po-wattage\" role=\"listitem\">\n<td class=\"a-span3\" role=\"presentation\"><span class=\"a-size-base a-text-bold\">V\u00f5imsus<\/span><\/td>\n<td class=\"a-span9\" role=\"presentation\"><span class=\"a-size-base po-break-word\">1650 watts<\/span><\/td>\n<\/tr>\n<tr class=\"a-spacing-small po-brand\" role=\"listitem\">\n<td class=\"a-span3\" role=\"presentation\"><span class=\"a-size-base a-text-bold\">Kaubam\u00e4rk<\/span><\/td>\n<td class=\"a-span9\" role=\"presentation\"><span class=\"a-size-base po-break-word\">Moulinex<\/span><\/td>\n<\/tr>\n<tr class=\"a-spacing-small po-care_instructions\" role=\"listitem\">\n<td class=\"a-span3\" role=\"presentation\"><span class=\"a-size-base a-text-bold\">Toote hooldusjuhised<\/span><\/td>\n<td class=\"a-span9\" role=\"presentation\"><span class=\"a-size-base po-break-word\">N\u00f5udepesumasinas ohutu<\/span><\/td>\n<\/tr>\n<tr class=\"a-spacing-small po-number_of_programs\" role=\"listitem\">\n<td class=\"a-span3\" role=\"presentation\"><span class=\"a-size-base a-text-bold\">Number of programmes<\/span><\/td>\n<td class=\"a-span9\" role=\"presentation\"><span class=\"a-size-base po-break-word\">16<\/span><\/td>\n<\/tr>\n<\/tbody>\n<\/table>","protected":false},"featured_media":19813,"comment_status":"open","ping_status":"closed","template":"","meta":{"_monsterinsights_skip_tracking":false,"_monsterinsights_sitenote_active":false,"_monsterinsights_sitenote_note":"","_monsterinsights_sitenote_category":0,"jetpack_publicize_message":"","jetpack_publicize_feature_enabled":true,"jetpack_social_post_already_shared":true,"jetpack_social_options":{"image_generator_settings":{"template":"highway","default_image_id":0,"font":"","enabled":false},"version":2}},"product_brand":[],"product_cat":[75],"product_tag":[],"class_list":{"0":"post-19812","1":"product","2":"type-product","3":"status-publish","4":"has-post-thumbnail","6":"product_cat-bread-makers","8":"first","9":"instock","10":"sale","11":"shipping-taxable","12":"purchasable","13":"product-type-simple"},"aioseo_notices":[],"jetpack_publicize_connections":[],"jetpack_sharing_enabled":true,"_links":{"self":[{"href":"https:\/\/amazingmarket.ee\/et\/wp-json\/wp\/v2\/product\/19812","targetHints":{"allow":["GET"]}}],"collection":[{"href":"https:\/\/amazingmarket.ee\/et\/wp-json\/wp\/v2\/product"}],"about":[{"href":"https:\/\/amazingmarket.ee\/et\/wp-json\/wp\/v2\/types\/product"}],"replies":[{"embeddable":true,"href":"https:\/\/amazingmarket.ee\/et\/wp-json\/wp\/v2\/comments?post=19812"}],"wp:featuredmedia":[{"embeddable":true,"href":"https:\/\/amazingmarket.ee\/et\/wp-json\/wp\/v2\/media\/19813"}],"wp:attachment":[{"href":"https:\/\/amazingmarket.ee\/et\/wp-json\/wp\/v2\/media?parent=19812"}],"wp:term":[{"taxonomy":"product_brand","embeddable":true,"href":"https:\/\/amazingmarket.ee\/et\/wp-json\/wp\/v2\/product_brand?post=19812"},{"taxonomy":"product_cat","embeddable":true,"href":"https:\/\/amazingmarket.ee\/et\/wp-json\/wp\/v2\/product_cat?post=19812"},{"taxonomy":"product_tag","embeddable":true,"href":"https:\/\/amazingmarket.ee\/et\/wp-json\/wp\/v2\/product_tag?post=19812"}],"curies":[{"name":"wp","href":"https:\/\/api.w.org\/{rel}","templated":true}]}}