{"id":19641,"date":"2026-05-04T15:28:06","date_gmt":"2026-05-04T13:28:06","guid":{"rendered":"https:\/\/amazingmarket.ee\/?post_type=product&#038;p=19641"},"modified":"2026-05-04T15:28:06","modified_gmt":"2026-05-04T13:28:06","slug":"tristar-bp-2787-grill-plate","status":"publish","type":"product","link":"https:\/\/amazingmarket.ee\/et\/toode\/tristar-bp-2787-grill-plate\/","title":{"rendered":"Tristar BP-2787 Grill Plate"},"content":{"rendered":"<h2 class=\"a-size-base-plus a-text-bold\">Selle \u00fcksuse kohta<\/h2>\n<ul class=\"a-unordered-list a-vertical a-spacing-mini\">\n<li class=\"a-spacing-mini\"><span class=\"a-list-item\">Valmista maitsvaid roogasid selle Tristari \u00fcmmarguse grillplaadiga. K\u00f6\u00f6giviljad, liha v\u00f5i kala \u2013 k\u00f5ik on v\u00f5imalik.<\/span><\/li>\n<li class=\"a-spacing-mini\"><span class=\"a-list-item\">40 cm l\u00e4bim\u00f5\u00f5du ja komplektis oleva puidust spaatliga sobib see ideaalselt neljale inimesele.<\/span><\/li>\n<li class=\"a-spacing-mini\"><span class=\"a-list-item\">Reguleeritava termostaadi abil saad k\u00fcpsetustemperatuuri (5 seadistust, maksimaalselt 230 \u00b0C) reguleerida, et valmistada toitu vastavalt oma maitsele v\u00f5i vajadusele. T\u00e4nu 2000-vatisele v\u00f5imsusele kuumeneb see elektriline grillplaat kiiresti ja k\u00fcpsetab teie koostisained kiiresti.<\/span><\/li>\n<li class=\"a-spacing-mini\"><span class=\"a-list-item\">T\u00e4nu mittenakkuvale kattele ei j\u00e4\u00e4 miski k\u00fcpsetuspinna k\u00fclge kinni, isegi kui te ei lisa rasva. See voolab spetsiaalsesse eemaldatavasse anumasse. See on tervislikum ja grillplaati on lihtne puhastada.<\/span><\/li>\n<li class=\"a-spacing-mini\"><span class=\"a-list-item\">Kuumuskindlate jahedate k\u00e4epidemetega saate oma elektrilist grillpanni probleemideta kasutada.<\/span><\/li>\n<\/ul>","protected":false},"excerpt":{"rendered":"<table class=\"a-normal a-spacing-micro\" role=\"list\">\n<tbody>\n<tr class=\"a-spacing-small po-material\" role=\"listitem\">\n<td class=\"a-span3\" role=\"presentation\"><span class=\"a-size-base a-text-bold\">Materjal<\/span><\/td>\n<td class=\"a-span9\" role=\"presentation\"><span class=\"a-size-base po-break-word\">Aluminium<\/span><\/td>\n<\/tr>\n<tr class=\"a-spacing-small po-brand\" role=\"listitem\">\n<td class=\"a-span3\" role=\"presentation\"><span class=\"a-size-base a-text-bold\">Kaubam\u00e4rk<\/span><\/td>\n<td class=\"a-span9\" role=\"presentation\"><span class=\"a-size-base po-break-word\">Tristar<\/span><\/td>\n<\/tr>\n<tr class=\"a-spacing-small po-color\" role=\"listitem\">\n<td class=\"a-span3\" role=\"presentation\"><span class=\"a-size-base a-text-bold\">V\u00e4rv<\/span><\/td>\n<td class=\"a-span9\" role=\"presentation\"><span class=\"a-size-base po-break-word\">Must<\/span><\/td>\n<\/tr>\n<tr class=\"a-spacing-small po-item_weight\" role=\"listitem\">\n<td class=\"a-span3\" role=\"presentation\"><span class=\"a-size-base a-text-bold\">Kauba kaal<\/span><\/td>\n<td class=\"a-span9\" role=\"presentation\"><span class=\"a-size-base po-break-word\">1,9 kilogrammi<\/span><\/td>\n<\/tr>\n<tr class=\"a-spacing-small po-item_shape\" role=\"listitem\">\n<td class=\"a-span3\" role=\"presentation\"><span class=\"a-size-base a-text-bold\">Kuju<\/span><\/td>\n<td class=\"a-span9\" role=\"presentation\"><span class=\"a-size-base po-break-word\">Round<\/span><\/td>\n<\/tr>\n<\/tbody>\n<\/table>","protected":false},"featured_media":19642,"comment_status":"open","ping_status":"closed","template":"","meta":{"_monsterinsights_skip_tracking":false,"_monsterinsights_sitenote_active":false,"_monsterinsights_sitenote_note":"","_monsterinsights_sitenote_category":0,"jetpack_publicize_message":"","jetpack_publicize_feature_enabled":true,"jetpack_social_post_already_shared":true,"jetpack_social_options":{"image_generator_settings":{"template":"highway","default_image_id":0,"font":"","enabled":false},"version":2}},"product_brand":[],"product_cat":[87,110],"product_tag":[],"class_list":{"0":"post-19641","1":"product","2":"type-product","3":"status-publish","4":"has-post-thumbnail","6":"product_cat-electric-grills","7":"product_cat-grills","9":"first","10":"instock","11":"sale","12":"shipping-taxable","13":"purchasable","14":"product-type-simple"},"aioseo_notices":[],"jetpack_publicize_connections":[],"jetpack_sharing_enabled":true,"_links":{"self":[{"href":"https:\/\/amazingmarket.ee\/et\/wp-json\/wp\/v2\/product\/19641","targetHints":{"allow":["GET"]}}],"collection":[{"href":"https:\/\/amazingmarket.ee\/et\/wp-json\/wp\/v2\/product"}],"about":[{"href":"https:\/\/amazingmarket.ee\/et\/wp-json\/wp\/v2\/types\/product"}],"replies":[{"embeddable":true,"href":"https:\/\/amazingmarket.ee\/et\/wp-json\/wp\/v2\/comments?post=19641"}],"wp:featuredmedia":[{"embeddable":true,"href":"https:\/\/amazingmarket.ee\/et\/wp-json\/wp\/v2\/media\/19642"}],"wp:attachment":[{"href":"https:\/\/amazingmarket.ee\/et\/wp-json\/wp\/v2\/media?parent=19641"}],"wp:term":[{"taxonomy":"product_brand","embeddable":true,"href":"https:\/\/amazingmarket.ee\/et\/wp-json\/wp\/v2\/product_brand?post=19641"},{"taxonomy":"product_cat","embeddable":true,"href":"https:\/\/amazingmarket.ee\/et\/wp-json\/wp\/v2\/product_cat?post=19641"},{"taxonomy":"product_tag","embeddable":true,"href":"https:\/\/amazingmarket.ee\/et\/wp-json\/wp\/v2\/product_tag?post=19641"}],"curies":[{"name":"wp","href":"https:\/\/api.w.org\/{rel}","templated":true}]}}