{"id":19512,"date":"2026-05-02T12:45:35","date_gmt":"2026-05-02T10:45:35","guid":{"rendered":"https:\/\/amazingmarket.ee\/?post_type=product&#038;p=19512"},"modified":"2026-05-02T12:45:35","modified_gmt":"2026-05-02T10:45:35","slug":"robot-vacuum-cleanova-w11","status":"publish","type":"product","link":"https:\/\/amazingmarket.ee\/et\/toode\/robot-vacuum-cleanova-w11\/","title":{"rendered":"Robot Vacuum Cleanova W11"},"content":{"rendered":"<h1 class=\"a-size-base-plus a-text-bold\">USED<\/p>\n<p>Selle \u00fcksuse kohta<\/h1>\n<ul class=\"a-unordered-list a-vertical a-spacing-mini\">\n<li class=\"a-spacing-mini\"><span class=\"a-list-item\">\u3010Mugav iset\u00fchjenemisjaam\u3011 Nautige kuni 60 p\u00e4eva h\u00f5lpsat k\u00e4ed-vabad puhastamist. Cleanova W11 robottolmuimeja iset\u00fchjeneval tugijaamal on mahukas 2L tolmukott, mis juhib t\u00f5husalt tolmu ja prahi roboti tolmukastist kotti. See disain tagab katkematud puhastusts\u00fcklid ilma sagedase t\u00fchjendamiseta, muutes selle ideaalseks kiiretele majapidamistele, kes otsivad usaldusv\u00e4\u00e4rseid ja v\u00e4hese hooldusega puhastuslahendusi.<\/span><\/li>\n<li class=\"a-spacing-mini\"><span class=\"a-list-item\">\u3010T\u00e4iustatud LDS-lasernavigatsioon\u3011 Cleanova W11 robottolmuimeja kasutab LDS-tehnoloogiat, et teostada t\u00e4pset 360\u00b0 skaneerimist, kaardistades teie kodu iga nurga m\u00e4rkimisv\u00e4\u00e4rse t\u00e4psusega. Muljetavaldava 8-meetrise ulatuse ja kuni 2160-kordse prooviv\u00f5tusagedusega sekundis loob see kiiresti \u00fcksikasjaliku p\u00f5randaplaani, et optimeerida puhastusradu. See kiire ja t\u00e4pne kaardistamine v\u00f5imaldab robotil liikuda \u00fcmber m\u00f6\u00f6bli ja takistuste, tagades iga seansi jooksul igak\u00fclgse ja s\u00fcstemaatilise puhastuskatte.<\/span><\/li>\n<li class=\"a-spacing-mini\"><span class=\"a-list-item\">\u3010180-Minute Runtime &#038; Auto-Recharge\u3011The W11 robot vacuum and mop is powered by four 2600mAh lithium batteries, delivering up to 180 minutes of runtime in quiet mode\u2014ideal for larger homes and extended cleaning sessions. When the battery is low, the robot automatically returns to its charging station, calculates the time needed to complete the remaining areas, and resumes cleaning the sections it previously missed once sufficiently recharged.<\/span><\/li>\n<li class=\"a-spacing-mini\"><span class=\"a-list-item\">\u3010Powerful 5000Pa Suction with Brushless Motor\u3011The Cleanova W11 robot vacuum cleaner features a high-performance brushless motor that delivers up to 5000Pa of powerful suction, effectively removing dust, debris, and pet hair from a variety of surfaces. Paired with a rubber-bristle roller brush, it efficiently captures dirt on all floor types, from hardwood to low-pile carpets, ensuring a deep and thorough clean every time.<\/span><\/li>\n<li class=\"a-spacing-mini\"><span class=\"a-list-item\">\u3010Paindlikud juhtimismeetodid\u3011 Rakenduse kaudu \u00fchendatud Cleanova W11 tolmuimeja ja mopi kombinatsioon \u00fchildub Alexa, Google Home&#039;i ja Siriga, v\u00f5imaldades teil alustada, peatada ja hallata puhastusseansse h\u00e4\u00e4lassistendi kaudu (*toetab ainult 2,4 GHz WiFi-d). Lisaks muudab komplekti kuuluv kaugjuhtimispult roboti kasutajas\u00f5bralikuks nii vanematele kui ka lastele, v\u00e4listades Bluetooth-\u00fchendusega seotud t\u00fcli. See on suurep\u00e4rane kingitus vanematele.<\/span><\/li>\n<\/ul>","protected":false},"excerpt":{"rendered":"<table class=\"a-normal a-spacing-micro\" role=\"list\">\n<tbody>\n<tr class=\"a-spacing-small po-brand\" role=\"listitem\">\n<td class=\"a-span3\" role=\"presentation\"><span class=\"a-size-base a-text-bold\">Kaubam\u00e4rk<\/span><\/td>\n<td class=\"a-span9\" role=\"presentation\"><span class=\"a-size-base po-break-word\">Vexilar<\/span><\/td>\n<\/tr>\n<tr class=\"a-spacing-small po-model_name\" role=\"listitem\">\n<td class=\"a-span3\" role=\"presentation\"><span class=\"a-size-base a-text-bold\">Mudeli nimi<\/span><\/td>\n<td class=\"a-span9\" role=\"presentation\"><span class=\"a-size-base po-break-word\">W11 Robot Vacuum<\/span><\/td>\n<\/tr>\n<tr class=\"a-spacing-small po-surface_recommendation\" role=\"listitem\">\n<td class=\"a-span3\" role=\"presentation\"><span class=\"a-size-base a-text-bold\">Pinna soovitus<\/span><\/td>\n<td class=\"a-span9\" role=\"presentation\"><span class=\"a-size-base po-break-word\">Vaip<\/span><\/td>\n<\/tr>\n<\/tbody>\n<\/table>","protected":false},"featured_media":19513,"comment_status":"open","ping_status":"closed","template":"","meta":{"_monsterinsights_skip_tracking":false,"_monsterinsights_sitenote_active":false,"_monsterinsights_sitenote_note":"","_monsterinsights_sitenote_category":0,"jetpack_publicize_message":"","jetpack_publicize_feature_enabled":true,"jetpack_social_post_already_shared":true,"jetpack_social_options":{"image_generator_settings":{"template":"highway","default_image_id":0,"font":"","enabled":false},"version":2}},"product_brand":[],"product_cat":[80,229],"product_tag":[],"class_list":{"0":"post-19512","1":"product","2":"type-product","3":"status-publish","4":"has-post-thumbnail","6":"product_cat-robot-vacuum-cleaners","7":"product_cat-vacuum-cleaners-and-cleaners","9":"first","10":"instock","11":"sale","12":"shipping-taxable","13":"purchasable","14":"product-type-simple"},"aioseo_notices":[],"jetpack_publicize_connections":[],"jetpack_sharing_enabled":true,"_links":{"self":[{"href":"https:\/\/amazingmarket.ee\/et\/wp-json\/wp\/v2\/product\/19512","targetHints":{"allow":["GET"]}}],"collection":[{"href":"https:\/\/amazingmarket.ee\/et\/wp-json\/wp\/v2\/product"}],"about":[{"href":"https:\/\/amazingmarket.ee\/et\/wp-json\/wp\/v2\/types\/product"}],"replies":[{"embeddable":true,"href":"https:\/\/amazingmarket.ee\/et\/wp-json\/wp\/v2\/comments?post=19512"}],"wp:featuredmedia":[{"embeddable":true,"href":"https:\/\/amazingmarket.ee\/et\/wp-json\/wp\/v2\/media\/19513"}],"wp:attachment":[{"href":"https:\/\/amazingmarket.ee\/et\/wp-json\/wp\/v2\/media?parent=19512"}],"wp:term":[{"taxonomy":"product_brand","embeddable":true,"href":"https:\/\/amazingmarket.ee\/et\/wp-json\/wp\/v2\/product_brand?post=19512"},{"taxonomy":"product_cat","embeddable":true,"href":"https:\/\/amazingmarket.ee\/et\/wp-json\/wp\/v2\/product_cat?post=19512"},{"taxonomy":"product_tag","embeddable":true,"href":"https:\/\/amazingmarket.ee\/et\/wp-json\/wp\/v2\/product_tag?post=19512"}],"curies":[{"name":"wp","href":"https:\/\/api.w.org\/{rel}","templated":true}]}}