{"id":1937,"date":"2024-02-25T16:42:53","date_gmt":"2024-02-25T16:42:53","guid":{"rendered":"https:\/\/amazingmarket.ee\/?post_type=product&#038;p=1937"},"modified":"2026-03-14T11:15:30","modified_gmt":"2026-03-14T09:15:30","slug":"delonghi-ick6000","status":"publish","type":"product","link":"https:\/\/amazingmarket.ee\/et\/toode\/delonghi-ick6000\/","title":{"rendered":"DeLonghi ICK6000"},"content":{"rendered":"<p>DeLonghi ICK6000 on stiilne ja mitmek\u00fclgne kohvimasin, mis on loodud maitsva kohvi lihtsaks valmistamiseks. Siin on p\u00f5hjalik \u00fclevaade selle funktsioonidest:<\/p>\n<ol>\n<li><strong>Kahekordne funktsionaalsus<\/strong>: See kohvimasin pakub nii tilguti kohvi kui ka espresso valmistamise v\u00f5imalusi, pakkudes mitmek\u00fclgsust, mis sobib erinevatele eelistustele ja s\u00fcndmustele.<\/li>\n<li><strong>Sisseehitatud veski<\/strong>: Sisseehitatud veskiga ICK6000 v\u00f5imaldab jahvatada v\u00e4rskeid kohviube vahetult enne valmistamist, tagades maksimaalse v\u00e4rskuse ja maitse.<\/li>\n<li><strong>Reguleeritav pruulimistugevus<\/strong>: pakub reguleeritavaid t\u00f5mbetugevuse seadistusi, mis v\u00f5imaldavad teil kohandada kohvi intensiivsust vastavalt oma maitse-eelistustele.<\/li>\n<li><strong>Programmeeritav taimer<\/strong>: Programmeeritava taimeri funktsiooniga, mis v\u00f5imaldab teil t\u00f5mbeaja eelnevalt seadistada, tagades, et \u00e4rkate igal hommikul v\u00e4rskelt valmistatud kohvi peale.<\/li>\n<li><strong>Suur mahutavus<\/strong>: Kohvimasin on suure mahutavusega, mist\u00f5ttu sobib see mitme tassi kohvi korraga valmistamiseks, mis sobib suurep\u00e4raselt k\u00fclaliste v\u00f5i suurte majapidamiste kostitamiseks.<\/li>\n<li><strong>Aurukepp<\/strong>: sisaldab piima vahustamiseks m\u00f5eldud aurutoru, mis v\u00f5imaldab teil kodus valmistada barista kvaliteediga lattet, cappuccinot ja muid spetsiaalseid kohvijooke.<\/li>\n<li><strong>Kasutajas\u00f5bralikud juhtnupud<\/strong>: ICK6000-l on intuitiivsed juhtnupud ja kasutajas\u00f5bralik liides, mis muudab selle kasutamise ja seadete kohandamise vastavalt teie eelistustele lihtsaks.<\/li>\n<li><strong>Stiilne disain<\/strong>: oma elegantse ja kaasaegse disainiga DeLonghi ICK6000 lisab elegantsi igale k\u00f6\u00f6gilauale v\u00f5i kohvijaamale.<\/li>\n<li><strong>Kergesti puhastatav<\/strong>: M\u00f5eldud lihtsaks hoolduseks ja puhastamiseks, eemaldatavate osadega, nagu veski, filtrikorv ja veepaak, mis on mugavuse suurendamiseks n\u00f5udepesumasinas pestavad.<\/li>\n<li><strong>Kompaktne jalaj\u00e4lg<\/strong>: Vaatamata t\u00e4iustatud funktsioonidele ja suurele mahutavusele on ICK6000 kompaktne, mist\u00f5ttu sobib see v\u00e4iksematesse k\u00f6\u00f6kidesse v\u00f5i piiratud t\u00f6\u00f6pinnaga.<\/li>\n<\/ol>\n<p>\u00dcldiselt \u00fchendab DeLonghi ICK6000 funktsionaalsuse, mugavuse ja stiili, et pakkuda kodus maitsvat kohviloomingut.<\/p>","protected":false},"excerpt":{"rendered":"<p>DeLonghi ICK6000 on mitmek\u00fclgne kohvimasin, millel on tilgakohvi ja espresso valmistamise v\u00f5imalused, sisseehitatud veski, reguleeritav t\u00f5mbetugevus ja programmeeritav taimer. Selle elegantne disain, kasutajas\u00f5bralikud juhtnupud ja kompaktne jalaj\u00e4lg muudavad selle ideaalseks valikuks kohvihuvilistele, kes otsivad kvaliteeti ja mugavust \u00fches seadmes.<\/p>","protected":false},"featured_media":1938,"comment_status":"open","ping_status":"closed","template":"","meta":{"_monsterinsights_skip_tracking":false,"_monsterinsights_sitenote_active":false,"_monsterinsights_sitenote_note":"","_monsterinsights_sitenote_category":0,"jetpack_publicize_message":"","jetpack_publicize_feature_enabled":true,"jetpack_social_post_already_shared":false,"jetpack_social_options":{"image_generator_settings":{"template":"highway","default_image_id":0,"font":"","enabled":false},"version":2}},"product_brand":[],"product_cat":[108],"product_tag":[],"class_list":{"0":"post-1937","1":"product","2":"type-product","3":"status-publish","4":"has-post-thumbnail","6":"product_cat-ice-makers-icecream-makers","8":"first","9":"instock","10":"sale","11":"shipping-taxable","12":"purchasable","13":"product-type-simple"},"aioseo_notices":[],"jetpack_publicize_connections":[],"jetpack_sharing_enabled":true,"_links":{"self":[{"href":"https:\/\/amazingmarket.ee\/et\/wp-json\/wp\/v2\/product\/1937","targetHints":{"allow":["GET"]}}],"collection":[{"href":"https:\/\/amazingmarket.ee\/et\/wp-json\/wp\/v2\/product"}],"about":[{"href":"https:\/\/amazingmarket.ee\/et\/wp-json\/wp\/v2\/types\/product"}],"replies":[{"embeddable":true,"href":"https:\/\/amazingmarket.ee\/et\/wp-json\/wp\/v2\/comments?post=1937"}],"wp:featuredmedia":[{"embeddable":true,"href":"https:\/\/amazingmarket.ee\/et\/wp-json\/wp\/v2\/media\/1938"}],"wp:attachment":[{"href":"https:\/\/amazingmarket.ee\/et\/wp-json\/wp\/v2\/media?parent=1937"}],"wp:term":[{"taxonomy":"product_brand","embeddable":true,"href":"https:\/\/amazingmarket.ee\/et\/wp-json\/wp\/v2\/product_brand?post=1937"},{"taxonomy":"product_cat","embeddable":true,"href":"https:\/\/amazingmarket.ee\/et\/wp-json\/wp\/v2\/product_cat?post=1937"},{"taxonomy":"product_tag","embeddable":true,"href":"https:\/\/amazingmarket.ee\/et\/wp-json\/wp\/v2\/product_tag?post=1937"}],"curies":[{"name":"wp","href":"https:\/\/api.w.org\/{rel}","templated":true}]}}