{"id":19306,"date":"2026-04-30T13:00:23","date_gmt":"2026-04-30T11:00:23","guid":{"rendered":"https:\/\/amazingmarket.ee\/?post_type=product&#038;p=19306"},"modified":"2026-04-30T13:08:49","modified_gmt":"2026-04-30T11:08:49","slug":"cosori-cp158-af","status":"publish","type":"product","link":"https:\/\/amazingmarket.ee\/et\/toode\/cosori-cp158-af\/","title":{"rendered":"Cosori CP158-AF"},"content":{"rendered":"<h1 class=\"a-size-base-plus a-text-bold\">V\u00c4HE KASUTATUD, HEAS SEISUKORD<\/h1>\n<p>Selle \u00fcksuse kohta<\/p>\n<ul class=\"a-unordered-list a-vertical a-spacing-mini\">\n<li class=\"a-spacing-mini\"><span class=\"a-list-item\">\u3010Klassikaline COSORI CP158 seeria\u3011 \u00d5hufrit\u00fc\u00fcri testides k\u00f5rgeima reitinguga ning 50 000+ tegeliku kasutaja ja suuremate sotsiaalmeedia m\u00f5jutaja poolt usaldatud<\/span><\/li>\n<li class=\"a-spacing-mini\"><span class=\"a-list-item\">\u3010Energias\u00e4\u00e4stlik\u3011COSORI, millel on eksklusiivne \u00fchtlane k\u00fcttetehnoloogia, k\u00fcpsetab 50% kiiremini kui tavalise ahjuga, s\u00e4\u00e4stes teie energiaarvetelt kuni 55%.<\/span><\/li>\n<li class=\"a-spacing-mini\"><span class=\"a-list-item\">\u3010T\u00e4psus gurmeeh\u00f5rgutiste jaoks\u3011 Avastage kulinaarset tipptaset 11 eelseadistusega, nagu \u00f5huga praadimine, k\u00fcpsetamine, r\u00f6stimine, ja viimistlege oma toiduvalmistamist k\u00e4sitsi aja ja temperatuuri seadistustega; Meie toode pole mitte ainult mitmek\u00fclgne; see on teie v\u00f5ti tipptasemel maitsvate toitude loomisel!<\/span><\/li>\n<li class=\"a-spacing-mini\"><span class=\"a-list-item\">\u3010Mahukas 5,5-liitrine XL mahutavus\u3011 Meie pere jaoks m\u00f5eldud \u00f5hufrit\u00fc\u00fcr on suur ja pakub 151 TP3T rohkem k\u00fcpsetusruumi v\u00f5rreldes kahe korviga frit\u00fc\u00fcriga, nautides \u00fchtlasemat k\u00fcpsetamist<\/span><\/li>\n<li class=\"a-spacing-mini\"><span class=\"a-list-item\">\u3010100 tasuta retsepti\u3011 Inspiratsiooni saamiseks nautige COSORI retseptis suurep\u00e4raseid algajas\u00f5bralikke roogasid portsjonite suuruse, k\u00fcpsetusaegade ja temperatuurijuhistega. Lihtne nautida kogenud koka toiduvalmistamise tulemusi just kodus<\/span><\/li>\n<li class=\"a-spacing-mini\"><span class=\"a-list-item\">\u3010Tervislikum s\u00f6\u00f6mine, kr\u00f5bedad h\u00f5rgutised\u3011 85% v\u00e4hem \u00f5li v\u00f5rreldes traditsioonilise frit\u00fc\u00fcriga, kuid see pakub sama maitsvat praetud toitu, kr\u00f5be \u2013 kr\u00f5mpsuv v\u00e4ljast ja pehme seest<\/span><\/li>\n<li class=\"a-spacing-mini\"><span class=\"a-list-item\">\u3010Lihtne puhastamine\u3011 Mittenakkuva ja n\u00f5udepesumasinas pestav korv muudab puhastamise imelihtsaks; Vaid kiire loputuse v\u00f5i k\u00e4snaga \u00f5rna p\u00fchkimisega saate kulutada v\u00e4hem aega k\u00fc\u00fcrimisele ja rohkem aega oma kulinaarsete meistriteoste nautimisele (m\u00e4rkus: korvide eraldamisel j\u00e4rgige nende kahjustamise v\u00e4ltimiseks kasutusjuhendis toodud juhiseid)<\/span><\/li>\n<li class=\"a-spacing-mini\"><span class=\"a-list-item\">\u3010COSORI garantii\u3011 Ostke see enesekindlalt; COSORI seab kliendi alati esikohale ja pakub l\u00e4bim\u00f5eldult 2-aastast garantiid ja elukestvat tuge, v\u00f5tke meiega julgelt \u00fchendust<\/span><\/li>\n<\/ul>","protected":false},"excerpt":{"rendered":"<table class=\"a-normal a-spacing-micro\" role=\"list\">\n<tbody>\n<tr class=\"a-spacing-small po-special_feature\" role=\"listitem\">\n<td class=\"a-span3\" role=\"presentation\"><span class=\"a-size-base a-text-bold\">Eriomadus<\/span><\/td>\n<td class=\"a-span9\" role=\"presentation\"><span class=\"a-size-base po-break-word\">Programmable, Temperature Control<\/span><\/td>\n<\/tr>\n<tr class=\"a-spacing-small po-item_depth_width_height\" role=\"listitem\">\n<td class=\"a-span3\" role=\"presentation\"><span class=\"a-size-base a-text-bold\">Toote m\u00f5\u00f5dud<\/span><\/td>\n<td class=\"a-span9\" role=\"presentation\"><span class=\"a-size-base po-break-word\">29.9D x 36.4W x 32.1H centimetres<\/span><\/td>\n<\/tr>\n<tr class=\"a-spacing-small po-color\" role=\"listitem\">\n<td class=\"a-span3\" role=\"presentation\"><span class=\"a-size-base a-text-bold\">V\u00e4rv<\/span><\/td>\n<td class=\"a-span9\" role=\"presentation\"><span class=\"a-size-base po-break-word\">Must<\/span><\/td>\n<\/tr>\n<tr class=\"a-spacing-small po-capacity\" role=\"listitem\">\n<td class=\"a-span3\" role=\"presentation\"><span class=\"a-size-base a-text-bold\">Mahutavus<\/span><\/td>\n<td class=\"a-span9\" role=\"presentation\"><span class=\"a-size-base po-break-word\">5,5 liitrit<\/span><\/td>\n<\/tr>\n<tr class=\"a-spacing-small po-material\" role=\"listitem\">\n<td class=\"a-span3\" role=\"presentation\"><span class=\"a-size-base a-text-bold\">Materjal<\/span><\/td>\n<td class=\"a-span9\" role=\"presentation\"><span class=\"a-size-base po-break-word\">Plastic, Stainless Steel<\/span><\/td>\n<\/tr>\n<\/tbody>\n<\/table>","protected":false},"featured_media":19307,"comment_status":"open","ping_status":"closed","template":"","meta":{"_monsterinsights_skip_tracking":false,"_monsterinsights_sitenote_active":false,"_monsterinsights_sitenote_note":"","_monsterinsights_sitenote_category":0,"jetpack_publicize_message":"","jetpack_publicize_feature_enabled":true,"jetpack_social_post_already_shared":true,"jetpack_social_options":{"image_generator_settings":{"template":"highway","default_image_id":0,"font":"","enabled":false},"version":2}},"product_brand":[],"product_cat":[71],"product_tag":[],"class_list":{"0":"post-19306","1":"product","2":"type-product","3":"status-publish","4":"has-post-thumbnail","6":"product_cat-airfryers","8":"first","9":"instock","10":"sale","11":"shipping-taxable","12":"purchasable","13":"product-type-simple"},"aioseo_notices":[],"jetpack_publicize_connections":[],"jetpack_sharing_enabled":true,"_links":{"self":[{"href":"https:\/\/amazingmarket.ee\/et\/wp-json\/wp\/v2\/product\/19306","targetHints":{"allow":["GET"]}}],"collection":[{"href":"https:\/\/amazingmarket.ee\/et\/wp-json\/wp\/v2\/product"}],"about":[{"href":"https:\/\/amazingmarket.ee\/et\/wp-json\/wp\/v2\/types\/product"}],"replies":[{"embeddable":true,"href":"https:\/\/amazingmarket.ee\/et\/wp-json\/wp\/v2\/comments?post=19306"}],"wp:featuredmedia":[{"embeddable":true,"href":"https:\/\/amazingmarket.ee\/et\/wp-json\/wp\/v2\/media\/19307"}],"wp:attachment":[{"href":"https:\/\/amazingmarket.ee\/et\/wp-json\/wp\/v2\/media?parent=19306"}],"wp:term":[{"taxonomy":"product_brand","embeddable":true,"href":"https:\/\/amazingmarket.ee\/et\/wp-json\/wp\/v2\/product_brand?post=19306"},{"taxonomy":"product_cat","embeddable":true,"href":"https:\/\/amazingmarket.ee\/et\/wp-json\/wp\/v2\/product_cat?post=19306"},{"taxonomy":"product_tag","embeddable":true,"href":"https:\/\/amazingmarket.ee\/et\/wp-json\/wp\/v2\/product_tag?post=19306"}],"curies":[{"name":"wp","href":"https:\/\/api.w.org\/{rel}","templated":true}]}}