{"id":19254,"date":"2026-04-30T11:12:13","date_gmt":"2026-04-30T09:12:13","guid":{"rendered":"https:\/\/amazingmarket.ee\/?post_type=product&#038;p=19254"},"modified":"2026-04-30T11:12:13","modified_gmt":"2026-04-30T09:12:13","slug":"tefal-gc-3060","status":"publish","type":"product","link":"https:\/\/amazingmarket.ee\/et\/toode\/tefal-gc-3060\/","title":{"rendered":"Tefal GC 3060"},"content":{"rendered":"<h1 class=\"a-size-base-plus a-text-bold\">V\u00c4HE KASUTATUD<\/p>\n<p>Selle \u00fcksuse kohta<\/h1>\n<ul class=\"a-unordered-list a-vertical a-spacing-mini\">\n<li class=\"a-spacing-mini\"><span class=\"a-list-item\">Compact electric grill that you can use as a contact grill for panini, steak, sandwiches and more. Includes a special position in which you can bake your food quickly and easily. Or can be used completely unfolded as a table grill \/ BBQ for even more barbecue space<\/span><\/li>\n<li class=\"a-spacing-mini\"><span class=\"a-list-item\">Even grilling and baking from the top and bottom in the contact grill function, including crispy grill strips, grill surface here approx. 600 cm\u00b2<\/span><\/li>\n<li class=\"a-spacing-mini\"><span class=\"a-list-item\">Double grill surface 1200 cm\u00b2 for great BBQ fun and even heat distribution over the whole surface when used as a table grill<\/span><\/li>\n<li class=\"a-spacing-mini\"><span class=\"a-list-item\">Adjustable thermostat with 3 levels and temperature control light make it easier to use; 2000 watts for crispy grilled food and quick barbecue fun<\/span><\/li>\n<li class=\"a-spacing-mini\"><span class=\"a-list-item\">Non-stick and removable griddles and drip tray, dishwasher safe for quick cleanup<\/span><\/li>\n<\/ul>","protected":false},"excerpt":{"rendered":"<table class=\"a-normal a-spacing-micro\" role=\"list\">\n<tbody>\n<tr class=\"a-spacing-small po-brand\" role=\"listitem\">\n<td class=\"a-span3\" role=\"presentation\"><span class=\"a-size-base a-text-bold\">Kaubam\u00e4rk<\/span><\/td>\n<td class=\"a-span9\" role=\"presentation\"><span class=\"a-size-base po-break-word\">Tefal<\/span><\/td>\n<\/tr>\n<tr class=\"a-spacing-small po-item_depth_width_height\" role=\"listitem\">\n<td class=\"a-span3\" role=\"presentation\"><span class=\"a-size-base a-text-bold\">Toote m\u00f5\u00f5dud<\/span><\/td>\n<td class=\"a-span9\" role=\"presentation\"><span class=\"a-size-base po-break-word\">35D x 35W x 18H centimetres<\/span><\/td>\n<\/tr>\n<tr class=\"a-spacing-small po-special_feature\" role=\"listitem\">\n<td class=\"a-span3\" role=\"presentation\"><span class=\"a-size-base a-text-bold\">Eriomadus<\/span><\/td>\n<td class=\"a-span9\" role=\"presentation\"><span class=\"a-size-base po-break-word\">Cool touch handle, Indicator light<\/span><\/td>\n<\/tr>\n<tr class=\"a-spacing-small po-color\" role=\"listitem\">\n<td class=\"a-span3\" role=\"presentation\"><span class=\"a-size-base a-text-bold\">V\u00e4rv<\/span><\/td>\n<td class=\"a-span9\" role=\"presentation\"><span class=\"a-size-base po-break-word\">Stainless Steel\/Black<\/span><\/td>\n<\/tr>\n<tr class=\"a-spacing-small po-fuel_type\" role=\"listitem\">\n<td class=\"a-span3\" role=\"presentation\"><span class=\"a-size-base a-text-bold\">Fuel type<\/span><\/td>\n<td class=\"a-span9\" role=\"presentation\"><span class=\"a-size-base po-break-word\">Elektriline<\/span><\/td>\n<\/tr>\n<\/tbody>\n<\/table>\n<p>&nbsp;<\/p>\n<table class=\"a-keyvalue prodDetTable\">\n<tbody>\n<tr>\n<th class=\"a-color-secondary a-size-base prodDetSectionEntry\">Other Special Features of the Product<\/th>\n<td class=\"a-size-base prodDetAttrValue\">Cool touch handle, Indicator light<\/td>\n<\/tr>\n<tr>\n<th class=\"a-color-secondary a-size-base prodDetSectionEntry\">K\u00fctuse t\u00fc\u00fcp<\/th>\n<td class=\"a-size-base prodDetAttrValue\">Elektriline<\/td>\n<\/tr>\n<tr>\n<th class=\"a-color-secondary a-size-base prodDetSectionEntry\">K\u00fcttev\u00f5imsus<\/th>\n<td class=\"a-size-base prodDetAttrValue\">2 Kilowatts<\/td>\n<\/tr>\n<tr>\n<th class=\"a-color-secondary a-size-base prodDetSectionEntry\">Pinge<\/th>\n<td class=\"a-size-base prodDetAttrValue\">230 volti<\/td>\n<\/tr>\n<tr>\n<th class=\"a-color-secondary a-size-base prodDetSectionEntry\">V\u00f5imsus<\/th>\n<td class=\"a-size-base prodDetAttrValue\">2000 vatti<\/td>\n<\/tr>\n<tr>\n<th class=\"a-color-secondary a-size-base prodDetSectionEntry\">Main Burner Count<\/th>\n<td class=\"a-size-base prodDetAttrValue\">3<\/td>\n<\/tr>\n<tr>\n<th class=\"a-color-secondary a-size-base prodDetSectionEntry\">Riiulite arv<\/th>\n<td class=\"a-size-base prodDetAttrValue\">3<\/td>\n<\/tr>\n<tr>\n<th class=\"a-color-secondary a-size-base prodDetSectionEntry\">K\u00fctteelementide arv<\/th>\n<td class=\"a-size-base prodDetAttrValue\">1<\/td>\n<\/tr>\n<tr>\n<th class=\"a-color-secondary a-size-base prodDetSectionEntry\">Grill Configuration<\/th>\n<td class=\"a-size-base prodDetAttrValue\">wagon<\/td>\n<\/tr>\n<tr>\n<th class=\"a-color-secondary a-size-base prodDetSectionEntry\">Cooking System<\/th>\n<td class=\"a-size-base prodDetAttrValue\">Grill<\/td>\n<\/tr>\n<\/tbody>\n<\/table>","protected":false},"featured_media":19255,"comment_status":"open","ping_status":"closed","template":"","meta":{"_monsterinsights_skip_tracking":false,"_monsterinsights_sitenote_active":false,"_monsterinsights_sitenote_note":"","_monsterinsights_sitenote_category":0,"jetpack_publicize_message":"","jetpack_publicize_feature_enabled":true,"jetpack_social_post_already_shared":true,"jetpack_social_options":{"image_generator_settings":{"template":"highway","default_image_id":0,"font":"","enabled":false},"version":2}},"product_brand":[],"product_cat":[87,110],"product_tag":[],"class_list":{"0":"post-19254","1":"product","2":"type-product","3":"status-publish","4":"has-post-thumbnail","6":"product_cat-electric-grills","7":"product_cat-grills","9":"first","10":"instock","11":"sale","12":"shipping-taxable","13":"purchasable","14":"product-type-simple"},"aioseo_notices":[],"jetpack_publicize_connections":[],"jetpack_sharing_enabled":true,"_links":{"self":[{"href":"https:\/\/amazingmarket.ee\/et\/wp-json\/wp\/v2\/product\/19254","targetHints":{"allow":["GET"]}}],"collection":[{"href":"https:\/\/amazingmarket.ee\/et\/wp-json\/wp\/v2\/product"}],"about":[{"href":"https:\/\/amazingmarket.ee\/et\/wp-json\/wp\/v2\/types\/product"}],"replies":[{"embeddable":true,"href":"https:\/\/amazingmarket.ee\/et\/wp-json\/wp\/v2\/comments?post=19254"}],"wp:featuredmedia":[{"embeddable":true,"href":"https:\/\/amazingmarket.ee\/et\/wp-json\/wp\/v2\/media\/19255"}],"wp:attachment":[{"href":"https:\/\/amazingmarket.ee\/et\/wp-json\/wp\/v2\/media?parent=19254"}],"wp:term":[{"taxonomy":"product_brand","embeddable":true,"href":"https:\/\/amazingmarket.ee\/et\/wp-json\/wp\/v2\/product_brand?post=19254"},{"taxonomy":"product_cat","embeddable":true,"href":"https:\/\/amazingmarket.ee\/et\/wp-json\/wp\/v2\/product_cat?post=19254"},{"taxonomy":"product_tag","embeddable":true,"href":"https:\/\/amazingmarket.ee\/et\/wp-json\/wp\/v2\/product_tag?post=19254"}],"curies":[{"name":"wp","href":"https:\/\/api.w.org\/{rel}","templated":true}]}}