{"id":19196,"date":"2026-04-30T10:04:10","date_gmt":"2026-04-30T08:04:10","guid":{"rendered":"https:\/\/amazingmarket.ee\/?post_type=product&#038;p=19196"},"modified":"2026-04-30T10:04:10","modified_gmt":"2026-04-30T08:04:10","slug":"ninja-double-stack-xl-sl400eu-3","status":"publish","type":"product","link":"https:\/\/amazingmarket.ee\/et\/toode\/ninja-double-stack-xl-sl400eu-3\/","title":{"rendered":"Ninja Double Stack XL SL400EU"},"content":{"rendered":"<h1 class=\"a-size-base-plus a-text-bold\"><strong>V\u00c4HE KASUTATUD<\/strong><\/p>\n<p>Selle \u00fcksuse kohta<\/h1>\n<ul class=\"a-unordered-list a-vertical a-spacing-mini\">\n<li class=\"a-spacing-mini\"><span class=\"a-list-item\">S\u00c4\u00c4STA RUUMI K\u00d6\u00d6GIT\u00d6\u00d6PINDAL: 30% on \u00f5hem (v\u00f5rreldes AF400-ga). Eriti suure mahutavusega (9,5 l) \u00f5hufrit\u00fc\u00fcr kuni 8 inimesele. K\u00fcpseta kuni 55% kiiremini kui konvektsioonahjud (testitud kalapulkade ja vorstidega).<\/span><\/li>\n<li class=\"a-spacing-mini\"><span class=\"a-list-item\">K\u00fcpseta korraga neljal tasandil: kuuma\u00f5hufrit\u00fc\u00fcril on kaks sahtlit ja kaks jahvatusv\u00f5ret, et k\u00fcpsetada neljal tasandil ja valmistada kaks korda rohkem toitu. Tagumised ventilaatorid tagavad toidu \u00fchtlase ja kr\u00f5beda k\u00fcpsemise k\u00f5igil tasanditel.<\/span><\/li>\n<li class=\"a-spacing-mini\"><span class=\"a-list-item\">Energias\u00e4\u00e4stlik: k\u00fcpseta kuni 55% v\u00e4iksema energiatarbega kui ahjus* (*Testid ja arvutused p\u00f5hinevad vorstide soovitataval k\u00fcpsetusajal Airfry funktsiooni abil v\u00f5rreldes tavaliste ahjudega)<\/span><\/li>\n<li class=\"a-spacing-mini\"><span class=\"a-list-item\">6 funktsiooni: Max Crisp, kuuma \u00f5huga praadimine, r\u00f6stimine, k\u00fcpsetamine, \u00fclessoojendamine, kuivatamine. Kuni 75% v\u00e4hem rasva* \u00f5huga praadimise funktsiooni kasutades (*Testitud k\u00fclmutatud, k\u00e4sitsi l\u00f5igatud friikartulitel). SYNC, MATCH funktsioonid 2 sahtliga<\/span><\/li>\n<li class=\"a-spacing-mini\"><span class=\"a-list-item\">Contains: Ninja Double Stack 9.5 L hot air fryer (EU plug), 2 x 4.75 L drawers, 2 x non-stick crisper plates, 2 x grates. Dishwasher safe parts. Dimensions: H 38.5 cm x W 28 cm x D 47 cm. Weight: 10.3 kg. Colour: grey<\/span><\/li>\n<\/ul>","protected":false},"excerpt":{"rendered":"<table class=\"a-keyvalue prodDetTable\">\n<tbody>\n<tr>\n<th class=\"a-color-secondary a-size-base prodDetSectionEntry\">Eriomadused<\/th>\n<td class=\"a-size-base prodDetAttrValue\">6 cooking functions, hot air frying, max crisp, frying, baking, reheating &#038; dehydration, 2 independent cooking zones, 2 grates, dishwasher-safe parts.<\/td>\n<\/tr>\n<tr>\n<th class=\"a-color-secondary a-size-base prodDetSectionEntry\">V\u00e4ljundv\u00f5imsus<\/th>\n<td class=\"a-size-base prodDetAttrValue\">2470 Watts<\/td>\n<\/tr>\n<tr>\n<th class=\"a-color-secondary a-size-base prodDetSectionEntry\">V\u00f5imsus<\/th>\n<td class=\"a-size-base prodDetAttrValue\">2470 watts<\/td>\n<\/tr>\n<tr>\n<th class=\"a-color-secondary a-size-base prodDetSectionEntry\">Pinge<\/th>\n<td class=\"a-size-base prodDetAttrValue\">240 volti<\/td>\n<\/tr>\n<tr>\n<th class=\"a-color-secondary a-size-base prodDetSectionEntry\">Kontrollimeetod<\/th>\n<td class=\"a-size-base prodDetAttrValue\">Puudutage<\/td>\n<\/tr>\n<tr>\n<th class=\"a-color-secondary a-size-base prodDetSectionEntry\">Minimaalse temperatuuri seadistus<\/th>\n<td class=\"a-size-base prodDetAttrValue\">40 Degrees Celsius<\/td>\n<\/tr>\n<tr>\n<th class=\"a-color-secondary a-size-base prodDetSectionEntry\">Maksimaalse temperatuuri seadistus<\/th>\n<td class=\"a-size-base prodDetAttrValue\">240 Degrees Celsius<\/td>\n<\/tr>\n<tr>\n<th class=\"a-color-secondary a-size-base prodDetSectionEntry\">\u00d5hufrit\u00fc\u00fcri tehnoloogia<\/th>\n<td class=\"a-size-base prodDetAttrValue\">Jah<\/td>\n<\/tr>\n<tr>\n<th class=\"a-color-secondary a-size-base prodDetSectionEntry\">Smart Home Compatibility<\/th>\n<td class=\"a-size-base prodDetAttrValue\">Not Smart Home Compatible<\/td>\n<\/tr>\n<\/tbody>\n<\/table>\n<table class=\"a-keyvalue prodDetTable\">\n<tbody>\n<tr>\n<th class=\"a-color-secondary a-size-base prodDetSectionEntry\">Kauba m\u00f5\u00f5tmed P x L x K<\/th>\n<td class=\"a-size-base prodDetAttrValue\">47D x 28W x 38.5H centimetres<\/td>\n<\/tr>\n<tr>\n<th class=\"a-color-secondary a-size-base prodDetSectionEntry\">Mahutavus<\/th>\n<td class=\"a-size-base prodDetAttrValue\">9.5 litres<\/td>\n<\/tr>\n<tr>\n<th class=\"a-color-secondary a-size-base prodDetSectionEntry\">Kauba kaal<\/th>\n<td class=\"a-size-base prodDetAttrValue\">0.3 Kilograms<\/td>\n<\/tr>\n<tr>\n<th class=\"a-color-secondary a-size-base prodDetSectionEntry\">Suurus<\/th>\n<td class=\"a-size-base prodDetAttrValue\">9.5 l<\/td>\n<\/tr>\n<\/tbody>\n<\/table>","protected":false},"featured_media":19197,"comment_status":"open","ping_status":"closed","template":"","meta":{"_monsterinsights_skip_tracking":false,"_monsterinsights_sitenote_active":false,"_monsterinsights_sitenote_note":"","_monsterinsights_sitenote_category":0,"jetpack_publicize_message":"","jetpack_publicize_feature_enabled":true,"jetpack_social_post_already_shared":true,"jetpack_social_options":{"image_generator_settings":{"template":"highway","default_image_id":0,"font":"","enabled":false},"version":2}},"product_brand":[279],"product_cat":[71],"product_tag":[],"class_list":{"0":"post-19196","1":"product","2":"type-product","3":"status-publish","4":"has-post-thumbnail","6":"product_brand-ninja","7":"product_cat-airfryers","9":"first","10":"instock","11":"sale","12":"shipping-taxable","13":"purchasable","14":"product-type-simple"},"aioseo_notices":[],"jetpack_publicize_connections":[],"jetpack_sharing_enabled":true,"_links":{"self":[{"href":"https:\/\/amazingmarket.ee\/et\/wp-json\/wp\/v2\/product\/19196","targetHints":{"allow":["GET"]}}],"collection":[{"href":"https:\/\/amazingmarket.ee\/et\/wp-json\/wp\/v2\/product"}],"about":[{"href":"https:\/\/amazingmarket.ee\/et\/wp-json\/wp\/v2\/types\/product"}],"replies":[{"embeddable":true,"href":"https:\/\/amazingmarket.ee\/et\/wp-json\/wp\/v2\/comments?post=19196"}],"wp:featuredmedia":[{"embeddable":true,"href":"https:\/\/amazingmarket.ee\/et\/wp-json\/wp\/v2\/media\/19197"}],"wp:attachment":[{"href":"https:\/\/amazingmarket.ee\/et\/wp-json\/wp\/v2\/media?parent=19196"}],"wp:term":[{"taxonomy":"product_brand","embeddable":true,"href":"https:\/\/amazingmarket.ee\/et\/wp-json\/wp\/v2\/product_brand?post=19196"},{"taxonomy":"product_cat","embeddable":true,"href":"https:\/\/amazingmarket.ee\/et\/wp-json\/wp\/v2\/product_cat?post=19196"},{"taxonomy":"product_tag","embeddable":true,"href":"https:\/\/amazingmarket.ee\/et\/wp-json\/wp\/v2\/product_tag?post=19196"}],"curies":[{"name":"wp","href":"https:\/\/api.w.org\/{rel}","templated":true}]}}