{"id":19130,"date":"2026-04-29T16:24:16","date_gmt":"2026-04-29T14:24:16","guid":{"rendered":"https:\/\/amazingmarket.ee\/?post_type=product&#038;p=19130"},"modified":"2026-04-29T16:24:16","modified_gmt":"2026-04-29T14:24:16","slug":"cosori-caf-r901","status":"publish","type":"product","link":"https:\/\/amazingmarket.ee\/et\/toode\/cosori-caf-r901\/","title":{"rendered":"COSORI CAF-R901"},"content":{"rendered":"<h1 class=\"a-size-base-plus a-text-bold\"><strong>USED<\/strong><\/p>\n<p>Selle \u00fcksuse kohta<\/h1>\n<ul class=\"a-unordered-list a-vertical a-spacing-mini\">\n<li class=\"a-spacing-mini\"><span class=\"a-list-item\">\ud835\udc69\ud835\udc82\ud835\udc8d\ud835\udc82\ud835\udc8f\ud835\udc84\ud835\udc86\ud835\udc85 \ud835\udc6b\ud835\udc96\ud835\udc82\ud835\udc8d-\ud835\udc69\ud835\udc82\ud835\udc94\ud835\udc8c\ud835\udc86\ud835\udc95 \ud835\udc6b\ud835\udc8a\ud835\udc86\ud835\udc95\ud835\udc8a\ud835\udc8f\ud835\udc88: Customize each basket for easy protein and vegetable cooking, ideal for families, especially kids and fitness enthusiasts<\/span><\/li>\n<li class=\"a-spacing-mini\"><span class=\"a-list-item\">\ud835\udc77\ud835\udc86\ud835\udc93\ud835\udc87\ud835\udc86\ud835\udc84\ud835\udc95\ud835\udc8d\ud835\udc9a \ud835\udc7b\ud835\udc8a\ud835\udc8e\ud835\udc86\ud835\udc85 \ud835\udc6b\ud835\udc8a\ud835\udc8f\ud835\udc8f\ud835\udc86\ud835\udc93 \ud835\udc87\ud835\udc90\ud835\udc93 \ud835\udc7b\ud835\udc98\ud835\udc90: Enjoy a fresh, warm meal together as the Sync Finish function completes different dishes at the same time<\/span><\/li>\n<li class=\"a-spacing-mini\"><span class=\"a-list-item\">\ud835\udc75\ud835\udc90 \ud835\udc74\ud835\udc8a\ud835\udc99\ud835\udc86\ud835\udc85 \ud835\udc6d\ud835\udc8d\ud835\udc82\ud835\udc97\ud835\udc90\ud835\udc93\ud835\udc94: Separate baskets keep foods like seafood and vegetables distinct, ensuring better taste<\/span><\/li>\n<li class=\"a-spacing-mini\"><span class=\"a-list-item\">\ud835\udc76\ud835\udc8f\ud835\udc86-\ud835\udc6e\ud835\udc90 \ud835\udc6d\ud835\udc82\ud835\udc8e\ud835\udc8a\ud835\udc8d\ud835\udc9a \ud835\udc74\ud835\udc86\ud835\udc82\ud835\udc8d: Two 4.5-quart baskets cook a full family dinner in one go, making mealtime more convenient<\/span><\/li>\n<li class=\"a-spacing-mini\"><span class=\"a-list-item\">10 \ud835\udc7b\ud835\udc82\ud835\udc94\ud835\udc95\ud835\udc9a &#038; \ud835\udc6c\ud835\udc87\ud835\udc87\ud835\udc90\ud835\udc93\ud835\udc95\ud835\udc8d\ud835\udc86\ud835\udc94\ud835\udc94 \ud835\udc6d\ud835\udc96\ud835\udc8f\ud835\udc84\ud835\udc95\ud835\udc8a\ud835\udc90\ud835\udc8f\ud835\udc94: Enjoy features like Air Fry, Roast, Broil, Bake, Dry, Reheat, Sync Finish, Sync Cook, Preheat, and Shake for easier, more delicious meals<\/span><\/li>\n<li class=\"a-spacing-mini\"><span class=\"a-list-item\">\ud835\udc7a\ud835\udc9a\ud835\udc8f\ud835\udc84 \ud835\udc6a\ud835\udc90\ud835\udc90\ud835\udc8c \ud835\udc6d\ud835\udc96\ud835\udc8f\ud835\udc84\ud835\udc95\ud835\udc8a\ud835\udc90\ud835\udc8f: Easily sync settings for both 4.5-quart baskets with one button, cooking 9 quarts of food at the same temperature, time, and function<\/span><\/li>\n<li class=\"a-spacing-mini\"><span class=\"a-list-item\">\ud835\udc73\ud835\udc90\ud835\udc98-\ud835\udc76\ud835\udc8a\ud835\udc8d \ud835\udc74\ud835\udc86\ud835\udc82\ud835\udc8d\ud835\udc94: Enjoy meals with 85% less oil than traditional frying, allowing families to eat more protein with less fat (*tested with French fries)<\/span><\/li>\n<\/ul>\n<div class=\"a-row a-expander-container a-expander-inline-container\">\n<div class=\"a-expander-content a-expander-extend-content a-expander-content-expanded\" data-expanded=\"true\">\n<ul class=\"a-unordered-list a-vertical a-spacing-none\">\n<li class=\"a-spacing-mini\"><span class=\"a-list-item\">450\u00b0\ud835\udc6d \ud835\udc74\ud835\udc82\ud835\udc99 \ud835\udc6a\ud835\udc93\ud835\udc8a\ud835\udc94\ud835\udc91: Achieve a crispy exterior and juicy interior for perfectly browned steak<\/span><\/li>\n<li class=\"a-spacing-mini\"><span class=\"a-list-item\">\ud835\udc6c\ud835\udc82\ud835\udc94\ud835\udc9a \ud835\udc6a\ud835\udc8d\ud835\udc86\ud835\udc82\ud835\udc8f\ud835\udc8a\ud835\udc8f\ud835\udc88: Compact, dishwasher-safe baskets with detachable plates for effortless cleaning by hand or machine<\/span><\/li>\n<li class=\"a-spacing-mini\"><span class=\"a-list-item\">130+ \ud835\udc75\ud835\udc96\ud835\udc95\ud835\udc93\ud835\udc8a\ud835\udc95\ud835\udc8a\ud835\udc90\ud835\udc8f\ud835\udc82\ud835\udc8d \ud835\udc79\ud835\udc86\ud835\udc84\ud835\udc8a\ud835\udc91\ud835\udc86\ud835\udc94: Cosori\u2019s 30-cookbook and 100 online recipes with step-by-step instructions and nutritional info make meal prep effortless<\/span><\/li>\n<\/ul>\n<\/div>\n<\/div>","protected":false},"excerpt":{"rendered":"<table class=\"a-normal a-spacing-micro\" role=\"list\">\n<tbody>\n<tr class=\"a-spacing-small po-special_feature\" role=\"listitem\">\n<td class=\"a-span3\" role=\"presentation\"><span class=\"a-size-base a-text-bold\">Erifunktsioon<\/span><\/td>\n<td class=\"a-span9\" role=\"presentation\"><span class=\"a-size-base po-break-word\">Automatic Shut-Off, Dishwasher Safe, Dual Zone Features, Programmable, Temperature Control<\/span><\/td>\n<\/tr>\n<tr class=\"a-spacing-small po-item_depth_width_height\" role=\"listitem\">\n<td class=\"a-span3\" role=\"presentation\"><span class=\"a-size-base a-text-bold\">Toote m\u00f5\u00f5tmed<\/span><\/td>\n<td class=\"a-span9\" role=\"presentation\"><span class=\"a-size-base po-break-word\">17.3&#8243;D x 15.4&#8243;W x 11.9&#8243;H<\/span><\/td>\n<\/tr>\n<tr class=\"a-spacing-small po-color\" role=\"listitem\">\n<td class=\"a-span3\" role=\"presentation\"><span class=\"a-size-base a-text-bold\">V\u00e4rv<\/span><\/td>\n<td class=\"a-span9\" role=\"presentation\"><span class=\"a-size-base po-break-word\">Black, Gray<\/span><\/td>\n<\/tr>\n<tr class=\"a-spacing-small po-capacity\" role=\"listitem\">\n<td class=\"a-span3\" role=\"presentation\"><span class=\"a-size-base a-text-bold\">Mahutavus<\/span><\/td>\n<td class=\"a-span9\" role=\"presentation\"><span class=\"a-size-base po-break-word\">9 Quarts<\/span><\/td>\n<\/tr>\n<tr class=\"a-spacing-small po-material\" role=\"listitem\">\n<td class=\"a-span3\" role=\"presentation\"><span class=\"a-size-base a-text-bold\">Materjal<\/span><\/td>\n<td class=\"a-span9\" role=\"presentation\"><span class=\"a-size-base po-break-word\">Aluminum, non stick<\/span><\/td>\n<\/tr>\n<\/tbody>\n<\/table>\n<p>&nbsp;<\/p>\n<table class=\"a-keyvalue prodDetTable\">\n<tbody>\n<tr>\n<th class=\"a-color-secondary a-size-base prodDetSectionEntry\">Eriomadused<\/th>\n<td class=\"a-size-base prodDetAttrValue\">Automatic Shut-Off, Dishwasher Safe, Dual Zone Features, Programmable, Temperature Control<\/td>\n<\/tr>\n<tr>\n<th class=\"a-color-secondary a-size-base prodDetSectionEntry\">V\u00e4ljundv\u00f5imsus<\/th>\n<td class=\"a-size-base prodDetAttrValue\">1750 vatti<\/td>\n<\/tr>\n<tr>\n<th class=\"a-color-secondary a-size-base prodDetSectionEntry\">V\u00f5imsus<\/th>\n<td class=\"a-size-base prodDetAttrValue\">1750 vatti<\/td>\n<\/tr>\n<tr>\n<th class=\"a-color-secondary a-size-base prodDetSectionEntry\">Pinge<\/th>\n<td class=\"a-size-base prodDetAttrValue\">120 volti<\/td>\n<\/tr>\n<tr>\n<th class=\"a-color-secondary a-size-base prodDetSectionEntry\">Kontrollimeetod<\/th>\n<td class=\"a-size-base prodDetAttrValue\">Puudutage<\/td>\n<\/tr>\n<tr>\n<th class=\"a-color-secondary a-size-base prodDetSectionEntry\">Minimaalse temperatuuri seadistus<\/th>\n<td class=\"a-size-base prodDetAttrValue\">95 kraadi Fahrenheiti j\u00e4rgi<\/td>\n<\/tr>\n<tr>\n<th class=\"a-color-secondary a-size-base prodDetSectionEntry\">Kontrolleri t\u00fc\u00fcp<\/th>\n<td class=\"a-size-base prodDetAttrValue\">Manuaalne<\/td>\n<\/tr>\n<tr>\n<th class=\"a-color-secondary a-size-base prodDetSectionEntry\">Maksimaalse temperatuuri seadistus<\/th>\n<td class=\"a-size-base prodDetAttrValue\">450 kraadi Fahrenheiti<\/td>\n<\/tr>\n<tr>\n<th class=\"a-color-secondary a-size-base prodDetSectionEntry\">\u00d5hufrit\u00fc\u00fcri tehnoloogia<\/th>\n<td class=\"a-size-base prodDetAttrValue\">Cyclonic Air Flow<\/td>\n<\/tr>\n<\/tbody>\n<\/table>","protected":false},"featured_media":19131,"comment_status":"open","ping_status":"closed","template":"","meta":{"_monsterinsights_skip_tracking":false,"_monsterinsights_sitenote_active":false,"_monsterinsights_sitenote_note":"","_monsterinsights_sitenote_category":0,"jetpack_publicize_message":"","jetpack_publicize_feature_enabled":true,"jetpack_social_post_already_shared":true,"jetpack_social_options":{"image_generator_settings":{"template":"highway","default_image_id":0,"font":"","enabled":false},"version":2}},"product_brand":[],"product_cat":[71],"product_tag":[],"class_list":{"0":"post-19130","1":"product","2":"type-product","3":"status-publish","4":"has-post-thumbnail","6":"product_cat-airfryers","8":"first","9":"instock","10":"sale","11":"shipping-taxable","12":"purchasable","13":"product-type-simple"},"aioseo_notices":[],"jetpack_publicize_connections":[],"jetpack_sharing_enabled":true,"_links":{"self":[{"href":"https:\/\/amazingmarket.ee\/et\/wp-json\/wp\/v2\/product\/19130","targetHints":{"allow":["GET"]}}],"collection":[{"href":"https:\/\/amazingmarket.ee\/et\/wp-json\/wp\/v2\/product"}],"about":[{"href":"https:\/\/amazingmarket.ee\/et\/wp-json\/wp\/v2\/types\/product"}],"replies":[{"embeddable":true,"href":"https:\/\/amazingmarket.ee\/et\/wp-json\/wp\/v2\/comments?post=19130"}],"wp:featuredmedia":[{"embeddable":true,"href":"https:\/\/amazingmarket.ee\/et\/wp-json\/wp\/v2\/media\/19131"}],"wp:attachment":[{"href":"https:\/\/amazingmarket.ee\/et\/wp-json\/wp\/v2\/media?parent=19130"}],"wp:term":[{"taxonomy":"product_brand","embeddable":true,"href":"https:\/\/amazingmarket.ee\/et\/wp-json\/wp\/v2\/product_brand?post=19130"},{"taxonomy":"product_cat","embeddable":true,"href":"https:\/\/amazingmarket.ee\/et\/wp-json\/wp\/v2\/product_cat?post=19130"},{"taxonomy":"product_tag","embeddable":true,"href":"https:\/\/amazingmarket.ee\/et\/wp-json\/wp\/v2\/product_tag?post=19130"}],"curies":[{"name":"wp","href":"https:\/\/api.w.org\/{rel}","templated":true}]}}