{"id":19112,"date":"2026-04-29T16:11:16","date_gmt":"2026-04-29T14:11:16","guid":{"rendered":"https:\/\/amazingmarket.ee\/?post_type=product&#038;p=19112"},"modified":"2026-04-29T16:11:16","modified_gmt":"2026-04-29T14:11:16","slug":"humidifier-dh-js07","status":"publish","type":"product","link":"https:\/\/amazingmarket.ee\/et\/toode\/humidifier-dh-js07\/","title":{"rendered":"Humidifier DH-JS07"},"content":{"rendered":"<h1><strong>LITTLE USED, GOOD CONDITION<br \/>\n<\/strong><\/h1>\n<h1 class=\"a-size-base-plus a-text-bold\">About this item<\/h1>\n<ul class=\"a-unordered-list a-vertical a-spacing-mini\">\n<li class=\"a-spacing-mini\"><span class=\"a-list-item\">[6L water tank capacity] 6L water tank with large capacity, can be used continuously for up to 60 hours when filled with water once with water, and the water tank handle inside the humidifier is also convenient for adding water<\/span><\/li>\n<li class=\"a-spacing-mini\"><span class=\"a-list-item\">[A variety of moisture function options] Humidification with three wind levels and 8 humidity modes (from 55% to 90% (default 75%, 5% increase for each tap), so you can choose the most suitable humidification mode for you your life needs and brings you a better life experience.<\/span><\/li>\n<li class=\"a-spacing-mini\"><span class=\"a-list-item\">[Dual Function] Humidification and aromatherapy function, you can add 4 to 5 drops of essential oils per time to the aroma box. The delicate water mist brings the aroma to every corner of the room. However, due to the dilution of the water, the effect cannot reach the level of an aromatherapy diffuser.<\/span><\/li>\n<li class=\"a-spacing-mini\"><span class=\"a-list-item\">Timing function: Timed humidification mode of 2-24 hours, the humidification automatically stops when the time has elapsed. When the humidifier is in a lack of water, the humidifier automatically stops operation to prevent the humidifier from drying out and protect the safety of you and your family.<\/span><\/li>\n<li class=\"a-spacing-mini\"><span class=\"a-list-item\">[Exquisite Appearance] Elegant frosted exterior, LED colored light strips at the bottom, strong industrial design background, atmospheric and beautiful humidifier in your living room. We strive to provide you with an elegant life aesthetic<\/span><\/li>\n<\/ul>\n<h1><strong>\u00a0<\/strong><\/h1>\n","protected":false},"excerpt":{"rendered":"<table class=\"a-keyvalue prodDetTable\">\n<tbody>\n<tr>\n<th class=\"a-color-secondary a-size-base prodDetSectionEntry\">Other Special Features of the Product<\/th>\n<td class=\"a-size-base prodDetAttrValue\">Large water tank, versatile moisture modes, aromatherapy function, time control<\/td>\n<\/tr>\n<tr>\n<th class=\"a-color-secondary a-size-base prodDetSectionEntry\">Mahutavus<\/th>\n<td class=\"a-size-base prodDetAttrValue\">6 liitrit<\/td>\n<\/tr>\n<tr>\n<th class=\"a-color-secondary a-size-base prodDetSectionEntry\">T\u00f6\u00f6re\u017eiim<\/th>\n<td class=\"a-size-base prodDetAttrValue\">Ultraheli<\/td>\n<\/tr>\n<tr>\n<th class=\"a-color-secondary a-size-base prodDetSectionEntry\">Ruumi t\u00fc\u00fcp<\/th>\n<td class=\"a-size-base prodDetAttrValue\">Elutuba<\/td>\n<\/tr>\n<tr>\n<th class=\"a-color-secondary a-size-base prodDetSectionEntry\">Toiteallikas<\/th>\n<td class=\"a-size-base prodDetAttrValue\">Akutoitel<\/td>\n<\/tr>\n<tr>\n<th class=\"a-color-secondary a-size-base prodDetSectionEntry\">Kontrollimeetod<\/th>\n<td class=\"a-size-base prodDetAttrValue\">Puudutage<\/td>\n<\/tr>\n<tr>\n<th class=\"a-color-secondary a-size-base prodDetSectionEntry\">Kestus<\/th>\n<td class=\"a-size-base prodDetAttrValue\">48 minutes<\/td>\n<\/tr>\n<tr>\n<th class=\"a-color-secondary a-size-base prodDetSectionEntry\">Filtri t\u00fc\u00fcp<\/th>\n<td class=\"a-size-base prodDetAttrValue\">Demineralization cartridge<\/td>\n<\/tr>\n<\/tbody>\n<\/table>\n<table class=\"a-keyvalue prodDetTable\">\n<tbody>\n<tr>\n<th class=\"a-color-secondary a-size-base prodDetSectionEntry\">Other Special Features of the Product<\/th>\n<td class=\"a-size-base prodDetAttrValue\">Large water tank, versatile moisture modes, aromatherapy function, time control<\/td>\n<\/tr>\n<tr>\n<th class=\"a-color-secondary a-size-base prodDetSectionEntry\">Mahutavus<\/th>\n<td class=\"a-size-base prodDetAttrValue\">6 liitrit<\/td>\n<\/tr>\n<tr>\n<th class=\"a-color-secondary a-size-base prodDetSectionEntry\">T\u00f6\u00f6re\u017eiim<\/th>\n<td class=\"a-size-base prodDetAttrValue\">Ultraheli<\/td>\n<\/tr>\n<tr>\n<th class=\"a-color-secondary a-size-base prodDetSectionEntry\">Ruumi t\u00fc\u00fcp<\/th>\n<td class=\"a-size-base prodDetAttrValue\">Elutuba<\/td>\n<\/tr>\n<tr>\n<th class=\"a-color-secondary a-size-base prodDetSectionEntry\">Toiteallikas<\/th>\n<td class=\"a-size-base prodDetAttrValue\">Akutoitel<\/td>\n<\/tr>\n<tr>\n<th class=\"a-color-secondary a-size-base prodDetSectionEntry\">Kontrollimeetod<\/th>\n<td class=\"a-size-base prodDetAttrValue\">Puudutage<\/td>\n<\/tr>\n<tr>\n<th class=\"a-color-secondary a-size-base prodDetSectionEntry\">Kestus<\/th>\n<td class=\"a-size-base prodDetAttrValue\">48 minutes<\/td>\n<\/tr>\n<tr>\n<th class=\"a-color-secondary a-size-base prodDetSectionEntry\">Filtri t\u00fc\u00fcp<\/th>\n<td class=\"a-size-base prodDetAttrValue\">Demineralization cartridge<\/td>\n<\/tr>\n<\/tbody>\n<\/table>\n<table class=\"a-keyvalue prodDetTable\">\n<tbody>\n<tr>\n<th class=\"a-color-secondary a-size-base prodDetSectionEntry\">Kauba kaal<\/th>\n<td class=\"a-size-base prodDetAttrValue\">1.4 Kilograms<\/td>\n<\/tr>\n<\/tbody>\n<\/table>","protected":false},"featured_media":19113,"comment_status":"open","ping_status":"closed","template":"","meta":{"_monsterinsights_skip_tracking":false,"_monsterinsights_sitenote_active":false,"_monsterinsights_sitenote_note":"","_monsterinsights_sitenote_category":0,"jetpack_publicize_message":"","jetpack_publicize_feature_enabled":true,"jetpack_social_post_already_shared":true,"jetpack_social_options":{"image_generator_settings":{"template":"highway","default_image_id":0,"font":"","enabled":false},"version":2}},"product_brand":[],"product_cat":[225,175],"product_tag":[],"class_list":{"0":"post-19112","1":"product","2":"type-product","3":"status-publish","4":"has-post-thumbnail","6":"product_cat-air-purifiers-and-humidifiers","7":"product_cat-humidifier","9":"first","10":"instock","11":"sale","12":"shipping-taxable","13":"purchasable","14":"product-type-simple"},"aioseo_notices":[],"jetpack_publicize_connections":[],"jetpack_sharing_enabled":true,"_links":{"self":[{"href":"https:\/\/amazingmarket.ee\/et\/wp-json\/wp\/v2\/product\/19112","targetHints":{"allow":["GET"]}}],"collection":[{"href":"https:\/\/amazingmarket.ee\/et\/wp-json\/wp\/v2\/product"}],"about":[{"href":"https:\/\/amazingmarket.ee\/et\/wp-json\/wp\/v2\/types\/product"}],"replies":[{"embeddable":true,"href":"https:\/\/amazingmarket.ee\/et\/wp-json\/wp\/v2\/comments?post=19112"}],"wp:featuredmedia":[{"embeddable":true,"href":"https:\/\/amazingmarket.ee\/et\/wp-json\/wp\/v2\/media\/19113"}],"wp:attachment":[{"href":"https:\/\/amazingmarket.ee\/et\/wp-json\/wp\/v2\/media?parent=19112"}],"wp:term":[{"taxonomy":"product_brand","embeddable":true,"href":"https:\/\/amazingmarket.ee\/et\/wp-json\/wp\/v2\/product_brand?post=19112"},{"taxonomy":"product_cat","embeddable":true,"href":"https:\/\/amazingmarket.ee\/et\/wp-json\/wp\/v2\/product_cat?post=19112"},{"taxonomy":"product_tag","embeddable":true,"href":"https:\/\/amazingmarket.ee\/et\/wp-json\/wp\/v2\/product_tag?post=19112"}],"curies":[{"name":"wp","href":"https:\/\/api.w.org\/{rel}","templated":true}]}}