{"id":18953,"date":"2026-04-20T11:07:25","date_gmt":"2026-04-20T09:07:25","guid":{"rendered":"https:\/\/amazingmarket.ee\/?post_type=product&#038;p=18953"},"modified":"2026-04-20T11:07:25","modified_gmt":"2026-04-20T09:07:25","slug":"yashe-sl-518-electric-slicer-2","status":"publish","type":"product","link":"https:\/\/amazingmarket.ee\/et\/toode\/yashe-sl-518-electric-slicer-2\/","title":{"rendered":"YASHE SL-518 elektriline viilutusmasin"},"content":{"rendered":"<h1 class=\"a-size-base-plus a-text-bold\">Demo, product from the showcase, everything works well<\/p>\n<p>Selle \u00fcksuse kohta<\/h1>\n<ul class=\"a-unordered-list a-vertical a-spacing-mini\">\n<li class=\"a-spacing-mini\"><span class=\"a-list-item\">V\u00d5IMAS J\u00d5UDLUS Tugeva 250-vatise mootori ja 19 cm roostevabast terasest teraga YASHE SL-518 l\u00f5ikab vaevata l\u00e4bi mitmesuguseid toiduaineid, sealhulgas k\u00fclmutatud liha, keedetud toitu ja juustu, tagades \u00fchtlase ja terava l\u00f5ike.<\/span><\/li>\n<li class=\"a-spacing-mini\"><span class=\"a-list-item\">KAHEKORDNE TERA DISAIN Sakilise ja sileda teraga YASHE SL-518 sobib ideaalselt tugevamate toiduainete, n\u00e4iteks k\u00fclmutatud liha ja keedetud roogade jaoks, samas kui sile tera sobib ideaalselt pehmemate toiduainete, n\u00e4iteks leiva, puu- ja k\u00f6\u00f6giviljade jaoks.<\/span><\/li>\n<li class=\"a-spacing-mini\"><span class=\"a-list-item\">Reguleeritav l\u00f5ikepaksus: l\u00f5ikepaksust saab h\u00f5lpsalt reguleerida \u00f5hukesest umbes 15 mm-ni, et see vastaks erinevate koostisosade erinevatele l\u00f5iken\u00f5uetele ja v\u00f5imaldaks t\u00e4pseid ja t\u00e4pseid l\u00f5ikeid.<\/span><\/li>\n<li class=\"a-spacing-mini\"><span class=\"a-list-item\">Ohutus ja stabiilsus, mugav k\u00e4sitsemine: turvaluku ja tugeva imemisalusega tagab see l\u00f5ikur ohutu ja stabiilse t\u00f6\u00f6, hoiab \u00e4ra libisemise ning pakub mugavat kasutuskogemust k\u00f6\u00f6gis.<\/span><\/li>\n<li class=\"a-spacing-mini\"><span class=\"a-list-item\">LIHTNE PUHASTADA EEMALDATAVATE OSADE T\u00d5TTU L\u00f5ikuril on eemaldatavad osad, n\u00e4iteks tera ja toidupressi, mis muudavad puhastamise ja hoolduse imelihtsaks ning parandavad kasutusmugavust.<\/span><\/li>\n<\/ul>","protected":false},"excerpt":{"rendered":"<table class=\"a-normal a-spacing-micro\" role=\"list\">\n<tbody>\n<tr class=\"a-spacing-small po-brand\" role=\"listitem\">\n<td class=\"a-span3\" role=\"presentation\"><span class=\"a-size-base a-text-bold\">Kaubam\u00e4rk<\/span><\/td>\n<td class=\"a-span9\" role=\"presentation\"><span class=\"a-size-base po-break-word\">YASHE<\/span><\/td>\n<\/tr>\n<tr class=\"a-spacing-small po-item_length_width_height\" role=\"listitem\">\n<td class=\"a-span3\" role=\"presentation\"><span class=\"a-size-base a-text-bold\">Toote m\u00f5\u00f5dud<\/span><\/td>\n<td class=\"a-span9\" role=\"presentation\"><span class=\"a-size-base po-break-word\">37.1L x 25.9W x 23.9H centimetres<\/span><\/td>\n<\/tr>\n<tr class=\"a-spacing-small po-material\" role=\"listitem\">\n<td class=\"a-span3\" role=\"presentation\"><span class=\"a-size-base a-text-bold\">Materjal<\/span><\/td>\n<td class=\"a-span9\" role=\"presentation\"><span class=\"a-size-base po-break-word\">Roostevaba teras<\/span><\/td>\n<\/tr>\n<tr class=\"a-spacing-small po-color\" role=\"listitem\">\n<td class=\"a-span3\" role=\"presentation\"><span class=\"a-size-base a-text-bold\">V\u00e4rv<\/span><\/td>\n<td class=\"a-span9\" role=\"presentation\"><span class=\"a-size-base po-break-word\">H\u00f5bedane<\/span><\/td>\n<\/tr>\n<tr class=\"a-spacing-small po-special_feature\" role=\"listitem\">\n<td class=\"a-span3\" role=\"presentation\"><span class=\"a-size-base a-text-bold\">Eriomadus<\/span><\/td>\n<td class=\"a-span9\" role=\"presentation\"><span class=\"a-size-base\"><span class=\"a-truncate po-truncate-attribute\" data-a-word-break=\"normal\" data-a-truncate-name=\"po-attribute-truncate-4\" data-a-max-rows=\"3\" data-a-overflow-marker=\"&hellip;\" data-a-recalculate=\"false\" data-a-updated=\"true\"><span class=\"a-truncate-full a-offscreen\">Adjustable Thickness, Non-slip suction feet, Powerful 250 watt motor, Switch for child lock, Two removable stainless steel blades<\/span><span class=\"a-truncate-cut\" aria-hidden=\"true\">Adjustable Thickness, Non-slip suction feet, Powerful 250 watt motor, Switch for child lock, Two removable stainless steel blades<\/span><\/span><\/span><\/td>\n<\/tr>\n<tr class=\"a-spacing-small po-recommended_uses_for_product\" role=\"listitem\">\n<td class=\"a-span3\" role=\"presentation\"><span class=\"a-size-base a-text-bold\">Toote soovitatavad kasutusalad<\/span><\/td>\n<td class=\"a-span9\" role=\"presentation\"><span class=\"a-size-base po-break-word\">Bread, Cheese, Meat, Vegetable<\/span><\/td>\n<\/tr>\n<tr class=\"a-spacing-small po-care_instructions\" role=\"listitem\">\n<td class=\"a-span3\" role=\"presentation\"><span class=\"a-size-base a-text-bold\">Toote hooldusjuhised<\/span><\/td>\n<td class=\"a-span9\" role=\"presentation\"><span class=\"a-size-base po-break-word\">Ainult k\u00e4tepesu<\/span><\/td>\n<\/tr>\n<tr class=\"a-spacing-small po-blade.material\" role=\"listitem\">\n<td class=\"a-span3\" role=\"presentation\"><span class=\"a-size-base a-text-bold\">Blade material<\/span><\/td>\n<td class=\"a-span9\" role=\"presentation\"><span class=\"a-size-base po-break-word\">Roostevaba teras<\/span><\/td>\n<\/tr>\n<tr class=\"a-spacing-small po-item_weight\" role=\"listitem\">\n<td class=\"a-span3\" role=\"presentation\"><span class=\"a-size-base a-text-bold\">Kauba kaal<\/span><\/td>\n<td class=\"a-span9\" role=\"presentation\"><span class=\"a-size-base po-break-word\">4.6 Kilograms<\/span><\/td>\n<\/tr>\n<tr class=\"a-spacing-small po-blade.length\" role=\"listitem\">\n<td class=\"a-span3\" role=\"presentation\"><span class=\"a-size-base a-text-bold\">Blade length<\/span><\/td>\n<td class=\"a-span9\" role=\"presentation\"><span class=\"a-size-base po-break-word\">19 Centimetres<\/span><\/td>\n<\/tr>\n<\/tbody>\n<\/table>","protected":false},"featured_media":18954,"comment_status":"open","ping_status":"closed","template":"","meta":{"_monsterinsights_skip_tracking":false,"_monsterinsights_sitenote_active":false,"_monsterinsights_sitenote_note":"","_monsterinsights_sitenote_category":0,"jetpack_publicize_message":"","jetpack_publicize_feature_enabled":true,"jetpack_social_post_already_shared":true,"jetpack_social_options":{"image_generator_settings":{"template":"highway","default_image_id":0,"font":"","enabled":false},"version":2}},"product_brand":[],"product_cat":[117],"product_tag":[],"class_list":{"0":"post-18953","1":"product","2":"type-product","3":"status-publish","4":"has-post-thumbnail","6":"product_cat-meat-ham-sausage-slicers","8":"first","9":"instock","10":"sale","11":"shipping-taxable","12":"purchasable","13":"product-type-simple"},"aioseo_notices":[],"jetpack_publicize_connections":[],"jetpack_sharing_enabled":true,"_links":{"self":[{"href":"https:\/\/amazingmarket.ee\/et\/wp-json\/wp\/v2\/product\/18953","targetHints":{"allow":["GET"]}}],"collection":[{"href":"https:\/\/amazingmarket.ee\/et\/wp-json\/wp\/v2\/product"}],"about":[{"href":"https:\/\/amazingmarket.ee\/et\/wp-json\/wp\/v2\/types\/product"}],"replies":[{"embeddable":true,"href":"https:\/\/amazingmarket.ee\/et\/wp-json\/wp\/v2\/comments?post=18953"}],"wp:featuredmedia":[{"embeddable":true,"href":"https:\/\/amazingmarket.ee\/et\/wp-json\/wp\/v2\/media\/18954"}],"wp:attachment":[{"href":"https:\/\/amazingmarket.ee\/et\/wp-json\/wp\/v2\/media?parent=18953"}],"wp:term":[{"taxonomy":"product_brand","embeddable":true,"href":"https:\/\/amazingmarket.ee\/et\/wp-json\/wp\/v2\/product_brand?post=18953"},{"taxonomy":"product_cat","embeddable":true,"href":"https:\/\/amazingmarket.ee\/et\/wp-json\/wp\/v2\/product_cat?post=18953"},{"taxonomy":"product_tag","embeddable":true,"href":"https:\/\/amazingmarket.ee\/et\/wp-json\/wp\/v2\/product_tag?post=18953"}],"curies":[{"name":"wp","href":"https:\/\/api.w.org\/{rel}","templated":true}]}}