{"id":18943,"date":"2026-04-20T11:03:13","date_gmt":"2026-04-20T09:03:13","guid":{"rendered":"https:\/\/amazingmarket.ee\/?post_type=product&#038;p=18943"},"modified":"2026-04-20T11:03:14","modified_gmt":"2026-04-20T09:03:14","slug":"rowenta-compact-power-xxl-ro4b23ea-2","status":"publish","type":"product","link":"https:\/\/amazingmarket.ee\/et\/toode\/rowenta-compact-power-xxl-ro4b23ea-2\/","title":{"rendered":"Rowenta Compact Power XXL RO4B23EA"},"content":{"rendered":"<h1 class=\"a-size-base-plus a-text-bold\">Wasn&#8217;t used for long, good condition<\/p>\n<p>Selle \u00fcksuse kohta<\/h1>\n<ul class=\"a-unordered-list a-vertical a-spacing-mini\">\n<li class=\"a-spacing-mini\"><span class=\"a-list-item\">XXL cleaning performance: a bagless vacuum cleaner that ensures efficient suction with advanced cyclonic technology and a low consumption motor of 900 W max (in accordance with regulation (EU) No. 666\/2013) for perfect cleaning<\/span><\/li>\n<li class=\"a-spacing-mini\"><span class=\"a-list-item\">XXL capacity: 2.5L dust bin ideal for cleaning your home completely, regardless of its surface area<\/span><\/li>\n<li class=\"a-spacing-mini\"><span class=\"a-list-item\">COMPACT: for more maneuverability and for easy storage in your cupboards<\/span><\/li>\n<li class=\"a-spacing-mini\"><span class=\"a-list-item\">HIGH LEVEL FILTRATION &#8211; 3-stage filtration system ensures optimal air and dust separation and captures over 99.98% dust particles for a healthier home<\/span><\/li>\n<li class=\"a-spacing-mini\"><span class=\"a-list-item\">REMONDITAVUS 15 AASTAT \u00d5IGE HINNAGA: 15-aastane remonditavuse garantii \u00f5ige hinnaga t\u00e4nu meie 6200 remondit\u00f6\u00f6kojast koosnevale v\u00f5rgustikule \u00fcle maailma, et panustada keskkonnakaitsesse ja j\u00e4\u00e4tmetekke v\u00e4hendamisse.<\/span><\/li>\n<li class=\"a-spacing-mini\"><span class=\"a-list-item\">WIDE COVERED SURFACE: 8.8 m radius covering a large suction surface for easy cleaning of your home<\/span><\/li>\n<li class=\"a-spacing-mini\"><span class=\"a-list-item\">EASY TO EMPTY DUST TRAY: Quick and effortless emptying system in just 4 steps<\/span><\/li>\n<li class=\"a-spacing-mini\"><span class=\"a-list-item\">Comes with: crevice tool slot convertible into a brush for vacuuming corners. Compatible accessories: Softcare ZR900401 parquet \/ Mini Turbobrush ZR900601 \/ Maxi Turbobrush ZR900701 \/ Flexible Crevice Tool XXL ZR902901 \/ ZR903401 Multifunctional Articulated Arm<\/span><\/li>\n<\/ul>","protected":false},"excerpt":{"rendered":"<table class=\"a-normal a-spacing-micro\" role=\"list\">\n<tbody>\n<tr class=\"a-spacing-small po-brand\" role=\"listitem\">\n<td class=\"a-span3\" role=\"presentation\"><span class=\"a-size-base a-text-bold\">Kaubam\u00e4rk<\/span><\/td>\n<td class=\"a-span9\" role=\"presentation\"><span class=\"a-size-base po-break-word\">Rowenta<\/span><\/td>\n<\/tr>\n<tr class=\"a-spacing-small po-special_feature\" role=\"listitem\">\n<td class=\"a-span3\" role=\"presentation\"><span class=\"a-size-base a-text-bold\">Eriomadus<\/span><\/td>\n<td class=\"a-span9\" role=\"presentation\"><span class=\"a-size-base po-break-word\">Advanced filtration and compact design<\/span><\/td>\n<\/tr>\n<tr class=\"a-spacing-small po-filter_type\" role=\"listitem\">\n<td class=\"a-span3\" role=\"presentation\"><span class=\"a-size-base a-text-bold\">Filtri t\u00fc\u00fcp<\/span><\/td>\n<td class=\"a-span9\" role=\"presentation\"><span class=\"a-size-base po-break-word\">Cyclonic<\/span><\/td>\n<\/tr>\n<tr class=\"a-spacing-small po-surface_recommendation\" role=\"listitem\">\n<td class=\"a-span3\" role=\"presentation\"><span class=\"a-size-base a-text-bold\">Surface recommendation<\/span><\/td>\n<td class=\"a-span9\" role=\"presentation\"><span class=\"a-size-base po-break-word\">K\u00f5ik korrused<\/span><\/td>\n<\/tr>\n<tr class=\"a-spacing-small po-power_source_type\" role=\"listitem\">\n<td class=\"a-span3\" role=\"presentation\"><span class=\"a-size-base a-text-bold\">Toiteallikas<\/span><\/td>\n<td class=\"a-span9\" role=\"presentation\"><span class=\"a-size-base po-break-word\">Juhtmega elekter<\/span><\/td>\n<\/tr>\n<\/tbody>\n<\/table>","protected":false},"featured_media":18944,"comment_status":"open","ping_status":"closed","template":"","meta":{"_monsterinsights_skip_tracking":false,"_monsterinsights_sitenote_active":false,"_monsterinsights_sitenote_note":"","_monsterinsights_sitenote_category":0,"jetpack_publicize_message":"","jetpack_publicize_feature_enabled":true,"jetpack_social_post_already_shared":true,"jetpack_social_options":{"image_generator_settings":{"template":"highway","default_image_id":0,"font":"","enabled":false},"version":2}},"product_brand":[],"product_cat":[102],"product_tag":[],"class_list":{"0":"post-18943","1":"product","2":"type-product","3":"status-publish","4":"has-post-thumbnail","6":"product_cat-vacuum-cleaners","8":"first","9":"instock","10":"sale","11":"shipping-taxable","12":"purchasable","13":"product-type-simple"},"aioseo_notices":[],"jetpack_publicize_connections":[],"jetpack_sharing_enabled":true,"_links":{"self":[{"href":"https:\/\/amazingmarket.ee\/et\/wp-json\/wp\/v2\/product\/18943","targetHints":{"allow":["GET"]}}],"collection":[{"href":"https:\/\/amazingmarket.ee\/et\/wp-json\/wp\/v2\/product"}],"about":[{"href":"https:\/\/amazingmarket.ee\/et\/wp-json\/wp\/v2\/types\/product"}],"replies":[{"embeddable":true,"href":"https:\/\/amazingmarket.ee\/et\/wp-json\/wp\/v2\/comments?post=18943"}],"wp:featuredmedia":[{"embeddable":true,"href":"https:\/\/amazingmarket.ee\/et\/wp-json\/wp\/v2\/media\/18944"}],"wp:attachment":[{"href":"https:\/\/amazingmarket.ee\/et\/wp-json\/wp\/v2\/media?parent=18943"}],"wp:term":[{"taxonomy":"product_brand","embeddable":true,"href":"https:\/\/amazingmarket.ee\/et\/wp-json\/wp\/v2\/product_brand?post=18943"},{"taxonomy":"product_cat","embeddable":true,"href":"https:\/\/amazingmarket.ee\/et\/wp-json\/wp\/v2\/product_cat?post=18943"},{"taxonomy":"product_tag","embeddable":true,"href":"https:\/\/amazingmarket.ee\/et\/wp-json\/wp\/v2\/product_tag?post=18943"}],"curies":[{"name":"wp","href":"https:\/\/api.w.org\/{rel}","templated":true}]}}