{"id":1882,"date":"2024-02-25T16:04:26","date_gmt":"2024-02-25T16:04:26","guid":{"rendered":"https:\/\/amazingmarket.ee\/?post_type=product&#038;p=1882"},"modified":"2026-03-14T11:15:30","modified_gmt":"2026-03-14T09:15:30","slug":"coredy-robot-vacuum","status":"publish","type":"product","link":"https:\/\/amazingmarket.ee\/et\/toode\/coredy-robot-vacuum\/","title":{"rendered":"Coredy robottolmuimeja"},"content":{"rendered":"<p>Coredy robottolmuimeja on intelligentne puhastusseade, mis on loodud teie koduse koristusrutiini automatiseerimiseks ja lihtsustamiseks. Siin on selle peamised omadused:<\/p>\n<ol>\n<li><strong>Robootika tehnoloogia<\/strong>: Kasutades t\u00e4iustatud robootikatehnoloogiat, see tolmuimeja navigeerib ja puhastab teie kodu autonoomselt, s\u00e4\u00e4stes teie aega ja vaeva.<\/li>\n<li><strong>Nutikas navigeerimine<\/strong>: Nutikate anduritega robottolmuimeja kaardistab ja navigeerib nutikalt teie kodu, v\u00e4ltides puhastamise ajal t\u00f5husalt takistusi ja m\u00f6\u00f6blit.<\/li>\n<li><strong>V\u00f5imas imemine<\/strong>: Vaatamata oma kompaktsele suurusele on Coredy robottolmuimejal v\u00f5imas imemisv\u00f5ime, mis t\u00f5stab ja eemaldab t\u00f5husalt k\u00f5vadelt p\u00f5randatelt ja vaipadelt mustuse, tolmu ja prahi.<\/li>\n<li><strong>Mitu puhastusre\u017eiimi<\/strong>: See pakub erinevaid puhastusre\u017eiime, sealhulgas automaatpuhastust, punktpuhastust ja servade puhastamist, v\u00f5imaldades teil puhastusprotsessi oma vajadustele vastavaks kohandada.<\/li>\n<li><strong>Iselaadimine<\/strong>: Kui aku on t\u00fchi, naaseb robottolmuimeja laadimiseks automaatselt oma laadimisdokile, tagades, et see on j\u00e4rgmiseks puhastusseansiks alati valmis.<\/li>\n<li><strong>Kaugjuhtimispult ja rakenduste integreerimine<\/strong>: Saate juhtida tolmuimejat kaugjuhtimispuldi v\u00f5i nutitelefoni rakenduse kaudu, pakkudes puhastusgraafiku haldamisel mugavust ja paindlikkust.<\/li>\n<li><strong>HEPA filtreerimine<\/strong>: K\u00f5rge efektiivsusega tahkete osakeste \u00f5hufiltriga (HEPA) p\u00fc\u00fcab vaakum kinni allergeenid ja peened tolmuosakesed, parandades teie kodu \u00f5hukvaliteeti.<\/li>\n<li><strong>Madala profiiliga disain<\/strong>: Selle \u00f5huke ja madala profiiliga disain v\u00f5imaldab tolmuimejal h\u00f5lpsasti m\u00f6\u00f6bli all puhastada ja j\u00f5uda kitsastesse kohtadesse, kuhu traditsioonilistel tolmuimejatel v\u00f5ib olla raske juurde p\u00e4\u00e4seda.<\/li>\n<li><strong>Virtuaalsete piiride seadmine<\/strong>: M\u00f5ned mudelid v\u00f5ivad pakkuda virtuaalse piiri seadmise funktsioone, mis v\u00f5imaldavad teil m\u00e4\u00e4rata robottolmuimejale keelualasid, mida v\u00e4ltida.<\/li>\n<\/ol>\n<p>\u00dcldiselt pakub Coredy robottolmuimeja nutikate funktsioonide ja v\u00f5imsa j\u00f5udlusega k\u00e4ed-vabad puhastuslahendust, mis teeb sellest suurep\u00e4rase lisandi igasse kaasaegsesse majapidamisse.<\/p>","protected":false},"excerpt":{"rendered":"<div class=\"flex-1 overflow-hidden\">\n<div class=\"react-scroll-to-bottom--css-yhevx-79elbk h-full\">\n<div class=\"react-scroll-to-bottom--css-yhevx-1n7m0yu\">\n<div class=\"flex flex-col pb-9 text-sm\">\n<div class=\"w-full text-token-text-primary\" data-testid=\"conversation-turn-23\">\n<div class=\"px-4 py-2 justify-center text-base md:gap-6 m-auto\">\n<div class=\"flex flex-1 text-base mx-auto gap-3 md:px-5 lg:px-1 xl:px-5 md:max-w-3xl lg:max-w-[40rem] xl:max-w-[48rem] group final-completion\">\n<div class=\"relative flex w-full flex-col agent-turn\">\n<div class=\"flex-col gap-1 md:gap-3\">\n<div class=\"flex flex-grow flex-col max-w-full\">\n<div class=\"min-h-[20px] text-message flex flex-col items-start gap-3 whitespace-pre-wrap break-words [.text-message+&amp;]:mt-5 overflow-x-auto\" data-message-author-role=\"assistant\" data-message-id=\"9c392908-bfe1-4233-96ee-377713cf4836\">\n<div class=\"markdown prose w-full break-words dark:prose-invert light\">\n<p>The Coredy Robot Vacuum is an intelligent cleaning robot with powerful suction, smart navigation, and multiple cleaning modes for efficient and hands-free home cleaning. Its slim design allows it to reach tight spaces, while features like self-charging and app integration offer convenience and flexibility. Ideal for busy households looking to simplify their cleaning routine.<\/p>\n<\/div>\n<\/div>\n<\/div>\n<\/div>\n<\/div>\n<\/div>\n<\/div>\n<\/div>\n<\/div>\n<\/div>\n<\/div>\n<\/div>\n","protected":false},"featured_media":2014,"comment_status":"open","ping_status":"closed","template":"","meta":{"_monsterinsights_skip_tracking":false,"_monsterinsights_sitenote_active":false,"_monsterinsights_sitenote_note":"","_monsterinsights_sitenote_category":0,"jetpack_publicize_message":"","jetpack_publicize_feature_enabled":true,"jetpack_social_post_already_shared":false,"jetpack_social_options":{"image_generator_settings":{"template":"highway","default_image_id":0,"font":"","enabled":false},"version":2}},"product_brand":[],"product_cat":[80],"product_tag":[],"class_list":{"0":"post-1882","1":"product","2":"type-product","3":"status-publish","4":"has-post-thumbnail","6":"product_cat-robot-vacuum-cleaners","8":"first","9":"instock","10":"sale","11":"shipping-taxable","12":"purchasable","13":"product-type-simple"},"aioseo_notices":[],"jetpack_publicize_connections":[],"jetpack_sharing_enabled":true,"_links":{"self":[{"href":"https:\/\/amazingmarket.ee\/et\/wp-json\/wp\/v2\/product\/1882","targetHints":{"allow":["GET"]}}],"collection":[{"href":"https:\/\/amazingmarket.ee\/et\/wp-json\/wp\/v2\/product"}],"about":[{"href":"https:\/\/amazingmarket.ee\/et\/wp-json\/wp\/v2\/types\/product"}],"replies":[{"embeddable":true,"href":"https:\/\/amazingmarket.ee\/et\/wp-json\/wp\/v2\/comments?post=1882"}],"wp:featuredmedia":[{"embeddable":true,"href":"https:\/\/amazingmarket.ee\/et\/wp-json\/wp\/v2\/media\/2014"}],"wp:attachment":[{"href":"https:\/\/amazingmarket.ee\/et\/wp-json\/wp\/v2\/media?parent=1882"}],"wp:term":[{"taxonomy":"product_brand","embeddable":true,"href":"https:\/\/amazingmarket.ee\/et\/wp-json\/wp\/v2\/product_brand?post=1882"},{"taxonomy":"product_cat","embeddable":true,"href":"https:\/\/amazingmarket.ee\/et\/wp-json\/wp\/v2\/product_cat?post=1882"},{"taxonomy":"product_tag","embeddable":true,"href":"https:\/\/amazingmarket.ee\/et\/wp-json\/wp\/v2\/product_tag?post=1882"}],"curies":[{"name":"wp","href":"https:\/\/api.w.org\/{rel}","templated":true}]}}