{"id":18723,"date":"2026-04-13T10:56:02","date_gmt":"2026-04-13T08:56:02","guid":{"rendered":"https:\/\/amazingmarket.ee\/?post_type=product&#038;p=18723"},"modified":"2026-04-13T10:56:02","modified_gmt":"2026-04-13T08:56:02","slug":"bissell-revolution-proheat-2x-model-1858n-2","status":"publish","type":"product","link":"https:\/\/amazingmarket.ee\/et\/toode\/bissell-revolution-proheat-2x-model-1858n-2\/","title":{"rendered":"Bissell Revolution ProHeat 2X mudel 1858N"},"content":{"rendered":"<ul class=\"a-unordered-list a-vertical a-spacing-mini\">\n<li class=\"a-spacing-mini\">\n<h1 class=\"a-size-base-plus a-text-bold\"><strong>Was used, in working condition, signs of use are visible<\/strong><\/p>\n<p>Selle \u00fcksuse kohta<\/h1>\n<ul class=\"a-unordered-list a-vertical a-spacing-mini\">\n<li class=\"a-spacing-mini\"><span class=\"a-list-item\">Constant heat with heatwave technology: the innovative HeatWave technology keeps the water temperature constant, so that the washing vacuum cleaner allows effective and thorough cleaning<\/span><\/li>\n<li class=\"a-spacing-mini\"><span class=\"a-list-item\">Powerful suction power and quick drying time: powerful suction power and quick drying time of just one hour, fresh water tank with 3.7 litre capacity for longer cleaning<\/span><\/li>\n<li class=\"a-spacing-mini\"><span class=\"a-list-item\">S\u00fcgavpuhastus p\u00f6\u00f6rlevate mustuset\u00f5stja harjarullikutega: p\u00f6\u00f6rlevad mustuset\u00f5stja harjarullikud 2 x 6 harjastega tagavad p\u00f5hjaliku s\u00fcgavpuhastuse ja eemaldavad kangekaelse mustuse.<\/span><\/li>\n<li class=\"a-spacing-mini\"><span class=\"a-list-item\">Reguleeritavad puhastusre\u017eiimid vastavalt individuaalsetele vajadustele: valige erinevate puhastusre\u017eiimide hulgast, et kohandada puhastust oma vajadustega ja saavutada optimaalsed tulemused<\/span><\/li>\n<li class=\"a-spacing-mini\"><span class=\"a-list-item\">Includes accessories for high surfaces: includes accessories for cleaning higher surfaces, reach hard-to-reach areas and clean effectively<\/span><\/li>\n<li class=\"a-spacing-mini\"><span class=\"a-list-item\">M\u00e4rkus: \u00c4rge kasutage seadet p\u00f5levate v\u00f5i suitsevate esemete, n\u00e4iteks sigarettide, tikkude v\u00f5i kuuma tuha imamiseks.<\/span><\/li>\n<li class=\"a-spacing-mini\"><span class=\"a-list-item\">DOWNLOAD USER GUIDE Scroll to &#8220;Product Guides &#038; Documents&#8221; on the product page and download the user manual Make the most of all functions!<\/span><\/li>\n<\/ul>\n<\/li>\n<\/ul>","protected":false},"excerpt":{"rendered":"<table class=\"a-normal a-spacing-micro\" role=\"list\">\n<tbody>\n<tr class=\"a-spacing-small po-brand\" role=\"listitem\">\n<td class=\"a-span3\" role=\"presentation\"><span class=\"a-size-base a-text-bold\">Kaubam\u00e4rk<\/span><\/td>\n<td class=\"a-span9\" role=\"presentation\"><span class=\"a-size-base po-break-word\">BISSELL<\/span><\/td>\n<\/tr>\n<tr class=\"a-spacing-small po-color\" role=\"listitem\">\n<td class=\"a-span3\" role=\"presentation\"><span class=\"a-size-base a-text-bold\">V\u00e4rv<\/span><\/td>\n<td class=\"a-span9\" role=\"presentation\"><span class=\"a-size-base po-break-word\">Must<\/span><\/td>\n<\/tr>\n<tr class=\"a-spacing-small po-item_weight\" role=\"listitem\">\n<td class=\"a-span3\" role=\"presentation\"><span class=\"a-size-base a-text-bold\">Kauba kaal<\/span><\/td>\n<td class=\"a-span9\" role=\"presentation\"><span class=\"a-size-base po-break-word\">7.94 Kilograms<\/span><\/td>\n<\/tr>\n<tr class=\"a-spacing-small po-style\" role=\"listitem\">\n<td class=\"a-span3\" role=\"presentation\"><span class=\"a-size-base a-text-bold\">Stiil<\/span><\/td>\n<td class=\"a-span9\" role=\"presentation\"><span class=\"a-size-base po-break-word\">ProHeat 2X<\/span><\/td>\n<\/tr>\n<tr class=\"a-spacing-small po-model_name\" role=\"listitem\">\n<td class=\"a-span3\" role=\"presentation\"><span class=\"a-size-base a-text-bold\">Mudeli nimi<\/span><\/td>\n<td class=\"a-span9\" role=\"presentation\"><span class=\"a-size-base po-break-word\">ProHeat 2X Revolution<\/span><\/td>\n<\/tr>\n<\/tbody>\n<\/table>","protected":false},"featured_media":18734,"comment_status":"open","ping_status":"closed","template":"","meta":{"_monsterinsights_skip_tracking":false,"_monsterinsights_sitenote_active":false,"_monsterinsights_sitenote_note":"","_monsterinsights_sitenote_category":0,"jetpack_publicize_message":"","jetpack_publicize_feature_enabled":true,"jetpack_social_post_already_shared":true,"jetpack_social_options":{"image_generator_settings":{"template":"highway","default_image_id":0,"font":"","enabled":false},"version":2}},"product_brand":[],"product_cat":[102],"product_tag":[],"class_list":{"0":"post-18723","1":"product","2":"type-product","3":"status-publish","4":"has-post-thumbnail","6":"product_cat-vacuum-cleaners","8":"first","9":"instock","10":"sale","11":"shipping-taxable","12":"purchasable","13":"product-type-simple"},"aioseo_notices":[],"jetpack_publicize_connections":[],"jetpack_sharing_enabled":true,"_links":{"self":[{"href":"https:\/\/amazingmarket.ee\/et\/wp-json\/wp\/v2\/product\/18723","targetHints":{"allow":["GET"]}}],"collection":[{"href":"https:\/\/amazingmarket.ee\/et\/wp-json\/wp\/v2\/product"}],"about":[{"href":"https:\/\/amazingmarket.ee\/et\/wp-json\/wp\/v2\/types\/product"}],"replies":[{"embeddable":true,"href":"https:\/\/amazingmarket.ee\/et\/wp-json\/wp\/v2\/comments?post=18723"}],"wp:featuredmedia":[{"embeddable":true,"href":"https:\/\/amazingmarket.ee\/et\/wp-json\/wp\/v2\/media\/18734"}],"wp:attachment":[{"href":"https:\/\/amazingmarket.ee\/et\/wp-json\/wp\/v2\/media?parent=18723"}],"wp:term":[{"taxonomy":"product_brand","embeddable":true,"href":"https:\/\/amazingmarket.ee\/et\/wp-json\/wp\/v2\/product_brand?post=18723"},{"taxonomy":"product_cat","embeddable":true,"href":"https:\/\/amazingmarket.ee\/et\/wp-json\/wp\/v2\/product_cat?post=18723"},{"taxonomy":"product_tag","embeddable":true,"href":"https:\/\/amazingmarket.ee\/et\/wp-json\/wp\/v2\/product_tag?post=18723"}],"curies":[{"name":"wp","href":"https:\/\/api.w.org\/{rel}","templated":true}]}}