{"id":18680,"date":"2026-04-13T10:38:47","date_gmt":"2026-04-13T08:38:47","guid":{"rendered":"https:\/\/amazingmarket.ee\/?post_type=product&#038;p=18680"},"modified":"2026-04-13T10:38:47","modified_gmt":"2026-04-13T08:38:47","slug":"princess-slim-airfryer-5l-1500-w","status":"publish","type":"product","link":"https:\/\/amazingmarket.ee\/et\/toode\/princess-slim-airfryer-5l-1500-w\/","title":{"rendered":"Princess Slim Airfryer 5L, 1500 W"},"content":{"rendered":"<h1 class=\"a-size-base-plus a-text-bold\"><strong>Was used, shows signs of use, working<br \/>\n<\/strong><br \/>\nSelle \u00fcksuse kohta<\/h1>\n<ul class=\"a-unordered-list a-vertical a-spacing-mini\">\n<li class=\"a-spacing-mini\"><span class=\"a-list-item\">Enjoy healthier \u2013 without oil: Thanks to modern hot air technology, you can cook your favourite foods fat-free at only 55 dB &#8211; for crispy results on the outside and delicate texture inside.<\/span><\/li>\n<li class=\"a-spacing-mini\"><span class=\"a-list-item\">STRONG &#038; DURABLE WITH PROTECTIVE COATING: The BPA-free inner surface is coated with a durable non-stick coating that protects against scratches and ensures a long service life.<\/span><\/li>\n<li class=\"a-spacing-mini\"><span class=\"a-list-item\">SPACE SAVING &#038; POWERFUL Compact design with generous 5.5L capacity &#8211; perfect for families and small kitchens without wasting valuable countertop space.<\/span><\/li>\n<li class=\"a-spacing-mini\"><span class=\"a-list-item\">Smart operation with 8 programs: touch control panel, temperature selection (80-200\u00b0C), 60-minute timer &#038; automatic shut-off allow easy frying, baking &#038; grilling.<\/span><\/li>\n<li class=\"a-spacing-mini\"><span class=\"a-list-item\">EASY CARE WITH CLEAR MAINTENANCE INSTRUCTIONS Hand wash removable parts with soft sponge and mild detergent. No scouring pad. Max. Observe load (up to 1.5 kg). Wipe the case with a damp cloth, allow to cool completely before storage.<\/span><\/li>\n<\/ul>","protected":false},"excerpt":{"rendered":"<table class=\"a-keyvalue prodDetTable\">\n<tbody>\n<tr>\n<th class=\"a-color-secondary a-size-base prodDetSectionEntry\">Eriomadused<\/th>\n<td class=\"a-size-base prodDetAttrValue\">Automatic Shut-Off, Programmable, Stain Resistant, Temperature Control, Timer<\/td>\n<\/tr>\n<tr>\n<th class=\"a-color-secondary a-size-base prodDetSectionEntry\">V\u00e4ljundv\u00f5imsus<\/th>\n<td class=\"a-size-base prodDetAttrValue\">1500 vatti<\/td>\n<\/tr>\n<tr>\n<th class=\"a-color-secondary a-size-base prodDetSectionEntry\">V\u00f5imsus<\/th>\n<td class=\"a-size-base prodDetAttrValue\">1500 vatti<\/td>\n<\/tr>\n<tr>\n<th class=\"a-color-secondary a-size-base prodDetSectionEntry\">Pinge<\/th>\n<td class=\"a-size-base prodDetAttrValue\">230 volti<\/td>\n<\/tr>\n<tr>\n<th class=\"a-color-secondary a-size-base prodDetSectionEntry\">Kontrollimeetod<\/th>\n<td class=\"a-size-base prodDetAttrValue\">Puudutage<\/td>\n<\/tr>\n<tr>\n<th class=\"a-color-secondary a-size-base prodDetSectionEntry\">Minimaalse temperatuuri seadistus<\/th>\n<td class=\"a-size-base prodDetAttrValue\">80 kraadi Celsiuse j\u00e4rgi<\/td>\n<\/tr>\n<tr>\n<th class=\"a-color-secondary a-size-base prodDetSectionEntry\">Maksimaalse temperatuuri seadistus<\/th>\n<td class=\"a-size-base prodDetAttrValue\">200 kraadi Celsiuse j\u00e4rgi<\/td>\n<\/tr>\n<tr>\n<th class=\"a-color-secondary a-size-base prodDetSectionEntry\">\u00d5hufrit\u00fc\u00fcri tehnoloogia<\/th>\n<td class=\"a-size-base prodDetAttrValue\">hot air<\/td>\n<\/tr>\n<\/tbody>\n<\/table>","protected":false},"featured_media":18689,"comment_status":"open","ping_status":"closed","template":"","meta":{"_monsterinsights_skip_tracking":false,"_monsterinsights_sitenote_active":false,"_monsterinsights_sitenote_note":"","_monsterinsights_sitenote_category":0,"jetpack_publicize_message":"","jetpack_publicize_feature_enabled":true,"jetpack_social_post_already_shared":true,"jetpack_social_options":{"image_generator_settings":{"template":"highway","default_image_id":0,"font":"","enabled":false},"version":2}},"product_brand":[],"product_cat":[71],"product_tag":[],"class_list":{"0":"post-18680","1":"product","2":"type-product","3":"status-publish","4":"has-post-thumbnail","6":"product_cat-airfryers","8":"first","9":"instock","10":"sale","11":"shipping-taxable","12":"purchasable","13":"product-type-simple"},"aioseo_notices":[],"jetpack_publicize_connections":[],"jetpack_sharing_enabled":true,"_links":{"self":[{"href":"https:\/\/amazingmarket.ee\/et\/wp-json\/wp\/v2\/product\/18680","targetHints":{"allow":["GET"]}}],"collection":[{"href":"https:\/\/amazingmarket.ee\/et\/wp-json\/wp\/v2\/product"}],"about":[{"href":"https:\/\/amazingmarket.ee\/et\/wp-json\/wp\/v2\/types\/product"}],"replies":[{"embeddable":true,"href":"https:\/\/amazingmarket.ee\/et\/wp-json\/wp\/v2\/comments?post=18680"}],"wp:featuredmedia":[{"embeddable":true,"href":"https:\/\/amazingmarket.ee\/et\/wp-json\/wp\/v2\/media\/18689"}],"wp:attachment":[{"href":"https:\/\/amazingmarket.ee\/et\/wp-json\/wp\/v2\/media?parent=18680"}],"wp:term":[{"taxonomy":"product_brand","embeddable":true,"href":"https:\/\/amazingmarket.ee\/et\/wp-json\/wp\/v2\/product_brand?post=18680"},{"taxonomy":"product_cat","embeddable":true,"href":"https:\/\/amazingmarket.ee\/et\/wp-json\/wp\/v2\/product_cat?post=18680"},{"taxonomy":"product_tag","embeddable":true,"href":"https:\/\/amazingmarket.ee\/et\/wp-json\/wp\/v2\/product_tag?post=18680"}],"curies":[{"name":"wp","href":"https:\/\/api.w.org\/{rel}","templated":true}]}}