{"id":18640,"date":"2026-04-13T10:12:04","date_gmt":"2026-04-13T08:12:04","guid":{"rendered":"https:\/\/amazingmarket.ee\/?post_type=product&#038;p=18640"},"modified":"2026-04-13T10:12:04","modified_gmt":"2026-04-13T08:12:04","slug":"kohvimasin-delonghi-ec685","status":"publish","type":"product","link":"https:\/\/amazingmarket.ee\/et\/toode\/kohvimasin-delonghi-ec685\/","title":{"rendered":"Kohvimasin DeLonghi EC685"},"content":{"rendered":"<h1><strong>Demo, product from a display case, has minor scuffs, everything is fine<\/strong><\/p>\n<p>Selle \u00fcksuse kohta<\/h1>\n<ul class=\"a-unordered-list a-vertical a-spacing-mini\">\n<li class=\"a-spacing-mini\"><span class=\"a-list-item\">15 BAR PRESSURE to create your perfect espresso with a rich aroma and a nut coloured cream on top.<\/span><\/li>\n<li class=\"a-spacing-mini\"><span class=\"a-list-item\">MILK FROTHER: Froth or steam milk with the Adjustable Cappuccino System to create the perfect cappuccinos, macchiatos or caff\u00e8 lattes<\/span><\/li>\n<li class=\"a-spacing-mini\"><span class=\"a-list-item\">CUSTOMISE ESPRESSO: Thanks to the professional barista technology, you can control every step of the Coffee-making process, from tamping your ground Coffee to setting the temperature and length<\/span><\/li>\n<li class=\"a-spacing-mini\"><span class=\"a-list-item\">HOME COMFORT: At only 15 cm wide, it\u2019s our slimmest design yet, offering a small footprint and big features<\/span><\/li>\n<li class=\"a-spacing-mini\"><span class=\"a-list-item\">EASY TO CLEAN: With manual descaling system will keep your machine running smoothly so you can always enjoy your favorite beverages<\/span><\/li>\n<\/ul>","protected":false},"excerpt":{"rendered":"<table class=\"a-keyvalue prodDetTable\">\n<tbody>\n<tr>\n<th class=\"a-color-secondary a-size-base prodDetSectionEntry\">Other Special Features of the Product<\/th>\n<td class=\"a-size-base prodDetAttrValue\">Auto Shut-Off, Water tank capacity (1 litre)<\/td>\n<\/tr>\n<tr>\n<th class=\"a-color-secondary a-size-base prodDetSectionEntry\">Kohvimasina t\u00fc\u00fcp<\/th>\n<td class=\"a-size-base prodDetAttrValue\">Espressomasin<\/td>\n<\/tr>\n<tr>\n<th class=\"a-color-secondary a-size-base prodDetSectionEntry\">Toote spetsiifilised kasutusalad<\/th>\n<td class=\"a-size-base prodDetAttrValue\">Cappuccino, Espresso, Latte<\/td>\n<\/tr>\n<tr>\n<th class=\"a-color-secondary a-size-base prodDetSectionEntry\">Toote soovitatavad kasutusalad<\/th>\n<td class=\"a-size-base prodDetAttrValue\">Reisimine<\/td>\n<\/tr>\n<tr>\n<th class=\"a-color-secondary a-size-base prodDetSectionEntry\">T\u00f6\u00f6re\u017eiim<\/th>\n<td class=\"a-size-base prodDetAttrValue\">Poolautomaatne<\/td>\n<\/tr>\n<tr>\n<th class=\"a-color-secondary a-size-base prodDetSectionEntry\">V\u00f5imsus<\/th>\n<td class=\"a-size-base prodDetAttrValue\">1300<\/td>\n<\/tr>\n<tr>\n<th class=\"a-color-secondary a-size-base prodDetSectionEntry\">Pinge<\/th>\n<td class=\"a-size-base prodDetAttrValue\">220<\/td>\n<\/tr>\n<tr>\n<th class=\"a-color-secondary a-size-base prodDetSectionEntry\">Inimliidese sisend<\/th>\n<td class=\"a-size-base prodDetAttrValue\">Nupud<\/td>\n<\/tr>\n<tr>\n<th class=\"a-color-secondary a-size-base prodDetSectionEntry\">Coffee Input Type<\/th>\n<td class=\"a-size-base prodDetAttrValue\">Pad<\/td>\n<\/tr>\n<tr>\n<th class=\"a-color-secondary a-size-base prodDetSectionEntry\">Toiteallikas<\/th>\n<td class=\"a-size-base prodDetAttrValue\">Toiteallikas<\/td>\n<\/tr>\n<tr>\n<th class=\"a-color-secondary a-size-base prodDetSectionEntry\">Filtri t\u00fc\u00fcp<\/th>\n<td class=\"a-size-base prodDetAttrValue\">Korduvkasutatav<\/td>\n<\/tr>\n<\/tbody>\n<\/table>","protected":false},"featured_media":18649,"comment_status":"open","ping_status":"closed","template":"","meta":{"_monsterinsights_skip_tracking":false,"_monsterinsights_sitenote_active":false,"_monsterinsights_sitenote_note":"","_monsterinsights_sitenote_category":0,"jetpack_publicize_message":"","jetpack_publicize_feature_enabled":true,"jetpack_social_post_already_shared":true,"jetpack_social_options":{"image_generator_settings":{"template":"highway","default_image_id":0,"font":"","enabled":false},"version":2}},"product_brand":[],"product_cat":[73],"product_tag":[],"class_list":{"0":"post-18640","1":"product","2":"type-product","3":"status-publish","4":"has-post-thumbnail","6":"product_cat-coffee-machines","8":"first","9":"instock","10":"sale","11":"shipping-taxable","12":"purchasable","13":"product-type-simple"},"aioseo_notices":[],"jetpack_publicize_connections":[],"jetpack_sharing_enabled":true,"_links":{"self":[{"href":"https:\/\/amazingmarket.ee\/et\/wp-json\/wp\/v2\/product\/18640","targetHints":{"allow":["GET"]}}],"collection":[{"href":"https:\/\/amazingmarket.ee\/et\/wp-json\/wp\/v2\/product"}],"about":[{"href":"https:\/\/amazingmarket.ee\/et\/wp-json\/wp\/v2\/types\/product"}],"replies":[{"embeddable":true,"href":"https:\/\/amazingmarket.ee\/et\/wp-json\/wp\/v2\/comments?post=18640"}],"wp:featuredmedia":[{"embeddable":true,"href":"https:\/\/amazingmarket.ee\/et\/wp-json\/wp\/v2\/media\/18649"}],"wp:attachment":[{"href":"https:\/\/amazingmarket.ee\/et\/wp-json\/wp\/v2\/media?parent=18640"}],"wp:term":[{"taxonomy":"product_brand","embeddable":true,"href":"https:\/\/amazingmarket.ee\/et\/wp-json\/wp\/v2\/product_brand?post=18640"},{"taxonomy":"product_cat","embeddable":true,"href":"https:\/\/amazingmarket.ee\/et\/wp-json\/wp\/v2\/product_cat?post=18640"},{"taxonomy":"product_tag","embeddable":true,"href":"https:\/\/amazingmarket.ee\/et\/wp-json\/wp\/v2\/product_tag?post=18640"}],"curies":[{"name":"wp","href":"https:\/\/api.w.org\/{rel}","templated":true}]}}