{"id":1861,"date":"2024-02-25T15:51:04","date_gmt":"2024-02-25T15:51:04","guid":{"rendered":"https:\/\/amazingmarket.ee\/?post_type=product&#038;p=1861"},"modified":"2026-03-14T11:15:30","modified_gmt":"2026-03-14T09:15:30","slug":"philips-powerpro-expert-fc9747-09-900-w","status":"publish","type":"product","link":"https:\/\/amazingmarket.ee\/et\/toode\/philips-powerpro-expert-fc9747-09-900-w\/","title":{"rendered":"Philips PowerPro Expert FC9741\/09, 900 W"},"content":{"rendered":"<ol>\n<li><strong>V\u00f5imas 900 W mootor:<\/strong> Tagab suure imemisv\u00f5ime, mis v\u00f5imaldab t\u00f5husalt eemaldada tolmu ja mustuse igalt pinnalt.<\/li>\n<li><strong>PowerCyclone 8 tehnoloogia:<\/strong> Garanteerib suurep\u00e4rase tolmu ja \u00f5hu eraldamise, tagades pideva imemisv\u00f5imsuse ka siis, kui tolmumahuti on t\u00e4is.<\/li>\n<li><strong>Kolmekordne filtreerimiss\u00fcsteem:<\/strong> Mitme filtri (vaht-, HEPA- ja mootorifilter) kombinatsioon p\u00fc\u00fcab kinni ka k\u00f5ige peenemad tolmuosakesed ja allergeenid, muutes \u00f5hu puhtamaks.<\/li>\n<li><strong>TriActive+ Turbo Brush:<\/strong> Spetsiaalselt disainitud hari kolme funktsiooniga \u00fches \u2013 \u00f5rn tolmuneelamine, t\u00e4pne nurkade ja vaipade puhastamine ning t\u00f5hus karva- ja karvaeemaldus pindadelt.<\/li>\n<li><strong>Energias\u00e4\u00e4sture\u017eiim:<\/strong> Pakub valikut suure v\u00f5imsuse vahel s\u00fcgavpuhastuseks ja v\u00e4ikese v\u00f5imsuse vahel energias\u00e4\u00e4stlikuks kerge tolmupuhastuse ajal.<\/li>\n<li><strong>Kasutuslihtsus:<\/strong> Kerge korpus, man\u00f6\u00f6verdatav disain ja suur tolmumahuti maht tagavad mugava kasutamise ja pikaajalise j\u00f5udluse.<\/li>\n<li><strong>Lihtne puhastuss\u00fcsteem:<\/strong> Lihtne ja kiire tolmumahuti puhastamine, mis s\u00e4\u00e4stab aega ja lihtsustab vaakumi hooldamist.<\/li>\n<\/ol>","protected":false},"excerpt":{"rendered":"<div class=\"w-full text-token-text-primary\" data-testid=\"conversation-turn-11\">\n<div class=\"px-4 py-2 justify-center text-base md:gap-6 m-auto\">\n<div class=\"flex flex-1 text-base mx-auto gap-3 md:px-5 lg:px-1 xl:px-5 md:max-w-3xl lg:max-w-[40rem] xl:max-w-[48rem] group\">\n<div class=\"relative flex w-full flex-col agent-turn\">\n<div class=\"flex-col gap-1 md:gap-3\">\n<div class=\"flex flex-grow flex-col max-w-full\">\n<div class=\"min-h-[20px] text-message flex flex-col items-start gap-3 whitespace-pre-wrap break-words [.text-message+&#038;]:mt-5 overflow-x-auto\" data-message-author-role=\"assistant\" data-message-id=\"e7d75b43-7b02-498a-ba66-558c522d1778\">\n<div class=\"markdown prose w-full break-words dark:prose-invert light\">\n<p>Philips PowerPro Expert FC9741\/09 is a highly efficient vacuum cleaner with a powerful 900W motor and innovative PowerCyclone 8 technology for guaranteed cleanliness in your home. It features a triple filtration system, including a HEPA filter, making the air in your home fresh and safe for allergy sufferers. The special TriActive+ turbo brush ensures the removal of even the most stubborn dirt from carpets and other surfaces. Choosing between high and low power modes allows you to customize the vacuum to specific cleaning needs. The convenient body and Easy Clean system make using and maintaining this vacuum easy and convenient.<\/p>\n<\/div>\n<\/div>\n<\/div>\n<\/div>\n<\/div>\n<\/div>\n<\/div>\n<\/div>\n","protected":false},"featured_media":1868,"comment_status":"open","ping_status":"closed","template":"","meta":{"_monsterinsights_skip_tracking":false,"_monsterinsights_sitenote_active":false,"_monsterinsights_sitenote_note":"","_monsterinsights_sitenote_category":0,"jetpack_publicize_message":"","jetpack_publicize_feature_enabled":true,"jetpack_social_post_already_shared":false,"jetpack_social_options":{"image_generator_settings":{"template":"highway","default_image_id":0,"font":"","enabled":false},"version":2}},"product_brand":[],"product_cat":[102],"product_tag":[],"class_list":{"0":"post-1861","1":"product","2":"type-product","3":"status-publish","4":"has-post-thumbnail","6":"product_cat-vacuum-cleaners","8":"first","9":"instock","10":"sale","11":"shipping-taxable","12":"purchasable","13":"product-type-simple"},"aioseo_notices":[],"jetpack_publicize_connections":[],"jetpack_sharing_enabled":true,"_links":{"self":[{"href":"https:\/\/amazingmarket.ee\/et\/wp-json\/wp\/v2\/product\/1861","targetHints":{"allow":["GET"]}}],"collection":[{"href":"https:\/\/amazingmarket.ee\/et\/wp-json\/wp\/v2\/product"}],"about":[{"href":"https:\/\/amazingmarket.ee\/et\/wp-json\/wp\/v2\/types\/product"}],"replies":[{"embeddable":true,"href":"https:\/\/amazingmarket.ee\/et\/wp-json\/wp\/v2\/comments?post=1861"}],"wp:featuredmedia":[{"embeddable":true,"href":"https:\/\/amazingmarket.ee\/et\/wp-json\/wp\/v2\/media\/1868"}],"wp:attachment":[{"href":"https:\/\/amazingmarket.ee\/et\/wp-json\/wp\/v2\/media?parent=1861"}],"wp:term":[{"taxonomy":"product_brand","embeddable":true,"href":"https:\/\/amazingmarket.ee\/et\/wp-json\/wp\/v2\/product_brand?post=1861"},{"taxonomy":"product_cat","embeddable":true,"href":"https:\/\/amazingmarket.ee\/et\/wp-json\/wp\/v2\/product_cat?post=1861"},{"taxonomy":"product_tag","embeddable":true,"href":"https:\/\/amazingmarket.ee\/et\/wp-json\/wp\/v2\/product_tag?post=1861"}],"curies":[{"name":"wp","href":"https:\/\/api.w.org\/{rel}","templated":true}]}}