{"id":18555,"date":"2026-04-09T13:01:14","date_gmt":"2026-04-09T11:01:14","guid":{"rendered":"https:\/\/amazingmarket.ee\/?post_type=product&#038;p=18555"},"modified":"2026-04-09T13:01:14","modified_gmt":"2026-04-09T11:01:14","slug":"lacor-chef-19-4-l-stainless-steel-stock-pot","status":"publish","type":"product","link":"https:\/\/amazingmarket.ee\/et\/toode\/lacor-chef-19-4-l-stainless-steel-stock-pot\/","title":{"rendered":"Lacor Chef 19.4 L Stainless Steel Stock Pot"},"content":{"rendered":"<ul>\n<li data-section-id=\"1bckrad\" data-start=\"440\" data-end=\"531\"><strong data-start=\"442\" data-end=\"474\"><span style=\"font-size: 130%;\">DEMO<\/span>\n<p>Triple-layer (sandwich) base<\/strong>:<\/p>\n<ul data-start=\"478\" data-end=\"531\">\n<li data-section-id=\"bisird\" data-start=\"478\" data-end=\"531\">stainless steel + aluminum core + stainless steel<\/li>\n<\/ul>\n<\/li>\n<li data-section-id=\"fsv90b\" data-start=\"532\" data-end=\"570\">Ensures <strong data-start=\"542\" data-end=\"568\">even heat distribution<\/strong><\/li>\n<li data-section-id=\"1l3l1li\" data-start=\"571\" data-end=\"595\">Resistant to warping<\/li>\n<li data-section-id=\"1e30dvy\" data-start=\"596\" data-end=\"649\">Hygienic surface (does not absorb odors or flavors)<\/li>\n<\/ul>","protected":false},"excerpt":{"rendered":"<ul>\n<li data-section-id=\"7rzts1\" data-start=\"230\" data-end=\"259\">Capacity: <strong data-start=\"242\" data-end=\"257\">19.4 liters<\/strong><\/li>\n<li data-section-id=\"12ei9i7\" data-start=\"260\" data-end=\"283\">L\u00e4bim\u00f5\u00f5t: <strong data-start=\"272\" data-end=\"281\">40 cm<\/strong><\/li>\n<li data-section-id=\"1pswkye\" data-start=\"284\" data-end=\"315\">Height: approx. <strong data-start=\"302\" data-end=\"313\">15.5 cm<\/strong><\/li>\n<li data-section-id=\"1rieqn1\" data-start=\"316\" data-end=\"355\">Material: <strong data-start=\"328\" data-end=\"353\">18\/10 stainless steel<\/strong><\/li>\n<li data-section-id=\"7tf86w\" data-start=\"356\" data-end=\"373\">Color: silver<\/li>\n<li data-section-id=\"wmb12e\" data-start=\"374\" data-end=\"402\">Weight: approx. <strong data-start=\"392\" data-end=\"402\">6\u20137 kg<\/strong><\/li>\n<\/ul>","protected":false},"featured_media":18561,"comment_status":"open","ping_status":"closed","template":"","meta":{"_monsterinsights_skip_tracking":false,"_monsterinsights_sitenote_active":false,"_monsterinsights_sitenote_note":"","_monsterinsights_sitenote_category":0,"jetpack_publicize_message":"","jetpack_publicize_feature_enabled":true,"jetpack_social_post_already_shared":true,"jetpack_social_options":{"image_generator_settings":{"template":"highway","default_image_id":0,"font":"","enabled":false},"version":2}},"product_brand":[],"product_cat":[129],"product_tag":[],"class_list":{"0":"post-18555","1":"product","2":"type-product","3":"status-publish","4":"has-post-thumbnail","6":"product_cat-pots-plate-sets-pans","8":"first","9":"instock","10":"sale","11":"shipping-taxable","12":"purchasable","13":"product-type-simple"},"aioseo_notices":[],"jetpack_publicize_connections":[],"jetpack_sharing_enabled":true,"_links":{"self":[{"href":"https:\/\/amazingmarket.ee\/et\/wp-json\/wp\/v2\/product\/18555","targetHints":{"allow":["GET"]}}],"collection":[{"href":"https:\/\/amazingmarket.ee\/et\/wp-json\/wp\/v2\/product"}],"about":[{"href":"https:\/\/amazingmarket.ee\/et\/wp-json\/wp\/v2\/types\/product"}],"replies":[{"embeddable":true,"href":"https:\/\/amazingmarket.ee\/et\/wp-json\/wp\/v2\/comments?post=18555"}],"wp:featuredmedia":[{"embeddable":true,"href":"https:\/\/amazingmarket.ee\/et\/wp-json\/wp\/v2\/media\/18561"}],"wp:attachment":[{"href":"https:\/\/amazingmarket.ee\/et\/wp-json\/wp\/v2\/media?parent=18555"}],"wp:term":[{"taxonomy":"product_brand","embeddable":true,"href":"https:\/\/amazingmarket.ee\/et\/wp-json\/wp\/v2\/product_brand?post=18555"},{"taxonomy":"product_cat","embeddable":true,"href":"https:\/\/amazingmarket.ee\/et\/wp-json\/wp\/v2\/product_cat?post=18555"},{"taxonomy":"product_tag","embeddable":true,"href":"https:\/\/amazingmarket.ee\/et\/wp-json\/wp\/v2\/product_tag?post=18555"}],"curies":[{"name":"wp","href":"https:\/\/api.w.org\/{rel}","templated":true}]}}