{"id":18379,"date":"2026-04-09T10:14:18","date_gmt":"2026-04-09T08:14:18","guid":{"rendered":"https:\/\/amazingmarket.ee\/?post_type=product&#038;p=18379"},"modified":"2026-04-09T10:14:18","modified_gmt":"2026-04-09T08:14:18","slug":"siemens-et645hn17e","status":"publish","type":"product","link":"https:\/\/amazingmarket.ee\/et\/toode\/siemens-et645hn17e\/","title":{"rendered":"Siemens ET645HN17E"},"content":{"rendered":"<h1><strong>defects on two corners and on the frame<\/p>\n<p><\/strong><\/h1>\n<table class=\"a-normal a-spacing-micro\" role=\"list\">\n<tbody>\n<tr class=\"a-spacing-small po-brand\" role=\"listitem\">\n<td class=\"a-span3\" role=\"presentation\"><span class=\"a-size-base a-text-bold\">Kaubam\u00e4rk<\/span><\/td>\n<td class=\"a-span9\" role=\"presentation\"><span class=\"a-size-base po-break-word\">SIEMENS<\/span><\/td>\n<\/tr>\n<tr class=\"a-spacing-small po-number_of_heating_elements\" role=\"listitem\">\n<td class=\"a-span3\" role=\"presentation\"><span class=\"a-size-base a-text-bold\">Heating elements<\/span><\/td>\n<td class=\"a-span9\" role=\"presentation\"><span class=\"a-size-base po-break-word\">4<\/span><\/td>\n<\/tr>\n<tr class=\"a-spacing-small po-color\" role=\"listitem\">\n<td class=\"a-span3\" role=\"presentation\"><span class=\"a-size-base a-text-bold\">V\u00e4rv<\/span><\/td>\n<td class=\"a-span9\" role=\"presentation\"><span class=\"a-size-base po-break-word\">Flat Frame<\/span><\/td>\n<\/tr>\n<tr class=\"a-spacing-small po-power_source_type\" role=\"listitem\">\n<td class=\"a-span3\" role=\"presentation\"><span class=\"a-size-base a-text-bold\">Toiteallikas<\/span><\/td>\n<td class=\"a-span9\" role=\"presentation\"><span class=\"a-size-base po-break-word\">Juhtmega elekter<\/span><\/td>\n<\/tr>\n<tr class=\"a-spacing-small po-fuel_type\" role=\"listitem\">\n<td class=\"a-span3\" role=\"presentation\"><span class=\"a-size-base a-text-bold\">Fuel type<\/span><\/td>\n<td class=\"a-span9\" role=\"presentation\"><span class=\"a-size-base po-break-word\">Elektriline<\/span><\/td>\n<\/tr>\n<tr class=\"a-spacing-small po-special_feature\" role=\"listitem\">\n<td class=\"a-span3\" role=\"presentation\"><span class=\"a-size-base a-text-bold\">Eriomadus<\/span><\/td>\n<td class=\"a-span9\" role=\"presentation\"><span class=\"a-size-base\"><span class=\"a-truncate po-truncate-attribute\" data-a-word-break=\"normal\" data-a-truncate-name=\"po-attribute-truncate-5\" data-a-max-rows=\"3\" data-a-overflow-marker=\"&hellip;\" data-a-recalculate=\"false\" data-a-updated=\"true\"><span class=\"a-truncate-full a-offscreen\">Automatic Shut-Off, Automatic switch-off, Child lock, Flexible cooking zone design, Quick start, Residual heat overview, Roasting zone, Stop&#038;Go, Touch<\/span><span class=\"a-truncate-cut\" aria-hidden=\"true\">Automatic Shut-Off, Automatic switch-off, Child lock, Flexible cooking zone design, Quick start, Residual heat overview, Roasting zone, Stop&#038;Go,\u2026<\/span><\/span>\u00a0<\/span><span id=\"po-attribute-see-more-id-5\" class=\"a-declarative\" data-action=\"a-modal\" data-a-modal=\"{\"width\":\"800\",\"max-height\":\"400\",\"header\":\"special feature\",\"inlinecontent\":\"automatic shut-off, automatic switch-off, child lock, flexible cooking zone design, quick start, residual heat overview, roasting zone, stop&amp;go, touch\"}\"><a class=\"a-popover-trigger a-declarative\" role=\"button\">See more<i class=\"a-icon a-icon-popover\"><\/i><\/a><\/span><\/td>\n<\/tr>\n<tr class=\"a-spacing-small po-heater_surface.material\" role=\"listitem\">\n<td class=\"a-span3\" role=\"presentation\"><span class=\"a-size-base a-text-bold\">Heater surface material<\/span><\/td>\n<td class=\"a-span9\" role=\"presentation\"><span class=\"a-size-base po-break-word\">Klaaskeraamika<\/span><\/td>\n<\/tr>\n<tr class=\"a-spacing-small po-material\" role=\"listitem\">\n<td class=\"a-span3\" role=\"presentation\"><span class=\"a-size-base a-text-bold\">Materjal<\/span><\/td>\n<td class=\"a-span9\" role=\"presentation\"><span class=\"a-size-base po-break-word\">Klaaskeraamika<\/span><\/td>\n<\/tr>\n<tr class=\"a-spacing-small po-item_depth_width_height\" role=\"listitem\">\n<td class=\"a-span3\" role=\"presentation\"><span class=\"a-size-base a-text-bold\">Toote m\u00f5\u00f5dud<\/span><\/td>\n<td class=\"a-span9\" role=\"presentation\"><span class=\"a-size-base po-break-word\">51.3D x 58.3W x 4.8H centimetres<\/span><\/td>\n<\/tr>\n<tr class=\"a-spacing-small po-heating_element_type\" role=\"listitem\">\n<td class=\"a-span3\" role=\"presentation\"><span class=\"a-size-base a-text-bold\">P\u00f5leti t\u00fc\u00fcp<\/span><\/td>\n<td class=\"a-span9\" role=\"presentation\"><span class=\"a-size-base po-break-word\">Open<\/span><\/td>\n<\/tr>\n<\/tbody>\n<\/table>\n<h1><strong>\u00a0<\/strong><\/h1>","protected":false},"excerpt":{"rendered":"<h1 class=\"a-size-base-plus a-text-bold\">Selle \u00fcksuse kohta<\/h1>\n<ul class=\"a-unordered-list a-vertical a-spacing-mini\">\n<li class=\"a-spacing-mini\"><span class=\"a-list-item\">With touch control operation, a light finger touch activates and controls the cooking zones.<\/span><\/li>\n<li class=\"a-spacing-mini\"><span class=\"a-list-item\">Place also for large pans, pots and roasters thanks to 21 cm two-circle cooking zone and switchable roasting zone.<\/span><\/li>\n<li class=\"a-spacing-mini\"><span class=\"a-list-item\">With the child lock, all cooking zones are safely locked against unintentional switch-on.<\/span><\/li>\n<\/ul>","protected":false},"featured_media":18380,"comment_status":"open","ping_status":"closed","template":"","meta":{"_monsterinsights_skip_tracking":false,"_monsterinsights_sitenote_active":false,"_monsterinsights_sitenote_note":"","_monsterinsights_sitenote_category":0,"jetpack_publicize_message":"","jetpack_publicize_feature_enabled":true,"jetpack_social_post_already_shared":true,"jetpack_social_options":{"image_generator_settings":{"template":"highway","default_image_id":0,"font":"","enabled":false},"version":2}},"product_brand":[],"product_cat":[148],"product_tag":[],"class_list":{"0":"post-18379","1":"product","2":"type-product","3":"status-publish","4":"has-post-thumbnail","6":"product_cat-induction-electric-gas-hobs-and-stoves","8":"first","9":"instock","10":"sale","11":"shipping-taxable","12":"purchasable","13":"product-type-simple"},"aioseo_notices":[],"jetpack_publicize_connections":[],"jetpack_sharing_enabled":true,"_links":{"self":[{"href":"https:\/\/amazingmarket.ee\/et\/wp-json\/wp\/v2\/product\/18379","targetHints":{"allow":["GET"]}}],"collection":[{"href":"https:\/\/amazingmarket.ee\/et\/wp-json\/wp\/v2\/product"}],"about":[{"href":"https:\/\/amazingmarket.ee\/et\/wp-json\/wp\/v2\/types\/product"}],"replies":[{"embeddable":true,"href":"https:\/\/amazingmarket.ee\/et\/wp-json\/wp\/v2\/comments?post=18379"}],"wp:featuredmedia":[{"embeddable":true,"href":"https:\/\/amazingmarket.ee\/et\/wp-json\/wp\/v2\/media\/18380"}],"wp:attachment":[{"href":"https:\/\/amazingmarket.ee\/et\/wp-json\/wp\/v2\/media?parent=18379"}],"wp:term":[{"taxonomy":"product_brand","embeddable":true,"href":"https:\/\/amazingmarket.ee\/et\/wp-json\/wp\/v2\/product_brand?post=18379"},{"taxonomy":"product_cat","embeddable":true,"href":"https:\/\/amazingmarket.ee\/et\/wp-json\/wp\/v2\/product_cat?post=18379"},{"taxonomy":"product_tag","embeddable":true,"href":"https:\/\/amazingmarket.ee\/et\/wp-json\/wp\/v2\/product_tag?post=18379"}],"curies":[{"name":"wp","href":"https:\/\/api.w.org\/{rel}","templated":true}]}}