{"id":1829,"date":"2024-02-14T16:50:19","date_gmt":"2024-02-14T16:50:19","guid":{"rendered":"https:\/\/amazingmarket.ee\/?post_type=product&#038;p=1829"},"modified":"2026-03-14T11:15:30","modified_gmt":"2026-03-14T09:15:30","slug":"lagrange-fondue-349015","status":"publish","type":"product","link":"https:\/\/amazingmarket.ee\/et\/toode\/lagrange-fondue-349015\/","title":{"rendered":"LAGRANGE fond\u00fc\u00fc 349015"},"content":{"rendered":"<pre id=\"tw-target-text\" class=\"tw-data-text tw-text-large tw-ta\" dir=\"ltr\" data-placeholder=\"\u041f\u0435\u0440\u0435\u0432\u043e\u0434\" data-ved=\"2ahUKEwjGkaWay5WJAxXlLRAIHf8EDdwQ3ewLegQIBxAU\" aria-label=\"\u041f\u0435\u0440\u0435\u0432\u0435\u0434\u0435\u043d\u043d\u044b\u0439 \u0442\u0435\u043a\u0441\u0442: t\u00f6\u00f6korras, kaasas newno pistikud\"><span class=\"Y2IQFc\" lang=\"en\" style=\"font-size: 130%;\">t\u00f6\u00f6korras, uus, pistikuid pole kaasas<\/span><\/pre>\n<p>LAGRANGE Fondue 349015 on esmaklassiline fond\u00fc\u00fckomplekt, mis on loodud teie einestamiskogemuse t\u00e4iustamiseks maitsva sulatatud juustu, \u0161okolaadi v\u00f5i \u00f5lip\u00f5histe fond\u00fc\u00fcdega. Kvaliteetsetest materjalidest ja l\u00e4bim\u00f5eldud disainiga fond\u00fc\u00fckomplekt sobib ideaalselt koosviibimiste korraldamiseks v\u00f5i intiimsete \u00f5htus\u00f6\u00f6kide nautimiseks pere ja s\u00f5pradega.<\/p>\n<p>See fond\u00fc\u00fckomplekt sisaldab vastupidavat ja stiilset roostevabast terasest pott, mis tagab \u00fchtlase soojuse jaotumise ja h\u00f5lpsa puhastamise. Komplektis on vastupidav metallalus ja p\u00f5leti, mis v\u00f5imaldavad teil fond\u00fc\u00fcd ohutult laua taga soovitud temperatuurini kuumutada.<\/p>\n<p>LAGRANGE Fondue 349015 komplektis on kuus v\u00e4rvikoodiga fond\u00fc\u00fckahvlit, mis tagavad h\u00f5lpsa \u00e4ratundmise kasutamise ajal ja lisavad teie einestamiskogemusele l\u00f5busa n\u00fcansi. Igal kahvlil on kuumakindel k\u00e4epide ohutuks k\u00e4sitsemiseks ja kastmiseks.<\/p>\n<p>Oma mitmek\u00fclgse disainiga sobib see fond\u00fc\u00fckomplekt mitmesuguste fond\u00fc\u00fcretseptide valmistamiseks, alates klassikalisest \u0160veitsi juustufond\u00fc\u00fcst kuni dekadentlike \u0161okolaadifond\u00fc\u00fcdessertideni. Reguleeritav p\u00f5leti v\u00f5imaldab teil kuumust t\u00e4pselt reguleerida, tagades, et teie fond\u00fc\u00fc p\u00fcsib kogu s\u00f6\u00f6gikorra v\u00e4ltel soe ja pehme.<\/p>\n<p>LAGRANGE Fondue 349015 puhastamine on imelihtne t\u00e4nu n\u00f5udepesumasinas pestavatele komponentidele ja eemaldatavatele osadele. See teeb fond\u00fc\u00fckomplekti edaspidiseks kasutamiseks laitmatus seisukorras hoidmise lihtsaks.<\/p>\n<p>Olenemata sellest, kas korraldate \u00f5htus\u00f6\u00f6ki v\u00f5i naudite hubast \u00f5htut kodus, on LAGRANGE Fondue 349015 ideaalne t\u00e4iendus teie k\u00f6\u00f6giarsenalile, pakkudes teile ja teie k\u00fclalistele meeldivat ja interaktiivset einestamiskogemust.<\/p>","protected":false},"excerpt":{"rendered":"<ul>\n<li>Vastupidav roostevabast terasest pott \u00fchtlase soojuse jaotumise tagamiseks<\/li>\n<li>Tugev metallalus ja p\u00f5leti ohutuks kuumutamiseks<\/li>\n<li>Kuus v\u00e4rvikoodiga fond\u00fc\u00fckahvlit kuumakindlate k\u00e4epidemetega<\/li>\n<li>Mitmek\u00fclgne disain erinevate fond\u00fc\u00fc retseptide jaoks<\/li>\n<li>Reguleeritav p\u00f5leti t\u00e4pseks kuumuse reguleerimiseks<\/li>\n<li>Lihtne puhastada t\u00e4nu n\u00f5udepesumasinas pestavatele komponentidele<\/li>\n<li>Ideaalne meelelahutuslikeks v\u00f5i intiimseteks \u00f5htus\u00f6\u00f6kideks<\/li>\n<\/ul>","protected":false},"featured_media":1830,"comment_status":"open","ping_status":"closed","template":"","meta":{"_monsterinsights_skip_tracking":false,"_monsterinsights_sitenote_active":false,"_monsterinsights_sitenote_note":"","_monsterinsights_sitenote_category":0,"jetpack_publicize_message":"","jetpack_publicize_feature_enabled":true,"jetpack_social_post_already_shared":false,"jetpack_social_options":{"image_generator_settings":{"template":"highway","default_image_id":0,"font":"","enabled":false},"version":2}},"product_brand":[],"product_cat":[115],"product_tag":[],"class_list":{"0":"post-1829","1":"product","2":"type-product","3":"status-publish","4":"has-post-thumbnail","6":"product_cat-fondue-maker","8":"first","9":"instock","10":"sale","11":"shipping-taxable","12":"purchasable","13":"product-type-simple"},"aioseo_notices":[],"jetpack_publicize_connections":[],"jetpack_sharing_enabled":true,"_links":{"self":[{"href":"https:\/\/amazingmarket.ee\/et\/wp-json\/wp\/v2\/product\/1829","targetHints":{"allow":["GET"]}}],"collection":[{"href":"https:\/\/amazingmarket.ee\/et\/wp-json\/wp\/v2\/product"}],"about":[{"href":"https:\/\/amazingmarket.ee\/et\/wp-json\/wp\/v2\/types\/product"}],"replies":[{"embeddable":true,"href":"https:\/\/amazingmarket.ee\/et\/wp-json\/wp\/v2\/comments?post=1829"}],"wp:featuredmedia":[{"embeddable":true,"href":"https:\/\/amazingmarket.ee\/et\/wp-json\/wp\/v2\/media\/1830"}],"wp:attachment":[{"href":"https:\/\/amazingmarket.ee\/et\/wp-json\/wp\/v2\/media?parent=1829"}],"wp:term":[{"taxonomy":"product_brand","embeddable":true,"href":"https:\/\/amazingmarket.ee\/et\/wp-json\/wp\/v2\/product_brand?post=1829"},{"taxonomy":"product_cat","embeddable":true,"href":"https:\/\/amazingmarket.ee\/et\/wp-json\/wp\/v2\/product_cat?post=1829"},{"taxonomy":"product_tag","embeddable":true,"href":"https:\/\/amazingmarket.ee\/et\/wp-json\/wp\/v2\/product_tag?post=1829"}],"curies":[{"name":"wp","href":"https:\/\/api.w.org\/{rel}","templated":true}]}}